{"id":1217,"date":"2024-04-25T05:51:48","date_gmt":"2024-04-25T05:51:48","guid":{"rendered":"https:\/\/skillcollage.co.ke\/avta\/?page_id=1217"},"modified":"2024-04-25T06:09:53","modified_gmt":"2024-04-25T06:09:53","slug":"advocacy-lobbying","status":"publish","type":"page","link":"https:\/\/avta-africa.org\/es\/advocacy-lobbying\/","title":{"rendered":"Promoci\u00f3n y cabildeo"},"content":{"rendered":"<div data-elementor-type=\"wp-page\" data-elementor-id=\"1217\" class=\"elementor elementor-1217\" data-elementor-post-type=\"page\">\n\t\t\t\t<div class=\"elementor-element elementor-element-509d8344 e-flex e-con-boxed e-con e-parent\" data-id=\"509d8344\" data-element_type=\"container\" data-settings=\"{&quot;background_background&quot;:&quot;classic&quot;,&quot;jet_parallax_layout_list&quot;:[]}\">\n\t\t\t\t\t<div class=\"e-con-inner\">\n\t\t\t\t\t<\/div>\n\t\t\t\t<\/div>\n\t\t<div class=\"elementor-element elementor-element-1cf4c864 e-flex e-con-boxed e-con e-parent\" data-id=\"1cf4c864\" data-element_type=\"container\" data-settings=\"{&quot;jet_parallax_layout_list&quot;:[]}\">\n\t\t\t\t\t<div class=\"e-con-inner\">\n\t\t<div class=\"elementor-element elementor-element-10af7b1a e-flex e-con-boxed e-con e-child\" data-id=\"10af7b1a\" data-element_type=\"container\" data-settings=\"{&quot;jet_parallax_layout_list&quot;:[]}\">\n\t\t\t\t\t<div class=\"e-con-inner\">\n\t\t\t\t<div class=\"elementor-element elementor-element-31a4cb47 elementor-widget elementor-widget-heading\" data-id=\"31a4cb47\" data-element_type=\"widget\" data-widget_type=\"heading.default\">\n\t\t\t\t<div class=\"elementor-widget-container\">\n\t\t\t<style>\/*! elementor - v3.21.0 - 24-04-2024 *\/\n.elementor-heading-title{padding:0;margin:0;line-height:1}.elementor-widget-heading .elementor-heading-title[class*=elementor-size-]>a{color:inherit;font-size:inherit;line-height:inherit}.elementor-widget-heading .elementor-heading-title.elementor-size-small{font-size:15px}.elementor-widget-heading .elementor-heading-title.elementor-size-medium{font-size:19px}.elementor-widget-heading .elementor-heading-title.elementor-size-large{font-size:29px}.elementor-widget-heading .elementor-heading-title.elementor-size-xl{font-size:39px}.elementor-widget-heading .elementor-heading-title.elementor-size-xxl{font-size:59px}<\/style><h2 class=\"elementor-heading-title elementor-size-default\">Promoci\u00f3n y participaci\u00f3n gubernamental<\/h2>\t\t<\/div>\n\t\t\t\t<\/div>\n\t\t\t\t<div class=\"elementor-element elementor-element-13e0686 elementor-widget-divider--view-line elementor-widget elementor-widget-divider\" data-id=\"13e0686\" data-element_type=\"widget\" data-widget_type=\"divider.default\">\n\t\t\t\t<div class=\"elementor-widget-container\">\n\t\t\t<style>\/*! elementor - v3.21.0 - 24-04-2024 *\/\n.elementor-widget-divider{--divider-border-style:none;--divider-border-width:1px;--divider-color:#0c0d0e;--divider-icon-size:20px;--divider-element-spacing:10px;--divider-pattern-height:24px;--divider-pattern-size:20px;--divider-pattern-url:none;--divider-pattern-repeat:repeat-x}.elementor-widget-divider .elementor-divider{display:flex}.elementor-widget-divider .elementor-divider__text{font-size:15px;line-height:1;max-width:95%}.elementor-widget-divider .elementor-divider__element{margin:0 var(--divider-element-spacing);flex-shrink:0}.elementor-widget-divider .elementor-icon{font-size:var(--divider-icon-size)}.elementor-widget-divider .elementor-divider-separator{display:flex;margin:0;direction:ltr}.elementor-widget-divider--view-line_icon .elementor-divider-separator,.elementor-widget-divider--view-line_text .elementor-divider-separator{align-items:center}.elementor-widget-divider--view-line_icon .elementor-divider-separator:after,.elementor-widget-divider--view-line_icon .elementor-divider-separator:before,.elementor-widget-divider--view-line_text .elementor-divider-separator:after,.elementor-widget-divider--view-line_text .elementor-divider-separator:before{display:block;content:\"\";border-block-end:0;flex-grow:1;border-block-start:var(--divider-border-width) var(--divider-border-style) var(--divider-color)}.elementor-widget-divider--element-align-left .elementor-divider .elementor-divider-separator>.elementor-divider__svg:first-of-type{flex-grow:0;flex-shrink:100}.elementor-widget-divider--element-align-left .elementor-divider-separator:before{content:none}.elementor-widget-divider--element-align-left .elementor-divider__element{margin-left:0}.elementor-widget-divider--element-align-right .elementor-divider .elementor-divider-separator>.elementor-divider__svg:last-of-type{flex-grow:0;flex-shrink:100}.elementor-widget-divider--element-align-right .elementor-divider-separator:after{content:none}.elementor-widget-divider--element-align-right .elementor-divider__element{margin-right:0}.elementor-widget-divider--element-align-start .elementor-divider .elementor-divider-separator>.elementor-divider__svg:first-of-type{flex-grow:0;flex-shrink:100}.elementor-widget-divider--element-align-start .elementor-divider-separator:before{content:none}.elementor-widget-divider--element-align-start .elementor-divider__element{margin-inline-start:0}.elementor-widget-divider--element-align-end .elementor-divider .elementor-divider-separator>.elementor-divider__svg:last-of-type{flex-grow:0;flex-shrink:100}.elementor-widget-divider--element-align-end .elementor-divider-separator:after{content:none}.elementor-widget-divider--element-align-end .elementor-divider__element{margin-inline-end:0}.elementor-widget-divider:not(.elementor-widget-divider--view-line_text):not(.elementor-widget-divider--view-line_icon) .elementor-divider-separator{border-block-start:var(--divider-border-width) var(--divider-border-style) var(--divider-color)}.elementor-widget-divider--separator-type-pattern{--divider-border-style:none}.elementor-widget-divider--separator-type-pattern.elementor-widget-divider--view-line .elementor-divider-separator,.elementor-widget-divider--separator-type-pattern:not(.elementor-widget-divider--view-line) .elementor-divider-separator:after,.elementor-widget-divider--separator-type-pattern:not(.elementor-widget-divider--view-line) .elementor-divider-separator:before,.elementor-widget-divider--separator-type-pattern:not([class*=elementor-widget-divider--view]) .elementor-divider-separator{width:100%;min-height:var(--divider-pattern-height);-webkit-mask-size:var(--divider-pattern-size) 100%;mask-size:var(--divider-pattern-size) 100%;-webkit-mask-repeat:var(--divider-pattern-repeat);mask-repeat:var(--divider-pattern-repeat);background-color:var(--divider-color);-webkit-mask-image:var(--divider-pattern-url);mask-image:var(--divider-pattern-url)}.elementor-widget-divider--no-spacing{--divider-pattern-size:auto}.elementor-widget-divider--bg-round{--divider-pattern-repeat:round}.rtl .elementor-widget-divider .elementor-divider__text{direction:rtl}.e-con-inner>.elementor-widget-divider,.e-con>.elementor-widget-divider{width:var(--container-widget-width,100%);--flex-grow:var(--container-widget-flex-grow)}<\/style>\t\t<div class=\"elementor-divider\">\n\t\t\t<span class=\"elementor-divider-separator\">\n\t\t\t\t\t\t<\/span>\n\t\t<\/div>\n\t\t\t\t<\/div>\n\t\t\t\t<\/div>\n\t\t\t\t<div class=\"elementor-element elementor-element-78d2e109 elementor-widget elementor-widget-text-editor\" data-id=\"78d2e109\" data-element_type=\"widget\" data-widget_type=\"text-editor.default\">\n\t\t\t\t<div class=\"elementor-widget-container\">\n\t\t\t<style>\/*! elementor - v3.21.0 - 24-04-2024 *\/\n.elementor-widget-text-editor.elementor-drop-cap-view-stacked .elementor-drop-cap{background-color:#69727d;color:#fff}.elementor-widget-text-editor.elementor-drop-cap-view-framed .elementor-drop-cap{color:#69727d;border:3px solid;background-color:transparent}.elementor-widget-text-editor:not(.elementor-drop-cap-view-default) .elementor-drop-cap{margin-top:8px}.elementor-widget-text-editor:not(.elementor-drop-cap-view-default) .elementor-drop-cap-letter{width:1em;height:1em}.elementor-widget-text-editor .elementor-drop-cap{float:left;text-align:center;line-height:1;font-size:50px}.elementor-widget-text-editor .elementor-drop-cap-letter{display:inline-block}<\/style>\t\t\t\t<p>La Asociaci\u00f3n Africana de T\u00e9cnicos Veterinarios (AVTA) est\u00e1 profundamente involucrada en iniciativas de promoci\u00f3n t\u00e9cnica y participaci\u00f3n gubernamental destinadas a promover la profesi\u00f3n de t\u00e9cnico veterinario en toda \u00c1frica. Nuestro marco de promoci\u00f3n t\u00e9cnica abarca los siguientes objetivos centrales:<\/p><p><strong>Promoci\u00f3n de pol\u00edticas<\/strong>: AVTA colabora activamente con los responsables de la formulaci\u00f3n de pol\u00edticas para influir en la formulaci\u00f3n e implementaci\u00f3n de pol\u00edticas que impactan directamente a los t\u00e9cnicos veterinarios. Esto incluye abogar por el establecimiento de marcos regulatorios claros que respeten los est\u00e1ndares profesionales, los requisitos de licencia y el alcance de la pr\u00e1ctica de los t\u00e9cnicos veterinarios.<\/p><p><strong>Adquisici\u00f3n de apoyo gubernamental<\/strong>: Buscamos estrat\u00e9gicamente el apoyo gubernamental para reforzar los recursos disponibles para los t\u00e9cnicos veterinarios. Esto implica abogar por asignaciones de fondos para programas de educaci\u00f3n y capacitaci\u00f3n continua, equipar las instalaciones veterinarias con tecnolog\u00eda de punta y facilitar el acceso a suministros y medicamentos esenciales.<\/p><p><strong>Reconocimiento e inversi\u00f3n gubernamental<\/strong>: AVTA aboga por el reconocimiento oficial de los t\u00e9cnicos veterinarios como miembros integrales del personal de atenci\u00f3n sanitaria veterinaria. Este reconocimiento sirve como catalizador para una mayor inversi\u00f3n en la profesi\u00f3n, lo que conduce a mejores perspectivas profesionales, mejores condiciones laborales y mayores oportunidades de investigaci\u00f3n.<\/p><p><strong>Asociaciones y colaboraciones<\/strong>: Forjamos asociaciones estrat\u00e9gicas con agencias gubernamentales, instituciones acad\u00e9micas, partes interesadas de la industria y organizaciones internacionales para amplificar nuestros esfuerzos de promoci\u00f3n. Las iniciativas de colaboraci\u00f3n nos permiten aprovechar diversos conocimientos y recursos para lograr objetivos comunes, como promover la educaci\u00f3n de t\u00e9cnicos veterinarios, fortalecer los sistemas de vigilancia de enfermedades y promover los principios de Una Salud.<\/p><p>A trav\u00e9s de nuestros esfuerzos de promoci\u00f3n t\u00e9cnica, AVTA tiene como objetivo crear un entorno propicio donde los t\u00e9cnicos veterinarios puedan prosperar, contribuir de manera efectiva al manejo de la salud animal y las estrategias de control de enfermedades y, en \u00faltima instancia, elevar el nivel de la atenci\u00f3n veterinaria en toda \u00c1frica.<\/p>\t\t\t\t\t\t<\/div>\n\t\t\t\t<\/div>\n\t\t\t\t\t<\/div>\n\t\t\t\t<\/div>\n\t\t\t\t\t<\/div>\n\t\t\t\t<\/div>\n\t\t<div class=\"elementor-element elementor-element-a06f017 e-flex e-con-boxed e-con e-parent\" data-id=\"a06f017\" data-element_type=\"container\" data-settings=\"{&quot;jet_parallax_layout_list&quot;:[]}\">\n\t\t\t\t\t<div class=\"e-con-inner\">\n\t\t<div class=\"elementor-element elementor-element-ac8791b e-flex e-con-boxed e-con e-child\" data-id=\"ac8791b\" data-element_type=\"container\" data-settings=\"{&quot;jet_parallax_layout_list&quot;:[]}\">\n\t\t\t\t\t<div class=\"e-con-inner\">\n\t\t\t\t<div class=\"elementor-element elementor-element-2f5a724 elementor-widget elementor-widget-heading\" data-id=\"2f5a724\" data-element_type=\"widget\" data-widget_type=\"heading.default\">\n\t\t\t\t<div class=\"elementor-widget-container\">\n\t\t\t<h2 class=\"elementor-heading-title elementor-size-default\">Cabildeo<\/h2>\t\t<\/div>\n\t\t\t\t<\/div>\n\t\t\t\t<div class=\"elementor-element elementor-element-19f2093 elementor-widget-divider--view-line elementor-widget elementor-widget-divider\" data-id=\"19f2093\" data-element_type=\"widget\" data-widget_type=\"divider.default\">\n\t\t\t\t<div class=\"elementor-widget-container\">\n\t\t\t\t\t<div class=\"elementor-divider\">\n\t\t\t<span class=\"elementor-divider-separator\">\n\t\t\t\t\t\t<\/span>\n\t\t<\/div>\n\t\t\t\t<\/div>\n\t\t\t\t<\/div>\n\t\t\t\t<div class=\"elementor-element elementor-element-629fe6a elementor-widget elementor-widget-text-editor\" data-id=\"629fe6a\" data-element_type=\"widget\" data-widget_type=\"text-editor.default\">\n\t\t\t\t<div class=\"elementor-widget-container\">\n\t\t\t\t\t\t\t<p>El lobby juega un papel crucial en la estrategia de promoci\u00f3n y participaci\u00f3n gubernamental de AVTA. Participamos activamente en esfuerzos de cabildeo para influir en las decisiones y pol\u00edticas legislativas que impactan la profesi\u00f3n de t\u00e9cnico veterinario. Esto incluye reunirse con legisladores, funcionarios gubernamentales y partes interesadas clave para brindar conocimientos de expertos, argumentos basados en datos y ejemplos del mundo real que demuestren la importancia de apoyar a los t\u00e9cnicos veterinarios. Nuestros esfuerzos de cabildeo se centran en abogar por cambios legislativos que se alineen con las mejores pr\u00e1cticas en atenci\u00f3n veterinaria, promuevan oportunidades de desarrollo profesional para los t\u00e9cnicos veterinarios y mejoren la calidad general de los servicios de atenci\u00f3n de salud animal. Al participar en actividades estrat\u00e9gicas de lobby, AVTA amplifica la voz de los t\u00e9cnicos veterinarios y garantiza que sus perspectivas sean consideradas en los procesos de toma de decisiones que dan forma al futuro de la profesi\u00f3n.<\/p>\t\t\t\t\t\t<\/div>\n\t\t\t\t<\/div>\n\t\t\t\t\t<\/div>\n\t\t\t\t<\/div>\n\t\t\t\t\t<\/div>\n\t\t\t\t<\/div>\n\t\t\t\t<\/div>","protected":false},"excerpt":{"rendered":"<p>Advocacy &#038; Government Engagement The Africa Veterinary Technician Association (AVTA) is deeply involved in technical advocacy and government engagement initiatives aimed at advancing the veterinary technician profession across Africa. Our technical advocacy framework encompasses the following core objectives: Policy Advocacy: AVTA actively engages with policymakers to influence the formulation and implementation of policies that directly [&hellip;]<\/p>","protected":false},"author":1,"featured_media":0,"parent":0,"menu_order":0,"comment_status":"closed","ping_status":"closed","template":"","meta":{"footnotes":""},"_links":{"self":[{"href":"https:\/\/avta-africa.org\/es\/wp-json\/wp\/v2\/pages\/1217"}],"collection":[{"href":"https:\/\/avta-africa.org\/es\/wp-json\/wp\/v2\/pages"}],"about":[{"href":"https:\/\/avta-africa.org\/es\/wp-json\/wp\/v2\/types\/page"}],"author":[{"embeddable":true,"href":"https:\/\/avta-africa.org\/es\/wp-json\/wp\/v2\/users\/1"}],"replies":[{"embeddable":true,"href":"https:\/\/avta-africa.org\/es\/wp-json\/wp\/v2\/comments?post=1217"}],"version-history":[{"count":13,"href":"https:\/\/avta-africa.org\/es\/wp-json\/wp\/v2\/pages\/1217\/revisions"}],"predecessor-version":[{"id":1232,"href":"https:\/\/avta-africa.org\/es\/wp-json\/wp\/v2\/pages\/1217\/revisions\/1232"}],"wp:attachment":[{"href":"https:\/\/avta-africa.org\/es\/wp-json\/wp\/v2\/media?parent=1217"}],"curies":[{"name":"wp","href":"https:\/\/api.w.org\/{rel}","templated":true}]}}