{"id":296,"date":"2024-03-12T05:03:55","date_gmt":"2024-03-12T05:03:55","guid":{"rendered":"https:\/\/skillcollage.co.ke\/avta\/?page_id=296"},"modified":"2024-03-19T16:38:33","modified_gmt":"2024-03-19T16:38:33","slug":"about","status":"publish","type":"page","link":"https:\/\/avta-africa.org\/es\/about\/","title":{"rendered":"Acerca de"},"content":{"rendered":"<div data-elementor-type=\"wp-page\" data-elementor-id=\"296\" class=\"elementor elementor-296\" data-elementor-post-type=\"page\">\n\t\t\t\t<div class=\"elementor-element elementor-element-149e683 e-flex e-con-boxed e-con e-parent\" data-id=\"149e683\" data-element_type=\"container\" data-settings=\"{&quot;background_background&quot;:&quot;classic&quot;,&quot;jet_parallax_layout_list&quot;:[]}\">\n\t\t\t\t\t<div class=\"e-con-inner\">\n\t\t\t\t<div class=\"elementor-element elementor-element-a8a6058 elementor-widget elementor-widget-heading\" data-id=\"a8a6058\" data-element_type=\"widget\" data-widget_type=\"heading.default\">\n\t\t\t\t<div class=\"elementor-widget-container\">\n\t\t\t<style>\/*! elementor - v3.21.0 - 24-04-2024 *\/\n.elementor-heading-title{padding:0;margin:0;line-height:1}.elementor-widget-heading .elementor-heading-title[class*=elementor-size-]>a{color:inherit;font-size:inherit;line-height:inherit}.elementor-widget-heading .elementor-heading-title.elementor-size-small{font-size:15px}.elementor-widget-heading .elementor-heading-title.elementor-size-medium{font-size:19px}.elementor-widget-heading .elementor-heading-title.elementor-size-large{font-size:29px}.elementor-widget-heading .elementor-heading-title.elementor-size-xl{font-size:39px}.elementor-widget-heading .elementor-heading-title.elementor-size-xxl{font-size:59px}<\/style><h2 class=\"elementor-heading-title elementor-size-default\">Quienes somos<\/h2>\t\t<\/div>\n\t\t\t\t<\/div>\n\t\t\t\t\t<\/div>\n\t\t\t\t<\/div>\n\t\t<div class=\"elementor-element elementor-element-f560aed e-flex e-con-boxed e-con e-parent\" data-id=\"f560aed\" data-element_type=\"container\" data-settings=\"{&quot;jet_parallax_layout_list&quot;:[]}\">\n\t\t\t\t\t<div class=\"e-con-inner\">\n\t\t<div class=\"elementor-element elementor-element-8548e42 e-con-full e-flex e-con e-child\" data-id=\"8548e42\" data-element_type=\"container\" data-settings=\"{&quot;jet_parallax_layout_list&quot;:[]}\">\n\t\t\t\t<div class=\"elementor-element elementor-element-db0434e elementor-widget elementor-widget-heading\" data-id=\"db0434e\" data-element_type=\"widget\" data-widget_type=\"heading.default\">\n\t\t\t\t<div class=\"elementor-widget-container\">\n\t\t\t<h2 class=\"elementor-heading-title elementor-size-default\">Acerca de<\/h2>\t\t<\/div>\n\t\t\t\t<\/div>\n\t\t\t\t<\/div>\n\t\t<div class=\"elementor-element elementor-element-c81c7d7 e-flex e-con-boxed e-con e-child\" data-id=\"c81c7d7\" data-element_type=\"container\" data-settings=\"{&quot;jet_parallax_layout_list&quot;:[]}\">\n\t\t\t\t\t<div class=\"e-con-inner\">\n\t\t\t\t<div class=\"elementor-element elementor-element-9f25977 elementor-widget elementor-widget-text-editor\" data-id=\"9f25977\" data-element_type=\"widget\" data-widget_type=\"text-editor.default\">\n\t\t\t\t<div class=\"elementor-widget-container\">\n\t\t\t<style>\/*! elementor - v3.21.0 - 24-04-2024 *\/\n.elementor-widget-text-editor.elementor-drop-cap-view-stacked .elementor-drop-cap{background-color:#69727d;color:#fff}.elementor-widget-text-editor.elementor-drop-cap-view-framed .elementor-drop-cap{color:#69727d;border:3px solid;background-color:transparent}.elementor-widget-text-editor:not(.elementor-drop-cap-view-default) .elementor-drop-cap{margin-top:8px}.elementor-widget-text-editor:not(.elementor-drop-cap-view-default) .elementor-drop-cap-letter{width:1em;height:1em}.elementor-widget-text-editor .elementor-drop-cap{float:left;text-align:center;line-height:1;font-size:50px}.elementor-widget-text-editor .elementor-drop-cap-letter{display:inline-block}<\/style>\t\t\t\t<p>La Asociaci\u00f3n de T\u00e9cnicos Veterinarios de \u00c1frica <strong>(AVTA)<\/strong> es una asociaci\u00f3n principal que re\u00fane a t\u00e9cnicos veterinarios de diferentes pa\u00edses de \u00c1frica como su portavoz reconocido y apoya a los proveedores de servicios de salud animal para mejorar la salud animal en el continente.<\/p><p>La visi\u00f3n de la asociaci\u00f3n es ser una fuerza detr\u00e1s del desarrollo de pr\u00e1cticas de paraprofesionales veterinarios para mejorar la prestaci\u00f3n de servicios de la industria de recursos animales y los medios de vida de las comunidades en \u00c1frica, mientras que la misi\u00f3n es promover pr\u00e1cticas de paraprofesionales veterinarios para mejorar la prestaci\u00f3n de servicios de la industria de recursos animales a trav\u00e9s de la capacitaci\u00f3n y el profesionalismo. , promoci\u00f3n y sensibilizaci\u00f3n p\u00fablica La naturaleza y nomenclatura de las ocupaciones var\u00eda de un pa\u00eds a otro; sin embargo, seg\u00fan el glosario del C\u00f3digo Terrestre de la WOAH, paraprofesional de veterinaria \u201csignifica una persona que, a los efectos del C\u00f3digo Terrestre, est\u00e1 autorizada por el organismo veterinario estatutario para llevar a cabo llevar a cabo ciertas tareas designadas (que dependen de la categor\u00eda de paraprofesional de veterinaria) en un territorio, y delegarse en ellas bajo la responsabilidad y direcci\u00f3n de un veterinario.<\/p><p>Las tareas de cada categor\u00eda de paraprofesional de veterinaria deben ser definidas por el organismo veterinario estatutario en funci\u00f3n de las calificaciones y la formaci\u00f3n, y seg\u00fan las necesidades\u201d. Incluyen tecn\u00f3logos en salud animal, tecn\u00f3logos en animales de laboratorio, herradores de caballos, t\u00e9cnicos dentales equinos, inspectores de carne, funcionarios de producci\u00f3n animal, cient\u00edficos animales, funcionarios ganaderos, vacunadores, funcionarios de extensi\u00f3n, enfermeras de salud animal, inseminadores artificiales, t\u00e9cnicos de laboratorio veterinario, todos los cuales puede o no estar registrado por el consejo veterinario nacional o las juntas veterinarias.<\/p><p>Basado en estad\u00edsticas de poblaci\u00f3n ganadera en comparaci\u00f3n con el n\u00famero de profesionales de salud animal, en el contexto de enfermedades emergentes y la necesidad de una prestaci\u00f3n de servicios m\u00e1s eficiente, se subraya la necesidad de PPV y se proponen \u00e1reas cr\u00edticas de intervenci\u00f3n para mejorar la calidad del servicio veterinario a los peque\u00f1os. y productores ganaderos emergentes de mediana escala en \u00c1frica. Esta pasant\u00eda contribuir\u00e1 a la realizaci\u00f3n del objetivo de desarrollo sostenible de aliviar el hambre y la pobreza extrema.<\/p>\t\t\t\t\t\t<\/div>\n\t\t\t\t<\/div>\n\t\t\t\t\t<\/div>\n\t\t\t\t<\/div>\n\t\t\t\t\t<\/div>\n\t\t\t\t<\/div>\n\t\t\t\t<\/div>","protected":false},"excerpt":{"rendered":"<p>Who We Are About The Africa Veterinary Technicians Association (AVTA) is an apex association that brings together veterinary technicians from different countries of Africa as their recognized spokesperson and serve in support animal health service providers to improve animal health in the continent. The vision of the association is to be a force behind the [&hellip;]<\/p>","protected":false},"author":1,"featured_media":0,"parent":0,"menu_order":0,"comment_status":"closed","ping_status":"closed","template":"","meta":{"footnotes":""},"_links":{"self":[{"href":"https:\/\/avta-africa.org\/es\/wp-json\/wp\/v2\/pages\/296"}],"collection":[{"href":"https:\/\/avta-africa.org\/es\/wp-json\/wp\/v2\/pages"}],"about":[{"href":"https:\/\/avta-africa.org\/es\/wp-json\/wp\/v2\/types\/page"}],"author":[{"embeddable":true,"href":"https:\/\/avta-africa.org\/es\/wp-json\/wp\/v2\/users\/1"}],"replies":[{"embeddable":true,"href":"https:\/\/avta-africa.org\/es\/wp-json\/wp\/v2\/comments?post=296"}],"version-history":[{"count":73,"href":"https:\/\/avta-africa.org\/es\/wp-json\/wp\/v2\/pages\/296\/revisions"}],"predecessor-version":[{"id":991,"href":"https:\/\/avta-africa.org\/es\/wp-json\/wp\/v2\/pages\/296\/revisions\/991"}],"wp:attachment":[{"href":"https:\/\/avta-africa.org\/es\/wp-json\/wp\/v2\/media?parent=296"}],"curies":[{"name":"wp","href":"https:\/\/api.w.org\/{rel}","templated":true}]}}