{"id":369,"date":"2024-03-12T05:57:47","date_gmt":"2024-03-12T05:57:47","guid":{"rendered":"https:\/\/skillcollage.co.ke\/avta\/?page_id=369"},"modified":"2024-03-19T16:37:41","modified_gmt":"2024-03-19T16:37:41","slug":"history","status":"publish","type":"page","link":"https:\/\/avta-africa.org\/es\/history\/","title":{"rendered":"Historia"},"content":{"rendered":"<div data-elementor-type=\"wp-page\" data-elementor-id=\"369\" class=\"elementor elementor-369\" data-elementor-post-type=\"page\">\n\t\t\t\t<div class=\"elementor-element elementor-element-33256c12 e-flex e-con-boxed e-con e-parent\" data-id=\"33256c12\" data-element_type=\"container\" data-settings=\"{&quot;background_background&quot;:&quot;classic&quot;,&quot;jet_parallax_layout_list&quot;:[]}\">\n\t\t\t\t\t<div class=\"e-con-inner\">\n\t\t\t\t<div class=\"elementor-element elementor-element-373d5b8e elementor-widget elementor-widget-heading\" data-id=\"373d5b8e\" data-element_type=\"widget\" data-widget_type=\"heading.default\">\n\t\t\t\t<div class=\"elementor-widget-container\">\n\t\t\t<style>\/*! elementor - v3.21.0 - 24-04-2024 *\/\n.elementor-heading-title{padding:0;margin:0;line-height:1}.elementor-widget-heading .elementor-heading-title[class*=elementor-size-]>a{color:inherit;font-size:inherit;line-height:inherit}.elementor-widget-heading .elementor-heading-title.elementor-size-small{font-size:15px}.elementor-widget-heading .elementor-heading-title.elementor-size-medium{font-size:19px}.elementor-widget-heading .elementor-heading-title.elementor-size-large{font-size:29px}.elementor-widget-heading .elementor-heading-title.elementor-size-xl{font-size:39px}.elementor-widget-heading .elementor-heading-title.elementor-size-xxl{font-size:59px}<\/style><h2 class=\"elementor-heading-title elementor-size-default\">Quienes somos<\/h2>\t\t<\/div>\n\t\t\t\t<\/div>\n\t\t\t\t\t<\/div>\n\t\t\t\t<\/div>\n\t\t<div class=\"elementor-element elementor-element-768185d7 e-flex e-con-boxed e-con e-parent\" data-id=\"768185d7\" data-element_type=\"container\" data-settings=\"{&quot;jet_parallax_layout_list&quot;:[]}\">\n\t\t\t\t\t<div class=\"e-con-inner\">\n\t\t<div class=\"elementor-element elementor-element-654affe3 e-con-full e-flex e-con e-child\" data-id=\"654affe3\" data-element_type=\"container\" data-settings=\"{&quot;jet_parallax_layout_list&quot;:[]}\">\n\t\t\t\t<div class=\"elementor-element elementor-element-4b3fc645 elementor-widget elementor-widget-heading\" data-id=\"4b3fc645\" data-element_type=\"widget\" data-widget_type=\"heading.default\">\n\t\t\t\t<div class=\"elementor-widget-container\">\n\t\t\t<h2 class=\"elementor-heading-title elementor-size-default\">Historia<\/h2>\t\t<\/div>\n\t\t\t\t<\/div>\n\t\t\t\t<\/div>\n\t\t<div class=\"elementor-element elementor-element-1574dccf e-flex e-con-boxed e-con e-child\" data-id=\"1574dccf\" data-element_type=\"container\" data-settings=\"{&quot;jet_parallax_layout_list&quot;:[]}\">\n\t\t\t\t\t<div class=\"e-con-inner\">\n\t\t\t\t<div class=\"elementor-element elementor-element-8dc53b2 elementor-widget elementor-widget-text-editor\" data-id=\"8dc53b2\" data-element_type=\"widget\" data-widget_type=\"text-editor.default\">\n\t\t\t\t<div class=\"elementor-widget-container\">\n\t\t\t<style>\/*! elementor - v3.21.0 - 24-04-2024 *\/\n.elementor-widget-text-editor.elementor-drop-cap-view-stacked .elementor-drop-cap{background-color:#69727d;color:#fff}.elementor-widget-text-editor.elementor-drop-cap-view-framed .elementor-drop-cap{color:#69727d;border:3px solid;background-color:transparent}.elementor-widget-text-editor:not(.elementor-drop-cap-view-default) .elementor-drop-cap{margin-top:8px}.elementor-widget-text-editor:not(.elementor-drop-cap-view-default) .elementor-drop-cap-letter{width:1em;height:1em}.elementor-widget-text-editor .elementor-drop-cap{float:left;text-align:center;line-height:1;font-size:50px}.elementor-widget-text-editor .elementor-drop-cap-letter{display:inline-block}<\/style>\t\t\t\t<p>Consciente de la necesidad de promover y mejorar la industria de recursos animales mediante la prestaci\u00f3n de servicios veterinarios paraprofesionales y servicios afines y de la necesidad de establecer v\u00ednculos y empoderar a las asociaciones africanas de t\u00e9cnicos veterinarios; Considerando la necesidad de proporcionar liderazgo en las \u00e1reas relevantes relacionadas con los Servicios Paraprofesionales Veterinarios como parte de los esfuerzos de integraci\u00f3n regional, la idea de AVTA naci\u00f3 en 2013, luego de la reuni\u00f3n del Grupo contra la Rabia de \u00c1frica Meridional y Oriental (SEARG) en Tanzania, donde los participantes identificaron el papel de los PPV como fundamentales para el control de las enfermedades animales y en una reuni\u00f3n de 2015 en Pretoria, Sud\u00e1frica, resolvi\u00f3 formar una asociaci\u00f3n donde se realiz\u00f3 la primera elecci\u00f3n. La asociaci\u00f3n tiene un presidente y dos vicepresidentes. La membres\u00eda de AVTA es a nivel de asociaci\u00f3n por pa\u00eds. Tambi\u00e9n existe una disposici\u00f3n para la membres\u00eda honoraria y corporativa.<\/p>\t\t\t\t\t\t<\/div>\n\t\t\t\t<\/div>\n\t\t\t\t\t<\/div>\n\t\t\t\t<\/div>\n\t\t\t\t\t<\/div>\n\t\t\t\t<\/div>\n\t\t<div class=\"elementor-element elementor-element-a84f943 e-flex e-con-boxed e-con e-parent\" data-id=\"a84f943\" data-element_type=\"container\" data-settings=\"{&quot;jet_parallax_layout_list&quot;:[]}\">\n\t\t\t\t\t<div class=\"e-con-inner\">\n\t\t\t\t<div class=\"elementor-element elementor-element-78e2444 elementor-widget-divider--view-line elementor-widget elementor-widget-divider\" data-id=\"78e2444\" data-element_type=\"widget\" data-widget_type=\"divider.default\">\n\t\t\t\t<div class=\"elementor-widget-container\">\n\t\t\t<style>\/*! elementor - v3.21.0 - 24-04-2024 *\/\n.elementor-widget-divider{--divider-border-style:none;--divider-border-width:1px;--divider-color:#0c0d0e;--divider-icon-size:20px;--divider-element-spacing:10px;--divider-pattern-height:24px;--divider-pattern-size:20px;--divider-pattern-url:none;--divider-pattern-repeat:repeat-x}.elementor-widget-divider .elementor-divider{display:flex}.elementor-widget-divider .elementor-divider__text{font-size:15px;line-height:1;max-width:95%}.elementor-widget-divider .elementor-divider__element{margin:0 var(--divider-element-spacing);flex-shrink:0}.elementor-widget-divider .elementor-icon{font-size:var(--divider-icon-size)}.elementor-widget-divider .elementor-divider-separator{display:flex;margin:0;direction:ltr}.elementor-widget-divider--view-line_icon .elementor-divider-separator,.elementor-widget-divider--view-line_text .elementor-divider-separator{align-items:center}.elementor-widget-divider--view-line_icon .elementor-divider-separator:after,.elementor-widget-divider--view-line_icon .elementor-divider-separator:before,.elementor-widget-divider--view-line_text .elementor-divider-separator:after,.elementor-widget-divider--view-line_text .elementor-divider-separator:before{display:block;content:\"\";border-block-end:0;flex-grow:1;border-block-start:var(--divider-border-width) var(--divider-border-style) var(--divider-color)}.elementor-widget-divider--element-align-left .elementor-divider .elementor-divider-separator>.elementor-divider__svg:first-of-type{flex-grow:0;flex-shrink:100}.elementor-widget-divider--element-align-left .elementor-divider-separator:before{content:none}.elementor-widget-divider--element-align-left .elementor-divider__element{margin-left:0}.elementor-widget-divider--element-align-right .elementor-divider .elementor-divider-separator>.elementor-divider__svg:last-of-type{flex-grow:0;flex-shrink:100}.elementor-widget-divider--element-align-right .elementor-divider-separator:after{content:none}.elementor-widget-divider--element-align-right .elementor-divider__element{margin-right:0}.elementor-widget-divider--element-align-start .elementor-divider .elementor-divider-separator>.elementor-divider__svg:first-of-type{flex-grow:0;flex-shrink:100}.elementor-widget-divider--element-align-start .elementor-divider-separator:before{content:none}.elementor-widget-divider--element-align-start .elementor-divider__element{margin-inline-start:0}.elementor-widget-divider--element-align-end .elementor-divider .elementor-divider-separator>.elementor-divider__svg:last-of-type{flex-grow:0;flex-shrink:100}.elementor-widget-divider--element-align-end .elementor-divider-separator:after{content:none}.elementor-widget-divider--element-align-end .elementor-divider__element{margin-inline-end:0}.elementor-widget-divider:not(.elementor-widget-divider--view-line_text):not(.elementor-widget-divider--view-line_icon) .elementor-divider-separator{border-block-start:var(--divider-border-width) var(--divider-border-style) var(--divider-color)}.elementor-widget-divider--separator-type-pattern{--divider-border-style:none}.elementor-widget-divider--separator-type-pattern.elementor-widget-divider--view-line .elementor-divider-separator,.elementor-widget-divider--separator-type-pattern:not(.elementor-widget-divider--view-line) .elementor-divider-separator:after,.elementor-widget-divider--separator-type-pattern:not(.elementor-widget-divider--view-line) .elementor-divider-separator:before,.elementor-widget-divider--separator-type-pattern:not([class*=elementor-widget-divider--view]) .elementor-divider-separator{width:100%;min-height:var(--divider-pattern-height);-webkit-mask-size:var(--divider-pattern-size) 100%;mask-size:var(--divider-pattern-size) 100%;-webkit-mask-repeat:var(--divider-pattern-repeat);mask-repeat:var(--divider-pattern-repeat);background-color:var(--divider-color);-webkit-mask-image:var(--divider-pattern-url);mask-image:var(--divider-pattern-url)}.elementor-widget-divider--no-spacing{--divider-pattern-size:auto}.elementor-widget-divider--bg-round{--divider-pattern-repeat:round}.rtl .elementor-widget-divider .elementor-divider__text{direction:rtl}.e-con-inner>.elementor-widget-divider,.e-con>.elementor-widget-divider{width:var(--container-widget-width,100%);--flex-grow:var(--container-widget-flex-grow)}<\/style>\t\t<div class=\"elementor-divider\">\n\t\t\t<span class=\"elementor-divider-separator\">\n\t\t\t\t\t\t<\/span>\n\t\t<\/div>\n\t\t\t\t<\/div>\n\t\t\t\t<\/div>\n\t\t\t\t\t<\/div>\n\t\t\t\t<\/div>\n\t\t<div class=\"elementor-element elementor-element-13782ba e-flex e-con-boxed e-con e-parent\" data-id=\"13782ba\" data-element_type=\"container\" data-settings=\"{&quot;jet_parallax_layout_list&quot;:[]}\">\n\t\t\t\t\t<div class=\"e-con-inner\">\n\t\t<div class=\"elementor-element elementor-element-6f99e07 e-con-full e-flex e-con e-child\" data-id=\"6f99e07\" data-element_type=\"container\" data-settings=\"{&quot;jet_parallax_layout_list&quot;:[]}\">\n\t\t\t\t<div class=\"elementor-element elementor-element-4d69781 elementor-widget elementor-widget-heading\" data-id=\"4d69781\" data-element_type=\"widget\" data-widget_type=\"heading.default\">\n\t\t\t\t<div class=\"elementor-widget-container\">\n\t\t\t<h2 class=\"elementor-heading-title elementor-size-default\">Visi\u00f3n<\/h2>\t\t<\/div>\n\t\t\t\t<\/div>\n\t\t\t\t<div class=\"elementor-element elementor-element-a7d01c6 elementor-view-default elementor-widget elementor-widget-icon\" data-id=\"a7d01c6\" data-element_type=\"widget\" data-widget_type=\"icon.default\">\n\t\t\t\t<div class=\"elementor-widget-container\">\n\t\t\t\t\t<div class=\"elementor-icon-wrapper\">\n\t\t\t<div class=\"elementor-icon\">\n\t\t\t<svg xmlns=\"http:\/\/www.w3.org\/2000\/svg\" xmlns:xlink=\"http:\/\/www.w3.org\/1999\/xlink\" fill=\"#ffffff\" height=\"800px\" width=\"800px\" id=\"Icons\" viewbox=\"0 0 32 32\" xml:space=\"preserve\" stroke=\"#ffffff\"><g id=\"SVGRepo_bgCarrier\" stroke-width=\"0\"><\/g><g id=\"SVGRepo_tracerCarrier\" stroke-linecap=\"round\" stroke-linejoin=\"round\"><\/g><g id=\"SVGRepo_iconCarrier\"> <path d=\"M30.9,5.6C30.8,5.2,30.4,5,30,5h-3V2c0-0.4-0.2-0.8-0.6-0.9C26,0.9,25.6,1,25.3,1.3l-4,4C21.1,5.5,21,5.7,21,6v3.6l-5.7,5.7 c-0.4,0.4-0.4,1,0,1.4c0.2,0.2,0.5,0.3,0.7,0.3s0.5-0.1,0.7-0.3l5.7-5.7H26c0.3,0,0.5-0.1,0.7-0.3l4-4C31,6.4,31.1,6,30.9,5.6z\"><\/path> <path d=\"M18.1,18.1C17.6,18.7,16.8,19,16,19s-1.6-0.3-2.1-0.9c-1.2-1.2-1.2-3.1,0-4.2l2.8-2.8C16.5,11,16.2,11,16,11 c-2.8,0-5,2.2-5,5s2.2,5,5,5s5-2.2,5-5c0-0.2,0-0.5-0.1-0.7L18.1,18.1z\"><\/path> <path d=\"M28.1,12.1C27.6,12.7,26.8,13,26,13h-2.8l-0.7,0.7c0.3,0.7,0.4,1.5,0.4,2.3c0,3.9-3.1,7-7,7s-7-3.1-7-7s3.1-7,7-7 c0.8,0,1.6,0.2,2.3,0.4L19,8.8V6c0-0.8,0.3-1.6,0.9-2.1l1-1C19.3,2.3,17.7,2,16,2C8.3,2,2,8.3,2,16s6.3,14,14,14s14-6.3,14-14 c0-1.7-0.3-3.3-0.9-4.9L28.1,12.1z\"><\/path> <\/g><\/svg>\t\t\t<\/div>\n\t\t<\/div>\n\t\t\t\t<\/div>\n\t\t\t\t<\/div>\n\t\t\t\t<div class=\"elementor-element elementor-element-654382a elementor-widget elementor-widget-text-editor\" data-id=\"654382a\" data-element_type=\"widget\" data-widget_type=\"text-editor.default\">\n\t\t\t\t<div class=\"elementor-widget-container\">\n\t\t\t\t\t\t\t<p>Ser una fuerza detr\u00e1s del desarrollo de pr\u00e1cticas paraprofesionales de veterinaria para mejorar la prestaci\u00f3n de servicios de la industria de recursos animales y los medios de vida de las comunidades en \u00c1frica.<\/p>\t\t\t\t\t\t<\/div>\n\t\t\t\t<\/div>\n\t\t\t\t<\/div>\n\t\t<div class=\"elementor-element elementor-element-c15c530 e-con-full e-flex e-con e-child\" data-id=\"c15c530\" data-element_type=\"container\" data-settings=\"{&quot;jet_parallax_layout_list&quot;:[]}\">\n\t\t\t\t<div class=\"elementor-element elementor-element-d336a21 elementor-widget elementor-widget-heading\" data-id=\"d336a21\" data-element_type=\"widget\" data-widget_type=\"heading.default\">\n\t\t\t\t<div class=\"elementor-widget-container\">\n\t\t\t<h2 class=\"elementor-heading-title elementor-size-default\">Misi\u00f3n<\/h2>\t\t<\/div>\n\t\t\t\t<\/div>\n\t\t\t\t<div class=\"elementor-element elementor-element-aba26f7 elementor-view-default elementor-widget elementor-widget-icon\" data-id=\"aba26f7\" data-element_type=\"widget\" data-widget_type=\"icon.default\">\n\t\t\t\t<div class=\"elementor-widget-container\">\n\t\t\t\t\t<div class=\"elementor-icon-wrapper\">\n\t\t\t<div class=\"elementor-icon\">\n\t\t\t<svg xmlns=\"http:\/\/www.w3.org\/2000\/svg\" xmlns:xlink=\"http:\/\/www.w3.org\/1999\/xlink\" width=\"800px\" height=\"800px\" viewbox=\"0 0 512 512\" fill=\"#A6CF4D\"><g id=\"SVGRepo_bgCarrier\" stroke-width=\"0\"><\/g><g id=\"SVGRepo_tracerCarrier\" stroke-linecap=\"round\" stroke-linejoin=\"round\"><\/g><g id=\"SVGRepo_iconCarrier\"><title>bulb<\/title><g id=\"Page-1\" stroke=\"none\" stroke-width=\"1\" fill=\"none\" fill-rule=\"evenodd\"><g id=\"Combined-Shape\" fill=\"#A6CF4D\" transform=\"translate(42.666667, 21.333333)\"><path d=\"M213.333333,85.3333333 C284.025781,85.3333333 341.333333,142.640885 341.333333,213.333333 C341.333333,260.711239 315.5928,302.077122 277.333732,324.208982 L277.333333,405.333333 L256,426.666667 L234.666667,426.666667 C234.666667,438.448741 225.115408,448 213.333333,448 C201.551259,448 192,438.448741 192,426.666667 L192,426.666667 L170.666667,426.666667 L149.333333,405.333333 L149.332954,324.208993 C111.073876,302.077136 85.3333333,260.711248 85.3333333,213.333333 C85.3333333,142.640885 142.640885,85.3333333 213.333333,85.3333333 Z M234.667665,339.563386 C227.72957,340.727434 220.602209,341.333333 213.333333,341.333333 C206.064458,341.333333 198.937097,340.727434 191.999002,339.563386 L192,384 L234.666667,384 L234.667665,339.563386 Z M96.4250122,307.614237 L119.052429,330.241654 L73.7975952,375.496488 L51.1701782,352.869071 L96.4250122,307.614237 Z M330.241654,307.614237 L375.496488,352.869071 L352.869071,375.496488 L307.614237,330.241654 L330.241654,307.614237 Z M213.333333,128 C166.205035,128 128,166.205035 128,213.333333 C128,260.461632 166.205035,298.666667 213.333333,298.666667 C260.461632,298.666667 298.666667,260.461632 298.666667,213.333333 C298.666667,166.205035 260.461632,128 213.333333,128 Z M426.666667,197.333333 L426.666667,229.333333 L362.666667,229.333333 L362.666667,197.333333 L426.666667,197.333333 Z M64,197.333333 L64,229.333333 L3.55271368e-14,229.333333 L3.55271368e-14,197.333333 L64,197.333333 Z M352.869071,51.1701782 L375.496488,73.7975952 L330.241654,119.052429 L307.614237,96.4250122 L352.869071,51.1701782 Z M73.7975952,51.1701782 L119.052429,96.4250122 L96.4250122,119.052429 L51.1701782,73.7975952 L73.7975952,51.1701782 Z M229.333333,-1.0658141e-14 L229.333333,64 L197.333333,64 L197.333333,-1.0658141e-14 L229.333333,-1.0658141e-14 Z\"> <\/path><\/g><\/g><\/g><\/svg>\t\t\t<\/div>\n\t\t<\/div>\n\t\t\t\t<\/div>\n\t\t\t\t<\/div>\n\t\t\t\t<div class=\"elementor-element elementor-element-9832cfc elementor-widget elementor-widget-text-editor\" data-id=\"9832cfc\" data-element_type=\"widget\" data-widget_type=\"text-editor.default\">\n\t\t\t\t<div class=\"elementor-widget-container\">\n\t\t\t\t\t\t\t<p>Ser una fuerza detr\u00e1s del desarrollo de pr\u00e1cticas paraprofesionales de veterinaria para mejorar la prestaci\u00f3n de servicios de la industria de recursos animales y los medios de vida de las comunidades en \u00c1frica.<\/p>\t\t\t\t\t\t<\/div>\n\t\t\t\t<\/div>\n\t\t\t\t<\/div>\n\t\t\t\t\t<\/div>\n\t\t\t\t<\/div>\n\t\t<div class=\"elementor-element elementor-element-4bc27b8 e-flex e-con-boxed e-con e-parent\" data-id=\"4bc27b8\" data-element_type=\"container\" data-settings=\"{&quot;jet_parallax_layout_list&quot;:[]}\">\n\t\t\t\t\t<div class=\"e-con-inner\">\n\t\t\t\t<div class=\"elementor-element elementor-element-587acd5 elementor-widget-divider--view-line elementor-widget elementor-widget-divider\" data-id=\"587acd5\" data-element_type=\"widget\" data-widget_type=\"divider.default\">\n\t\t\t\t<div class=\"elementor-widget-container\">\n\t\t\t\t\t<div class=\"elementor-divider\">\n\t\t\t<span class=\"elementor-divider-separator\">\n\t\t\t\t\t\t<\/span>\n\t\t<\/div>\n\t\t\t\t<\/div>\n\t\t\t\t<\/div>\n\t\t\t\t\t<\/div>\n\t\t\t\t<\/div>\n\t\t<div class=\"elementor-element elementor-element-d6282e0 e-flex e-con-boxed e-con e-parent\" data-id=\"d6282e0\" data-element_type=\"container\" data-settings=\"{&quot;jet_parallax_layout_list&quot;:[]}\">\n\t\t\t\t\t<div class=\"e-con-inner\">\n\t\t<div class=\"elementor-element elementor-element-9a49089 e-con-full e-flex e-con e-child\" data-id=\"9a49089\" data-element_type=\"container\" data-settings=\"{&quot;jet_parallax_layout_list&quot;:[]}\">\n\t\t\t\t<div class=\"elementor-element elementor-element-31fe1cf elementor-widget elementor-widget-heading\" data-id=\"31fe1cf\" data-element_type=\"widget\" data-widget_type=\"heading.default\">\n\t\t\t\t<div class=\"elementor-widget-container\">\n\t\t\t<h2 class=\"elementor-heading-title elementor-size-default\">Valores fundamentales<\/h2>\t\t<\/div>\n\t\t\t\t<\/div>\n\t\t\t\t<\/div>\n\t\t<div class=\"elementor-element elementor-element-3a54772 e-flex e-con-boxed e-con e-child\" data-id=\"3a54772\" data-element_type=\"container\" data-settings=\"{&quot;jet_parallax_layout_list&quot;:[]}\">\n\t\t\t\t\t<div class=\"e-con-inner\">\n\t\t\t\t<div class=\"elementor-element elementor-element-672d0ad elementor-widget elementor-widget-text-editor\" data-id=\"672d0ad\" data-element_type=\"widget\" data-widget_type=\"text-editor.default\">\n\t\t\t\t<div class=\"elementor-widget-container\">\n\t\t\t\t\t\t\t<p>La asociaci\u00f3n se guiar\u00e1 por los siguientes valores fundamentales en la consecuci\u00f3n de su objetivo y<br \/>objetivos;<\/p><ul><li><strong>Profesionalismo<\/strong> \u2013 promover los m\u00e1s altos est\u00e1ndares de prestaci\u00f3n de servicios en la cadena de valor.<\/li><li><strong>Integridad<\/strong> \u2013 defender la honestidad y la confiabilidad.<\/li><li><strong>Transparencia y rendici\u00f3n de cuentas<\/strong> \u2013 abierto y responsable ante las diversas partes interesadas.<\/li><li><strong>Eficiencia y eficacia<\/strong> \u2013 en formaci\u00f3n y prestaci\u00f3n de servicios.<\/li><li><strong>Sensibilidad<\/strong> \u2013 escuchar a los miembros, socios y partes interesadas.<\/li><li><strong>Inclusividad<\/strong> \u2013 representaci\u00f3n equitativa, g\u00e9nero y otros grupos de inter\u00e9s.<\/li><\/ul>\t\t\t\t\t\t<\/div>\n\t\t\t\t<\/div>\n\t\t\t\t\t<\/div>\n\t\t\t\t<\/div>\n\t\t\t\t\t<\/div>\n\t\t\t\t<\/div>\n\t\t<div class=\"elementor-element elementor-element-86e1627 e-flex e-con-boxed e-con e-parent\" data-id=\"86e1627\" data-element_type=\"container\" data-settings=\"{&quot;jet_parallax_layout_list&quot;:[]}\">\n\t\t\t\t\t<div class=\"e-con-inner\">\n\t\t\t\t<div class=\"elementor-element elementor-element-e763987 elementor-widget-divider--view-line elementor-widget elementor-widget-divider\" data-id=\"e763987\" data-element_type=\"widget\" data-widget_type=\"divider.default\">\n\t\t\t\t<div class=\"elementor-widget-container\">\n\t\t\t\t\t<div class=\"elementor-divider\">\n\t\t\t<span class=\"elementor-divider-separator\">\n\t\t\t\t\t\t<\/span>\n\t\t<\/div>\n\t\t\t\t<\/div>\n\t\t\t\t<\/div>\n\t\t\t\t\t<\/div>\n\t\t\t\t<\/div>\n\t\t<div class=\"elementor-element elementor-element-60a15ab e-flex e-con-boxed e-con e-parent\" data-id=\"60a15ab\" data-element_type=\"container\" data-settings=\"{&quot;jet_parallax_layout_list&quot;:[]}\">\n\t\t\t\t\t<div class=\"e-con-inner\">\n\t\t<div class=\"elementor-element elementor-element-f15cfc6 e-con-full e-flex e-con e-child\" data-id=\"f15cfc6\" data-element_type=\"container\" data-settings=\"{&quot;jet_parallax_layout_list&quot;:[]}\">\n\t\t\t\t<div class=\"elementor-element elementor-element-bb6ef65 elementor-widget elementor-widget-heading\" data-id=\"bb6ef65\" data-element_type=\"widget\" data-widget_type=\"heading.default\">\n\t\t\t\t<div class=\"elementor-widget-container\">\n\t\t\t<h2 class=\"elementor-heading-title elementor-size-default\">Objetivos<\/h2>\t\t<\/div>\n\t\t\t\t<\/div>\n\t\t\t\t<\/div>\n\t\t<div class=\"elementor-element elementor-element-dcdcfd2 e-flex e-con-boxed e-con e-child\" data-id=\"dcdcfd2\" data-element_type=\"container\" data-settings=\"{&quot;jet_parallax_layout_list&quot;:[]}\">\n\t\t\t\t\t<div class=\"e-con-inner\">\n\t\t\t\t<div class=\"elementor-element elementor-element-17b1c8e elementor-widget elementor-widget-text-editor\" data-id=\"17b1c8e\" data-element_type=\"widget\" data-widget_type=\"text-editor.default\">\n\t\t\t\t<div class=\"elementor-widget-container\">\n\t\t\t\t\t\t\t<ol><li>Promover la armonizaci\u00f3n regional de los est\u00e1ndares de capacitaci\u00f3n de los paraprofesionales de veterinaria y<br \/>pr\u00e1ctica en la industria de recursos animales en \u00c1frica.<\/li><li>Promover los intereses de todos los t\u00e9cnicos veterinarios en la industria de recursos animales para<br \/>salvaguardar la profesi\u00f3n en la regi\u00f3n africana.<\/li><li>Actuar como voz oficial de la profesionalidad del profesional t\u00e9cnico veterinario.<br \/>pr\u00e1ctica en todos los asuntos relacionados con la industria de recursos animales en la regi\u00f3n.<\/li><li>Mejorar la cadena de valor en la industria de recursos animales.<\/li><li>Abogar por la libre circulaci\u00f3n de paraprofesionales de veterinaria para ejercer en toda \u00c1frica.<\/li><li>Presionar y abogar por pol\u00edticas, enmiendas y promulgaci\u00f3n de leyes que regulen<br \/>la pr\u00e1ctica del paraprofesional veterinario.<\/li><li>Promover la sinergia y el networking entre los miembros de la asociaci\u00f3n y el p\u00fablico.<br \/>conciencia<\/li><li>Ser capaz de atraer financiaci\u00f3n para apoyar actividades que promuevan la pr\u00e1ctica y la ejecuci\u00f3n en el<br \/>cadena de valor en beneficio de la comunidad que recibe.<\/li><li>Colaborar con instituciones veterinarias regionales e internacionales, organizaciones econ\u00f3micas regionales<br \/>bloques, socios de desarrollo y otras partes interesadas de la industria de recursos animales.<\/li><li>Realizar cualquier otra actividad que pueda promover el logro del objetivo general de<br \/>la Asociaci\u00f3n.<\/li><\/ol>\t\t\t\t\t\t<\/div>\n\t\t\t\t<\/div>\n\t\t\t\t\t<\/div>\n\t\t\t\t<\/div>\n\t\t\t\t\t<\/div>\n\t\t\t\t<\/div>\n\t\t<div class=\"elementor-element elementor-element-4fc3821 e-flex e-con-boxed e-con e-parent\" data-id=\"4fc3821\" data-element_type=\"container\" data-settings=\"{&quot;jet_parallax_layout_list&quot;:[]}\">\n\t\t\t\t\t<div class=\"e-con-inner\">\n\t\t<div class=\"elementor-element elementor-element-e704ea6 e-con-full e-flex e-con e-child\" data-id=\"e704ea6\" data-element_type=\"container\" data-settings=\"{&quot;jet_parallax_layout_list&quot;:[]}\">\n\t\t\t\t<\/div>\n\t\t<div class=\"elementor-element elementor-element-45153fd e-con-full e-flex e-con e-child\" data-id=\"45153fd\" data-element_type=\"container\" data-settings=\"{&quot;jet_parallax_layout_list&quot;:[]}\">\n\t\t\t\t<\/div>\n\t\t<div class=\"elementor-element elementor-element-caf9cad e-con-full e-flex e-con e-child\" data-id=\"caf9cad\" data-element_type=\"container\" data-settings=\"{&quot;jet_parallax_layout_list&quot;:[]}\">\n\t\t\t\t<\/div>\n\t\t\t\t\t<\/div>\n\t\t\t\t<\/div>\n\t\t\t\t<\/div>","protected":false},"excerpt":{"rendered":"<p>Who We Are History Aware of the need to promote and improve the animal resource industry through the provision of Para professional veterinary and related services and the need to provide linkages and empower the African Veterinary Technicians Associations; Considering the need to provide leadership in the relevant areas concerning the Veterinary Para Professional Services [&hellip;]<\/p>","protected":false},"author":1,"featured_media":0,"parent":0,"menu_order":0,"comment_status":"closed","ping_status":"closed","template":"","meta":{"footnotes":""},"_links":{"self":[{"href":"https:\/\/avta-africa.org\/es\/wp-json\/wp\/v2\/pages\/369"}],"collection":[{"href":"https:\/\/avta-africa.org\/es\/wp-json\/wp\/v2\/pages"}],"about":[{"href":"https:\/\/avta-africa.org\/es\/wp-json\/wp\/v2\/types\/page"}],"author":[{"embeddable":true,"href":"https:\/\/avta-africa.org\/es\/wp-json\/wp\/v2\/users\/1"}],"replies":[{"embeddable":true,"href":"https:\/\/avta-africa.org\/es\/wp-json\/wp\/v2\/comments?post=369"}],"version-history":[{"count":67,"href":"https:\/\/avta-africa.org\/es\/wp-json\/wp\/v2\/pages\/369\/revisions"}],"predecessor-version":[{"id":985,"href":"https:\/\/avta-africa.org\/es\/wp-json\/wp\/v2\/pages\/369\/revisions\/985"}],"wp:attachment":[{"href":"https:\/\/avta-africa.org\/es\/wp-json\/wp\/v2\/media?parent=369"}],"curies":[{"name":"wp","href":"https:\/\/api.w.org\/{rel}","templated":true}]}}