{"id":440,"date":"2024-03-12T11:59:15","date_gmt":"2024-03-12T11:59:15","guid":{"rendered":"https:\/\/skillcollage.co.ke\/avta\/?page_id=440"},"modified":"2024-05-02T12:56:03","modified_gmt":"2024-05-02T12:56:03","slug":"membership","status":"publish","type":"page","link":"https:\/\/avta-africa.org\/es\/membership\/","title":{"rendered":"Afiliaci\u00f3n"},"content":{"rendered":"<div data-elementor-type=\"wp-page\" data-elementor-id=\"440\" class=\"elementor elementor-440\" data-elementor-post-type=\"page\">\n\t\t\t\t<div class=\"elementor-element elementor-element-2e2982e2 e-flex e-con-boxed e-con e-parent\" data-id=\"2e2982e2\" data-element_type=\"container\" data-settings=\"{&quot;background_background&quot;:&quot;classic&quot;,&quot;jet_parallax_layout_list&quot;:[]}\">\n\t\t\t\t\t<div class=\"e-con-inner\">\n\t\t\t\t\t<\/div>\n\t\t\t\t<\/div>\n\t\t<div class=\"elementor-element elementor-element-689b827 e-flex e-con-boxed e-con e-parent\" data-id=\"689b827\" data-element_type=\"container\" data-settings=\"{&quot;jet_parallax_layout_list&quot;:[]}\">\n\t\t\t\t\t<div class=\"e-con-inner\">\n\t\t<div class=\"elementor-element elementor-element-986543b e-con-full e-flex e-con e-child\" data-id=\"986543b\" data-element_type=\"container\" data-settings=\"{&quot;jet_parallax_layout_list&quot;:[]}\">\n\t\t\t\t<div class=\"elementor-element elementor-element-f47a939 elementor-widget elementor-widget-heading\" data-id=\"f47a939\" data-element_type=\"widget\" data-widget_type=\"heading.default\">\n\t\t\t\t<div class=\"elementor-widget-container\">\n\t\t\t<style>\/*! elementor - v3.21.0 - 24-04-2024 *\/\n.elementor-heading-title{padding:0;margin:0;line-height:1}.elementor-widget-heading .elementor-heading-title[class*=elementor-size-]>a{color:inherit;font-size:inherit;line-height:inherit}.elementor-widget-heading .elementor-heading-title.elementor-size-small{font-size:15px}.elementor-widget-heading .elementor-heading-title.elementor-size-medium{font-size:19px}.elementor-widget-heading .elementor-heading-title.elementor-size-large{font-size:29px}.elementor-widget-heading .elementor-heading-title.elementor-size-xl{font-size:39px}.elementor-widget-heading .elementor-heading-title.elementor-size-xxl{font-size:59px}<\/style><h2 class=\"elementor-heading-title elementor-size-default\">Miembros principales<\/h2>\t\t<\/div>\n\t\t\t\t<\/div>\n\t\t\t\t<div class=\"elementor-element elementor-element-905cfc6 elementor-widget elementor-widget-text-editor\" data-id=\"905cfc6\" data-element_type=\"widget\" data-widget_type=\"text-editor.default\">\n\t\t\t\t<div class=\"elementor-widget-container\">\n\t\t\t<style>\/*! elementor - v3.21.0 - 24-04-2024 *\/\n.elementor-widget-text-editor.elementor-drop-cap-view-stacked .elementor-drop-cap{background-color:#69727d;color:#fff}.elementor-widget-text-editor.elementor-drop-cap-view-framed .elementor-drop-cap{color:#69727d;border:3px solid;background-color:transparent}.elementor-widget-text-editor:not(.elementor-drop-cap-view-default) .elementor-drop-cap{margin-top:8px}.elementor-widget-text-editor:not(.elementor-drop-cap-view-default) .elementor-drop-cap-letter{width:1em;height:1em}.elementor-widget-text-editor .elementor-drop-cap{float:left;text-align:center;line-height:1;font-size:50px}.elementor-widget-text-editor .elementor-drop-cap-letter{display:inline-block}<\/style>\t\t\t\t<p>La membres\u00eda est\u00e1 abierta a Asociaciones Nacionales de T\u00e9cnicos Veterinarios de pa\u00edses reconocidos por la Uni\u00f3n Africana y otros pa\u00edses colaboradores a trav\u00e9s de bloques econ\u00f3micos regionales, siempre que dichas asociaciones sean organizaciones privadas financiadas principalmente por suscripci\u00f3n privada de sus miembros y asociaciones. Los miembros individuales est\u00e1n representados a trav\u00e9s de sus asociaciones. Los miembros de la Asociaci\u00f3n de T\u00e9cnicos Veterinarios que no pertenecen a la UA deben contar con el respaldo de todos sus hom\u00f3logos de la UA mediante voto absoluto.<\/p>\t\t\t\t\t\t<\/div>\n\t\t\t\t<\/div>\n\t\t\t\t<div class=\"elementor-element elementor-element-ae6cfcc elementor-widget-divider--view-line elementor-widget elementor-widget-divider\" data-id=\"ae6cfcc\" data-element_type=\"widget\" data-widget_type=\"divider.default\">\n\t\t\t\t<div class=\"elementor-widget-container\">\n\t\t\t<style>\/*! elementor - v3.21.0 - 24-04-2024 *\/\n.elementor-widget-divider{--divider-border-style:none;--divider-border-width:1px;--divider-color:#0c0d0e;--divider-icon-size:20px;--divider-element-spacing:10px;--divider-pattern-height:24px;--divider-pattern-size:20px;--divider-pattern-url:none;--divider-pattern-repeat:repeat-x}.elementor-widget-divider .elementor-divider{display:flex}.elementor-widget-divider .elementor-divider__text{font-size:15px;line-height:1;max-width:95%}.elementor-widget-divider .elementor-divider__element{margin:0 var(--divider-element-spacing);flex-shrink:0}.elementor-widget-divider .elementor-icon{font-size:var(--divider-icon-size)}.elementor-widget-divider .elementor-divider-separator{display:flex;margin:0;direction:ltr}.elementor-widget-divider--view-line_icon .elementor-divider-separator,.elementor-widget-divider--view-line_text .elementor-divider-separator{align-items:center}.elementor-widget-divider--view-line_icon .elementor-divider-separator:after,.elementor-widget-divider--view-line_icon .elementor-divider-separator:before,.elementor-widget-divider--view-line_text .elementor-divider-separator:after,.elementor-widget-divider--view-line_text .elementor-divider-separator:before{display:block;content:\"\";border-block-end:0;flex-grow:1;border-block-start:var(--divider-border-width) var(--divider-border-style) var(--divider-color)}.elementor-widget-divider--element-align-left .elementor-divider .elementor-divider-separator>.elementor-divider__svg:first-of-type{flex-grow:0;flex-shrink:100}.elementor-widget-divider--element-align-left .elementor-divider-separator:before{content:none}.elementor-widget-divider--element-align-left .elementor-divider__element{margin-left:0}.elementor-widget-divider--element-align-right .elementor-divider .elementor-divider-separator>.elementor-divider__svg:last-of-type{flex-grow:0;flex-shrink:100}.elementor-widget-divider--element-align-right .elementor-divider-separator:after{content:none}.elementor-widget-divider--element-align-right .elementor-divider__element{margin-right:0}.elementor-widget-divider--element-align-start .elementor-divider .elementor-divider-separator>.elementor-divider__svg:first-of-type{flex-grow:0;flex-shrink:100}.elementor-widget-divider--element-align-start .elementor-divider-separator:before{content:none}.elementor-widget-divider--element-align-start .elementor-divider__element{margin-inline-start:0}.elementor-widget-divider--element-align-end .elementor-divider .elementor-divider-separator>.elementor-divider__svg:last-of-type{flex-grow:0;flex-shrink:100}.elementor-widget-divider--element-align-end .elementor-divider-separator:after{content:none}.elementor-widget-divider--element-align-end .elementor-divider__element{margin-inline-end:0}.elementor-widget-divider:not(.elementor-widget-divider--view-line_text):not(.elementor-widget-divider--view-line_icon) .elementor-divider-separator{border-block-start:var(--divider-border-width) var(--divider-border-style) var(--divider-color)}.elementor-widget-divider--separator-type-pattern{--divider-border-style:none}.elementor-widget-divider--separator-type-pattern.elementor-widget-divider--view-line .elementor-divider-separator,.elementor-widget-divider--separator-type-pattern:not(.elementor-widget-divider--view-line) .elementor-divider-separator:after,.elementor-widget-divider--separator-type-pattern:not(.elementor-widget-divider--view-line) .elementor-divider-separator:before,.elementor-widget-divider--separator-type-pattern:not([class*=elementor-widget-divider--view]) .elementor-divider-separator{width:100%;min-height:var(--divider-pattern-height);-webkit-mask-size:var(--divider-pattern-size) 100%;mask-size:var(--divider-pattern-size) 100%;-webkit-mask-repeat:var(--divider-pattern-repeat);mask-repeat:var(--divider-pattern-repeat);background-color:var(--divider-color);-webkit-mask-image:var(--divider-pattern-url);mask-image:var(--divider-pattern-url)}.elementor-widget-divider--no-spacing{--divider-pattern-size:auto}.elementor-widget-divider--bg-round{--divider-pattern-repeat:round}.rtl .elementor-widget-divider .elementor-divider__text{direction:rtl}.e-con-inner>.elementor-widget-divider,.e-con>.elementor-widget-divider{width:var(--container-widget-width,100%);--flex-grow:var(--container-widget-flex-grow)}<\/style>\t\t<div class=\"elementor-divider\">\n\t\t\t<span class=\"elementor-divider-separator\">\n\t\t\t\t\t\t<\/span>\n\t\t<\/div>\n\t\t\t\t<\/div>\n\t\t\t\t<\/div>\n\t\t\t\t<div class=\"elementor-element elementor-element-758c69e elementor-widget elementor-widget-heading\" data-id=\"758c69e\" data-element_type=\"widget\" data-widget_type=\"heading.default\">\n\t\t\t\t<div class=\"elementor-widget-container\">\n\t\t\t<h2 class=\"elementor-heading-title elementor-size-default\">Membres\u00eda privada<\/h2>\t\t<\/div>\n\t\t\t\t<\/div>\n\t\t\t\t<div class=\"elementor-element elementor-element-80a8a47 elementor-widget elementor-widget-text-editor\" data-id=\"80a8a47\" data-element_type=\"widget\" data-widget_type=\"text-editor.default\">\n\t\t\t\t<div class=\"elementor-widget-container\">\n\t\t\t\t\t\t\t<p>Incluyen partes interesadas y organizaciones no gubernamentales que agregan valor a la industria de recursos animales. pueden ser admitidos como miembros por un per\u00edodo espec\u00edfico pero no tendr\u00e1n derecho a voto. A otras organizaciones distintas de las asociaciones nacionales de t\u00e9cnicos veterinarios se les puede conceder membres\u00eda privada en reuniones generales o especiales de la AVTA. Los posibles miembros privados deber\u00e1n presentar una solicitud por escrito al secretario honorario de AVTA, cuya solicitud se presentar\u00e1 ante una reuni\u00f3n del comit\u00e9 ejecutivo debidamente constituida para su consideraci\u00f3n y la admisi\u00f3n se basar\u00e1 en el voto un\u00e1nime de los miembros del comit\u00e9 ejecutivo presentes y votantes. En caso de no existir unanimidad de votos para la admisi\u00f3n la solicitud<\/p>\t\t\t\t\t\t<\/div>\n\t\t\t\t<\/div>\n\t\t\t\t<div class=\"elementor-element elementor-element-92d3df9 elementor-widget-divider--view-line elementor-widget elementor-widget-divider\" data-id=\"92d3df9\" data-element_type=\"widget\" data-widget_type=\"divider.default\">\n\t\t\t\t<div class=\"elementor-widget-container\">\n\t\t\t\t\t<div class=\"elementor-divider\">\n\t\t\t<span class=\"elementor-divider-separator\">\n\t\t\t\t\t\t<\/span>\n\t\t<\/div>\n\t\t\t\t<\/div>\n\t\t\t\t<\/div>\n\t\t\t\t<div class=\"elementor-element elementor-element-2014444 elementor-widget elementor-widget-heading\" data-id=\"2014444\" data-element_type=\"widget\" data-widget_type=\"heading.default\">\n\t\t\t\t<div class=\"elementor-widget-container\">\n\t\t\t<h2 class=\"elementor-heading-title elementor-size-default\">Afiliaci\u00f3n asociada<\/h2>\t\t<\/div>\n\t\t\t\t<\/div>\n\t\t\t\t<div class=\"elementor-element elementor-element-75208dc elementor-widget elementor-widget-text-editor\" data-id=\"75208dc\" data-element_type=\"widget\" data-widget_type=\"text-editor.default\">\n\t\t\t\t<div class=\"elementor-widget-container\">\n\t\t\t\t\t\t\t<p>Estar\u00e1 compuesto por autoridades reguladoras veterinarias nacionales de los pa\u00edses miembros de la UA o reguladores de la pr\u00e1ctica veterinaria de las distintas asociaciones miembro. Las asociaciones paraveterinarias (incluidos los grupos\/asociaciones de especialidades veterinarias paraprofesionales registradas en los estados miembros de la UA que no se consideran miembros principales tambi\u00e9n pueden considerarse miembros asociados una vez que el comit\u00e9 ejecutivo haya aprobado su solicitud para unirse a AVTA. Los miembros asociados deber\u00e1n no tienen derecho a voto.<\/p>\t\t\t\t\t\t<\/div>\n\t\t\t\t<\/div>\n\t\t\t\t<div class=\"elementor-element elementor-element-6c78010 elementor-widget-divider--view-line elementor-widget elementor-widget-divider\" data-id=\"6c78010\" data-element_type=\"widget\" data-widget_type=\"divider.default\">\n\t\t\t\t<div class=\"elementor-widget-container\">\n\t\t\t\t\t<div class=\"elementor-divider\">\n\t\t\t<span class=\"elementor-divider-separator\">\n\t\t\t\t\t\t<\/span>\n\t\t<\/div>\n\t\t\t\t<\/div>\n\t\t\t\t<\/div>\n\t\t\t\t<div class=\"elementor-element elementor-element-c134ba7 elementor-widget elementor-widget-heading\" data-id=\"c134ba7\" data-element_type=\"widget\" data-widget_type=\"heading.default\">\n\t\t\t\t<div class=\"elementor-widget-container\">\n\t\t\t<h2 class=\"elementor-heading-title elementor-size-default\">Membres\u00eda honoraria<\/h2>\t\t<\/div>\n\t\t\t\t<\/div>\n\t\t\t\t<div class=\"elementor-element elementor-element-6a2fb39 elementor-widget elementor-widget-text-editor\" data-id=\"6a2fb39\" data-element_type=\"widget\" data-widget_type=\"text-editor.default\">\n\t\t\t\t<div class=\"elementor-widget-container\">\n\t\t\t\t\t\t\t<p>Esto ser\u00e1 determinado peri\u00f3dicamente por el Comit\u00e9 Ejecutivo. El comit\u00e9 ejecutivo puede ofrecer membres\u00eda honoraria a miembros de las asociaciones afiliadas o a no paraveterinarios que la Asociaci\u00f3n considere que han prestado un servicio sobresaliente a la profesi\u00f3n de Paraveterinario en la regi\u00f3n. No tienen derecho a voto a menos que adem\u00e1s hayan sido nominados para representar a las asociaciones miembro.<\/p>\t\t\t\t\t\t<\/div>\n\t\t\t\t<\/div>\n\t\t\t\t<div class=\"elementor-element elementor-element-f0c1290 elementor-widget-divider--view-line elementor-widget elementor-widget-divider\" data-id=\"f0c1290\" data-element_type=\"widget\" data-widget_type=\"divider.default\">\n\t\t\t\t<div class=\"elementor-widget-container\">\n\t\t\t\t\t<div class=\"elementor-divider\">\n\t\t\t<span class=\"elementor-divider-separator\">\n\t\t\t\t\t\t<\/span>\n\t\t<\/div>\n\t\t\t\t<\/div>\n\t\t\t\t<\/div>\n\t\t\t\t<div class=\"elementor-element elementor-element-5acf6cd elementor-widget elementor-widget-heading\" data-id=\"5acf6cd\" data-element_type=\"widget\" data-widget_type=\"heading.default\">\n\t\t\t\t<div class=\"elementor-widget-container\">\n\t\t\t<h2 class=\"elementor-heading-title elementor-size-default\">Membres\u00eda corporativa<\/h2>\t\t<\/div>\n\t\t\t\t<\/div>\n\t\t\t\t<div class=\"elementor-element elementor-element-1806cee elementor-widget elementor-widget-text-editor\" data-id=\"1806cee\" data-element_type=\"widget\" data-widget_type=\"text-editor.default\">\n\t\t\t\t<div class=\"elementor-widget-container\">\n\t\t\t\t\t\t\t<p>A los principales patrocinadores y socios regionales se les puede otorgar membres\u00eda corporativa por un per\u00edodo especificado por el Comit\u00e9 Ejecutivo de AVTA, pero no tendr\u00e1n derecho a voto. Los posibles miembros corporativos deber\u00e1n presentar una solicitud por escrito al Secretario Honorario de AVTA, cuya solicitud se presentar\u00e1 ante una reuni\u00f3n del Comit\u00e9 Ejecutivo debidamente constituida para su consideraci\u00f3n y la admisi\u00f3n se realizar\u00e1 mediante el voto un\u00e1nime de los miembros del Comit\u00e9 Ejecutivo presentes y votantes. En caso de que no haya unanimidad en la admisi\u00f3n, la solicitud podr\u00e1 aplazarse hasta la siguiente reuni\u00f3n del Comit\u00e9 Ejecutivo en el momento de la admisi\u00f3n. No tienen derecho a voto.<\/p>\t\t\t\t\t\t<\/div>\n\t\t\t\t<\/div>\n\t\t\t\t<div class=\"elementor-element elementor-element-638a183 elementor-widget-divider--view-line elementor-widget elementor-widget-divider\" data-id=\"638a183\" data-element_type=\"widget\" data-widget_type=\"divider.default\">\n\t\t\t\t<div class=\"elementor-widget-container\">\n\t\t\t\t\t<div class=\"elementor-divider\">\n\t\t\t<span class=\"elementor-divider-separator\">\n\t\t\t\t\t\t<\/span>\n\t\t<\/div>\n\t\t\t\t<\/div>\n\t\t\t\t<\/div>\n\t\t\t\t<div class=\"elementor-element elementor-element-7afc53b elementor-widget elementor-widget-heading\" data-id=\"7afc53b\" data-element_type=\"widget\" data-widget_type=\"heading.default\">\n\t\t\t\t<div class=\"elementor-widget-container\">\n\t\t\t<h2 class=\"elementor-heading-title elementor-size-default\">Comit\u00e9 Ejecutivo<\/h2>\t\t<\/div>\n\t\t\t\t<\/div>\n\t\t\t\t<div class=\"elementor-element elementor-element-5492be1 elementor-widget elementor-widget-text-editor\" data-id=\"5492be1\" data-element_type=\"widget\" data-widget_type=\"text-editor.default\">\n\t\t\t\t<div class=\"elementor-widget-container\">\n\t\t\t\t\t\t\t<p>El Presidente, el Presidente anterior inmediato, el Primer Vicepresidente, el Segundo Vicepresidente, los miembros del Consejo y el jefe de la Secretar\u00eda comprender\u00e1n una categor\u00eda de miembros sin derecho de voto, excepto para los miembros del Consejo y con voto de calidad por parte del Presidente.<\/p>\t\t\t\t\t\t<\/div>\n\t\t\t\t<\/div>\n\t\t\t\t<div class=\"elementor-element elementor-element-073fa14 elementor-widget-divider--view-line elementor-widget elementor-widget-divider\" data-id=\"073fa14\" data-element_type=\"widget\" data-widget_type=\"divider.default\">\n\t\t\t\t<div class=\"elementor-widget-container\">\n\t\t\t\t\t<div class=\"elementor-divider\">\n\t\t\t<span class=\"elementor-divider-separator\">\n\t\t\t\t\t\t<\/span>\n\t\t<\/div>\n\t\t\t\t<\/div>\n\t\t\t\t<\/div>\n\t\t\t\t<div class=\"elementor-element elementor-element-4c0729d elementor-widget elementor-widget-heading\" data-id=\"4c0729d\" data-element_type=\"widget\" data-widget_type=\"heading.default\">\n\t\t\t\t<div class=\"elementor-widget-container\">\n\t\t\t<h2 class=\"elementor-heading-title elementor-size-default\">Obligaciones<\/h2>\t\t<\/div>\n\t\t\t\t<\/div>\n\t\t\t\t<div class=\"elementor-element elementor-element-191a9fa elementor-widget elementor-widget-text-editor\" data-id=\"191a9fa\" data-element_type=\"widget\" data-widget_type=\"text-editor.default\">\n\t\t\t\t<div class=\"elementor-widget-container\">\n\t\t\t\t\t\t\t<p>La membres\u00eda de AVTA implicar\u00e1 la participaci\u00f3n voluntaria de los pa\u00edses miembros, mientras que la obligaci\u00f3n de la asociaci\u00f3n miembro o de las personas de participar en cualquier actividad de AVTA se regir\u00e1 por la Constituci\u00f3n y los reglamentos de AVTA. Los miembros de AVTA que decidan no participar en ninguna AVTA no impedir\u00e1n que otros lo hagan.<\/p>\t\t\t\t\t\t<\/div>\n\t\t\t\t<\/div>\n\t\t\t\t<\/div>\n\t\t\t\t\t<\/div>\n\t\t\t\t<\/div>\n\t\t<div class=\"elementor-element elementor-element-470063e3 e-flex e-con-boxed e-con e-parent\" data-id=\"470063e3\" data-element_type=\"container\" data-settings=\"{&quot;jet_parallax_layout_list&quot;:[]}\">\n\t\t\t\t\t<div class=\"e-con-inner\">\n\t\t<div class=\"elementor-element elementor-element-1b8035a7 e-flex e-con-boxed e-con e-child\" data-id=\"1b8035a7\" data-element_type=\"container\" data-settings=\"{&quot;jet_parallax_layout_list&quot;:[]}\">\n\t\t\t\t\t<div class=\"e-con-inner\">\n\t\t\t\t<div class=\"elementor-element elementor-element-1a76c86e elementor-widget elementor-widget-heading\" data-id=\"1a76c86e\" data-element_type=\"widget\" data-widget_type=\"heading.default\">\n\t\t\t\t<div class=\"elementor-widget-container\">\n\t\t\t<h2 class=\"elementor-heading-title elementor-size-default\">Interesado en ser miembro. Rellena el siguiente formulario y <\/h2>\t\t<\/div>\n\t\t\t\t<\/div>\n\t\t\t\t<div class=\"elementor-element elementor-element-50115b0f elementor-widget elementor-widget-jet-button\" data-id=\"50115b0f\" data-element_type=\"widget\" data-widget_type=\"jet-button.default\">\n\t\t\t\t<div class=\"elementor-widget-container\">\n\t\t\t<div class=\"elementor-jet-button jet-elements\"><div class=\"jet-button__container\">\n\t<a class=\"jet-button__instance jet-button__instance--icon-left hover-effect-0\" href=\"https:\/\/avta-africa.org\/es\/become-a-member\/\">\n\t\t<div class=\"jet-button__plane jet-button__plane-normal\"><\/div>\n\t\t<div class=\"jet-button__plane jet-button__plane-hover\"><\/div>\n\t\t<div class=\"jet-button__state jet-button__state-normal\">\n\t\t\t<span class=\"jet-button__label\">Reg\u00edstrate ahora<\/span>\t\t<\/div>\n\t\t<div class=\"jet-button__state jet-button__state-hover\">\n\t\t\t<span class=\"jet-button__label\">Reg\u00edstrate ahora<\/span>\t\t<\/div>\n\t<\/a>\n<\/div>\n<\/div>\t\t<\/div>\n\t\t\t\t<\/div>\n\t\t\t\t\t<\/div>\n\t\t\t\t<\/div>\n\t\t\t\t\t<\/div>\n\t\t\t\t<\/div>\n\t\t\t\t<\/div>","protected":false},"excerpt":{"rendered":"<p>Principal Members Membership is open to National Veterinary Technician Associations of countries recognized by the African Union and other collaborating countries through regional economic blocks, provided that such associations are private organizations funded mainly by private subscription of its members and partnerships. Individual members are represented through their associations. Non-AU Veterinary Technicians Association members must [&hellip;]<\/p>","protected":false},"author":1,"featured_media":0,"parent":0,"menu_order":0,"comment_status":"closed","ping_status":"closed","template":"","meta":{"footnotes":""},"_links":{"self":[{"href":"https:\/\/avta-africa.org\/es\/wp-json\/wp\/v2\/pages\/440"}],"collection":[{"href":"https:\/\/avta-africa.org\/es\/wp-json\/wp\/v2\/pages"}],"about":[{"href":"https:\/\/avta-africa.org\/es\/wp-json\/wp\/v2\/types\/page"}],"author":[{"embeddable":true,"href":"https:\/\/avta-africa.org\/es\/wp-json\/wp\/v2\/users\/1"}],"replies":[{"embeddable":true,"href":"https:\/\/avta-africa.org\/es\/wp-json\/wp\/v2\/comments?post=440"}],"version-history":[{"count":82,"href":"https:\/\/avta-africa.org\/es\/wp-json\/wp\/v2\/pages\/440\/revisions"}],"predecessor-version":[{"id":1478,"href":"https:\/\/avta-africa.org\/es\/wp-json\/wp\/v2\/pages\/440\/revisions\/1478"}],"wp:attachment":[{"href":"https:\/\/avta-africa.org\/es\/wp-json\/wp\/v2\/media?parent=440"}],"curies":[{"name":"wp","href":"https:\/\/api.w.org\/{rel}","templated":true}]}}