{"id":1217,"date":"2024-04-25T05:51:48","date_gmt":"2024-04-25T05:51:48","guid":{"rendered":"https:\/\/skillcollage.co.ke\/avta\/?page_id=1217"},"modified":"2024-04-25T06:09:53","modified_gmt":"2024-04-25T06:09:53","slug":"advocacy-lobbying","status":"publish","type":"page","link":"https:\/\/avta-africa.org\/fr\/advocacy-lobbying\/","title":{"rendered":"Plaidoyer et lobbying"},"content":{"rendered":"<div data-elementor-type=\"wp-page\" data-elementor-id=\"1217\" class=\"elementor elementor-1217\" data-elementor-post-type=\"page\">\n\t\t\t\t<div class=\"elementor-element elementor-element-509d8344 e-flex e-con-boxed e-con e-parent\" data-id=\"509d8344\" data-element_type=\"container\" data-settings=\"{&quot;background_background&quot;:&quot;classic&quot;,&quot;jet_parallax_layout_list&quot;:[]}\">\n\t\t\t\t\t<div class=\"e-con-inner\">\n\t\t\t\t\t<\/div>\n\t\t\t\t<\/div>\n\t\t<div class=\"elementor-element elementor-element-1cf4c864 e-flex e-con-boxed e-con e-parent\" data-id=\"1cf4c864\" data-element_type=\"container\" data-settings=\"{&quot;jet_parallax_layout_list&quot;:[]}\">\n\t\t\t\t\t<div class=\"e-con-inner\">\n\t\t<div class=\"elementor-element elementor-element-10af7b1a e-flex e-con-boxed e-con e-child\" data-id=\"10af7b1a\" data-element_type=\"container\" data-settings=\"{&quot;jet_parallax_layout_list&quot;:[]}\">\n\t\t\t\t\t<div class=\"e-con-inner\">\n\t\t\t\t<div class=\"elementor-element elementor-element-31a4cb47 elementor-widget elementor-widget-heading\" data-id=\"31a4cb47\" data-element_type=\"widget\" data-widget_type=\"heading.default\">\n\t\t\t\t<div class=\"elementor-widget-container\">\n\t\t\t<style>\/*! elementor - v3.21.0 - 24-04-2024 *\/\n.elementor-heading-title{padding:0;margin:0;line-height:1}.elementor-widget-heading .elementor-heading-title[class*=elementor-size-]>a{color:inherit;font-size:inherit;line-height:inherit}.elementor-widget-heading .elementor-heading-title.elementor-size-small{font-size:15px}.elementor-widget-heading .elementor-heading-title.elementor-size-medium{font-size:19px}.elementor-widget-heading .elementor-heading-title.elementor-size-large{font-size:29px}.elementor-widget-heading .elementor-heading-title.elementor-size-xl{font-size:39px}.elementor-widget-heading .elementor-heading-title.elementor-size-xxl{font-size:59px}<\/style><h2 class=\"elementor-heading-title elementor-size-default\">Plaidoyer et engagement du gouvernement<\/h2>\t\t<\/div>\n\t\t\t\t<\/div>\n\t\t\t\t<div class=\"elementor-element elementor-element-13e0686 elementor-widget-divider--view-line elementor-widget elementor-widget-divider\" data-id=\"13e0686\" data-element_type=\"widget\" data-widget_type=\"divider.default\">\n\t\t\t\t<div class=\"elementor-widget-container\">\n\t\t\t<style>\/*! elementor - v3.21.0 - 24-04-2024 *\/\n.elementor-widget-divider{--divider-border-style:none;--divider-border-width:1px;--divider-color:#0c0d0e;--divider-icon-size:20px;--divider-element-spacing:10px;--divider-pattern-height:24px;--divider-pattern-size:20px;--divider-pattern-url:none;--divider-pattern-repeat:repeat-x}.elementor-widget-divider .elementor-divider{display:flex}.elementor-widget-divider .elementor-divider__text{font-size:15px;line-height:1;max-width:95%}.elementor-widget-divider .elementor-divider__element{margin:0 var(--divider-element-spacing);flex-shrink:0}.elementor-widget-divider .elementor-icon{font-size:var(--divider-icon-size)}.elementor-widget-divider .elementor-divider-separator{display:flex;margin:0;direction:ltr}.elementor-widget-divider--view-line_icon .elementor-divider-separator,.elementor-widget-divider--view-line_text .elementor-divider-separator{align-items:center}.elementor-widget-divider--view-line_icon .elementor-divider-separator:after,.elementor-widget-divider--view-line_icon .elementor-divider-separator:before,.elementor-widget-divider--view-line_text .elementor-divider-separator:after,.elementor-widget-divider--view-line_text .elementor-divider-separator:before{display:block;content:\"\";border-block-end:0;flex-grow:1;border-block-start:var(--divider-border-width) var(--divider-border-style) var(--divider-color)}.elementor-widget-divider--element-align-left .elementor-divider .elementor-divider-separator>.elementor-divider__svg:first-of-type{flex-grow:0;flex-shrink:100}.elementor-widget-divider--element-align-left .elementor-divider-separator:before{content:none}.elementor-widget-divider--element-align-left .elementor-divider__element{margin-left:0}.elementor-widget-divider--element-align-right .elementor-divider .elementor-divider-separator>.elementor-divider__svg:last-of-type{flex-grow:0;flex-shrink:100}.elementor-widget-divider--element-align-right .elementor-divider-separator:after{content:none}.elementor-widget-divider--element-align-right .elementor-divider__element{margin-right:0}.elementor-widget-divider--element-align-start .elementor-divider .elementor-divider-separator>.elementor-divider__svg:first-of-type{flex-grow:0;flex-shrink:100}.elementor-widget-divider--element-align-start .elementor-divider-separator:before{content:none}.elementor-widget-divider--element-align-start .elementor-divider__element{margin-inline-start:0}.elementor-widget-divider--element-align-end .elementor-divider .elementor-divider-separator>.elementor-divider__svg:last-of-type{flex-grow:0;flex-shrink:100}.elementor-widget-divider--element-align-end .elementor-divider-separator:after{content:none}.elementor-widget-divider--element-align-end .elementor-divider__element{margin-inline-end:0}.elementor-widget-divider:not(.elementor-widget-divider--view-line_text):not(.elementor-widget-divider--view-line_icon) .elementor-divider-separator{border-block-start:var(--divider-border-width) var(--divider-border-style) var(--divider-color)}.elementor-widget-divider--separator-type-pattern{--divider-border-style:none}.elementor-widget-divider--separator-type-pattern.elementor-widget-divider--view-line .elementor-divider-separator,.elementor-widget-divider--separator-type-pattern:not(.elementor-widget-divider--view-line) .elementor-divider-separator:after,.elementor-widget-divider--separator-type-pattern:not(.elementor-widget-divider--view-line) .elementor-divider-separator:before,.elementor-widget-divider--separator-type-pattern:not([class*=elementor-widget-divider--view]) .elementor-divider-separator{width:100%;min-height:var(--divider-pattern-height);-webkit-mask-size:var(--divider-pattern-size) 100%;mask-size:var(--divider-pattern-size) 100%;-webkit-mask-repeat:var(--divider-pattern-repeat);mask-repeat:var(--divider-pattern-repeat);background-color:var(--divider-color);-webkit-mask-image:var(--divider-pattern-url);mask-image:var(--divider-pattern-url)}.elementor-widget-divider--no-spacing{--divider-pattern-size:auto}.elementor-widget-divider--bg-round{--divider-pattern-repeat:round}.rtl .elementor-widget-divider .elementor-divider__text{direction:rtl}.e-con-inner>.elementor-widget-divider,.e-con>.elementor-widget-divider{width:var(--container-widget-width,100%);--flex-grow:var(--container-widget-flex-grow)}<\/style>\t\t<div class=\"elementor-divider\">\n\t\t\t<span class=\"elementor-divider-separator\">\n\t\t\t\t\t\t<\/span>\n\t\t<\/div>\n\t\t\t\t<\/div>\n\t\t\t\t<\/div>\n\t\t\t\t<div class=\"elementor-element elementor-element-78d2e109 elementor-widget elementor-widget-text-editor\" data-id=\"78d2e109\" data-element_type=\"widget\" data-widget_type=\"text-editor.default\">\n\t\t\t\t<div class=\"elementor-widget-container\">\n\t\t\t<style>\/*! elementor - v3.21.0 - 24-04-2024 *\/\n.elementor-widget-text-editor.elementor-drop-cap-view-stacked .elementor-drop-cap{background-color:#69727d;color:#fff}.elementor-widget-text-editor.elementor-drop-cap-view-framed .elementor-drop-cap{color:#69727d;border:3px solid;background-color:transparent}.elementor-widget-text-editor:not(.elementor-drop-cap-view-default) .elementor-drop-cap{margin-top:8px}.elementor-widget-text-editor:not(.elementor-drop-cap-view-default) .elementor-drop-cap-letter{width:1em;height:1em}.elementor-widget-text-editor .elementor-drop-cap{float:left;text-align:center;line-height:1;font-size:50px}.elementor-widget-text-editor .elementor-drop-cap-letter{display:inline-block}<\/style>\t\t\t\t<p>L\u2019Association africaine des techniciens v\u00e9t\u00e9rinaires (AVTA) est profond\u00e9ment impliqu\u00e9e dans les initiatives de plaidoyer technique et d\u2019engagement gouvernemental visant \u00e0 faire progresser la profession de technicien v\u00e9t\u00e9rinaire \u00e0 travers l\u2019Afrique. Notre cadre de plaidoyer technique englobe les objectifs fondamentaux suivants\u00a0:<\/p><p><strong>Plaidoyer politique<\/strong>: AVTA s&#039;engage activement aupr\u00e8s des d\u00e9cideurs politiques pour influencer la formulation et la mise en \u0153uvre de politiques qui ont un impact direct sur les techniciens v\u00e9t\u00e9rinaires. Cela implique de plaider en faveur de l\u2019\u00e9tablissement de cadres r\u00e9glementaires clairs qui respectent les normes professionnelles, les exigences en mati\u00e8re d\u2019autorisation d\u2019exercer et le champ d\u2019exercice des techniciens v\u00e9t\u00e9rinaires.<\/p><p><strong>Acquisition de soutien gouvernemental<\/strong>: Nous recherchons strat\u00e9giquement le soutien du gouvernement pour renforcer les ressources disponibles pour les techniciens v\u00e9t\u00e9rinaires. Cela implique de plaider en faveur d\u2019allocations de fonds pour les programmes d\u2019\u00e9ducation et de formation continue, d\u2019\u00e9quiper les installations v\u00e9t\u00e9rinaires d\u2019une technologie de pointe et de faciliter l\u2019acc\u00e8s aux fournitures et m\u00e9dicaments essentiels.<\/p><p><strong>Reconnaissance et investissement du gouvernement<\/strong>: AVTA milite pour la reconnaissance officielle des techniciens v\u00e9t\u00e9rinaires en tant que membres \u00e0 part enti\u00e8re du personnel de sant\u00e9 v\u00e9t\u00e9rinaire. Cette reconnaissance sert de catalyseur pour un investissement accru dans la profession, conduisant \u00e0 de meilleures perspectives de carri\u00e8re, \u00e0 de meilleures conditions de travail et \u00e0 des opportunit\u00e9s de recherche \u00e9largies.<\/p><p><strong>Partenariats et collaborations<\/strong>: Nous forgeons des partenariats strat\u00e9giques avec des agences gouvernementales, des \u00e9tablissements universitaires, des acteurs de l&#039;industrie et des organisations internationales pour amplifier nos efforts de plaidoyer. Les initiatives collaboratives nous permettent de tirer parti de diverses expertises et ressources pour atteindre des objectifs communs, tels que l\u2019avancement de la formation des techniciens v\u00e9t\u00e9rinaires, le renforcement des syst\u00e8mes de surveillance des maladies et la promotion des principes \u00ab\u00a0Une seule sant\u00e9\u00a0\u00bb.<\/p><p>Gr\u00e2ce \u00e0 nos efforts de plaidoyer technique, AVTA vise \u00e0 cr\u00e9er un environnement propice dans lequel les techniciens v\u00e9t\u00e9rinaires peuvent s\u2019\u00e9panouir, contribuer efficacement aux strat\u00e9gies de gestion de la sant\u00e9 animale et de contr\u00f4le des maladies et, \u00e0 terme, \u00e9lever le niveau des soins v\u00e9t\u00e9rinaires dans toute l\u2019Afrique.<\/p>\t\t\t\t\t\t<\/div>\n\t\t\t\t<\/div>\n\t\t\t\t\t<\/div>\n\t\t\t\t<\/div>\n\t\t\t\t\t<\/div>\n\t\t\t\t<\/div>\n\t\t<div class=\"elementor-element elementor-element-a06f017 e-flex e-con-boxed e-con e-parent\" data-id=\"a06f017\" data-element_type=\"container\" data-settings=\"{&quot;jet_parallax_layout_list&quot;:[]}\">\n\t\t\t\t\t<div class=\"e-con-inner\">\n\t\t<div class=\"elementor-element elementor-element-ac8791b e-flex e-con-boxed e-con e-child\" data-id=\"ac8791b\" data-element_type=\"container\" data-settings=\"{&quot;jet_parallax_layout_list&quot;:[]}\">\n\t\t\t\t\t<div class=\"e-con-inner\">\n\t\t\t\t<div class=\"elementor-element elementor-element-2f5a724 elementor-widget elementor-widget-heading\" data-id=\"2f5a724\" data-element_type=\"widget\" data-widget_type=\"heading.default\">\n\t\t\t\t<div class=\"elementor-widget-container\">\n\t\t\t<h2 class=\"elementor-heading-title elementor-size-default\">Pression<\/h2>\t\t<\/div>\n\t\t\t\t<\/div>\n\t\t\t\t<div class=\"elementor-element elementor-element-19f2093 elementor-widget-divider--view-line elementor-widget elementor-widget-divider\" data-id=\"19f2093\" data-element_type=\"widget\" data-widget_type=\"divider.default\">\n\t\t\t\t<div class=\"elementor-widget-container\">\n\t\t\t\t\t<div class=\"elementor-divider\">\n\t\t\t<span class=\"elementor-divider-separator\">\n\t\t\t\t\t\t<\/span>\n\t\t<\/div>\n\t\t\t\t<\/div>\n\t\t\t\t<\/div>\n\t\t\t\t<div class=\"elementor-element elementor-element-629fe6a elementor-widget elementor-widget-text-editor\" data-id=\"629fe6a\" data-element_type=\"widget\" data-widget_type=\"text-editor.default\">\n\t\t\t\t<div class=\"elementor-widget-container\">\n\t\t\t\t\t\t\t<p>Le lobbying joue un r\u00f4le crucial dans la strat\u00e9gie de plaidoyer et d&#039;engagement du gouvernement de l&#039;AVTA. Nous participons activement aux efforts de lobbying pour influencer les d\u00e9cisions l\u00e9gislatives et les politiques qui ont un impact sur la profession de technicien v\u00e9t\u00e9rinaire. Cela comprend des rencontres avec des l\u00e9gislateurs, des repr\u00e9sentants du gouvernement et des parties prenantes cl\u00e9s pour fournir des avis d&#039;experts, des arguments fond\u00e9s sur des donn\u00e9es et des exemples concrets qui d\u00e9montrent l&#039;importance de soutenir les techniciens v\u00e9t\u00e9rinaires. Nos efforts de lobbying se concentrent sur la promotion de changements l\u00e9gislatifs qui s&#039;alignent sur les meilleures pratiques en mati\u00e8re de soins v\u00e9t\u00e9rinaires, favorisent les opportunit\u00e9s de d\u00e9veloppement professionnel pour les techniciens v\u00e9t\u00e9rinaires et am\u00e9liorent la qualit\u00e9 globale des services de sant\u00e9 animale. En s&#039;engageant dans des activit\u00e9s de lobbying strat\u00e9gique, AVTA amplifie la voix des techniciens v\u00e9t\u00e9rinaires et veille \u00e0 ce que leurs points de vue soient pris en compte dans les processus d\u00e9cisionnels qui fa\u00e7onnent l&#039;avenir de la profession.<\/p>\t\t\t\t\t\t<\/div>\n\t\t\t\t<\/div>\n\t\t\t\t\t<\/div>\n\t\t\t\t<\/div>\n\t\t\t\t\t<\/div>\n\t\t\t\t<\/div>\n\t\t\t\t<\/div>","protected":false},"excerpt":{"rendered":"<p>Advocacy &#038; Government Engagement The Africa Veterinary Technician Association (AVTA) is deeply involved in technical advocacy and government engagement initiatives aimed at advancing the veterinary technician profession across Africa. Our technical advocacy framework encompasses the following core objectives: Policy Advocacy: AVTA actively engages with policymakers to influence the formulation and implementation of policies that directly [&hellip;]<\/p>","protected":false},"author":1,"featured_media":0,"parent":0,"menu_order":0,"comment_status":"closed","ping_status":"closed","template":"","meta":{"footnotes":""},"_links":{"self":[{"href":"https:\/\/avta-africa.org\/fr\/wp-json\/wp\/v2\/pages\/1217"}],"collection":[{"href":"https:\/\/avta-africa.org\/fr\/wp-json\/wp\/v2\/pages"}],"about":[{"href":"https:\/\/avta-africa.org\/fr\/wp-json\/wp\/v2\/types\/page"}],"author":[{"embeddable":true,"href":"https:\/\/avta-africa.org\/fr\/wp-json\/wp\/v2\/users\/1"}],"replies":[{"embeddable":true,"href":"https:\/\/avta-africa.org\/fr\/wp-json\/wp\/v2\/comments?post=1217"}],"version-history":[{"count":13,"href":"https:\/\/avta-africa.org\/fr\/wp-json\/wp\/v2\/pages\/1217\/revisions"}],"predecessor-version":[{"id":1232,"href":"https:\/\/avta-africa.org\/fr\/wp-json\/wp\/v2\/pages\/1217\/revisions\/1232"}],"wp:attachment":[{"href":"https:\/\/avta-africa.org\/fr\/wp-json\/wp\/v2\/media?parent=1217"}],"curies":[{"name":"wp","href":"https:\/\/api.w.org\/{rel}","templated":true}]}}