{"id":296,"date":"2024-03-12T05:03:55","date_gmt":"2024-03-12T05:03:55","guid":{"rendered":"https:\/\/skillcollage.co.ke\/avta\/?page_id=296"},"modified":"2024-03-19T16:38:33","modified_gmt":"2024-03-19T16:38:33","slug":"about","status":"publish","type":"page","link":"https:\/\/avta-africa.org\/fr\/about\/","title":{"rendered":"\u00c0 propos"},"content":{"rendered":"<div data-elementor-type=\"wp-page\" data-elementor-id=\"296\" class=\"elementor elementor-296\" data-elementor-post-type=\"page\">\n\t\t\t\t<div class=\"elementor-element elementor-element-149e683 e-flex e-con-boxed e-con e-parent\" data-id=\"149e683\" data-element_type=\"container\" data-settings=\"{&quot;background_background&quot;:&quot;classic&quot;,&quot;jet_parallax_layout_list&quot;:[]}\">\n\t\t\t\t\t<div class=\"e-con-inner\">\n\t\t\t\t<div class=\"elementor-element elementor-element-a8a6058 elementor-widget elementor-widget-heading\" data-id=\"a8a6058\" data-element_type=\"widget\" data-widget_type=\"heading.default\">\n\t\t\t\t<div class=\"elementor-widget-container\">\n\t\t\t<style>\/*! elementor - v3.21.0 - 24-04-2024 *\/\n.elementor-heading-title{padding:0;margin:0;line-height:1}.elementor-widget-heading .elementor-heading-title[class*=elementor-size-]>a{color:inherit;font-size:inherit;line-height:inherit}.elementor-widget-heading .elementor-heading-title.elementor-size-small{font-size:15px}.elementor-widget-heading .elementor-heading-title.elementor-size-medium{font-size:19px}.elementor-widget-heading .elementor-heading-title.elementor-size-large{font-size:29px}.elementor-widget-heading .elementor-heading-title.elementor-size-xl{font-size:39px}.elementor-widget-heading .elementor-heading-title.elementor-size-xxl{font-size:59px}<\/style><h2 class=\"elementor-heading-title elementor-size-default\">Qui nous sommes<\/h2>\t\t<\/div>\n\t\t\t\t<\/div>\n\t\t\t\t\t<\/div>\n\t\t\t\t<\/div>\n\t\t<div class=\"elementor-element elementor-element-f560aed e-flex e-con-boxed e-con e-parent\" data-id=\"f560aed\" data-element_type=\"container\" data-settings=\"{&quot;jet_parallax_layout_list&quot;:[]}\">\n\t\t\t\t\t<div class=\"e-con-inner\">\n\t\t<div class=\"elementor-element elementor-element-8548e42 e-con-full e-flex e-con e-child\" data-id=\"8548e42\" data-element_type=\"container\" data-settings=\"{&quot;jet_parallax_layout_list&quot;:[]}\">\n\t\t\t\t<div class=\"elementor-element elementor-element-db0434e elementor-widget elementor-widget-heading\" data-id=\"db0434e\" data-element_type=\"widget\" data-widget_type=\"heading.default\">\n\t\t\t\t<div class=\"elementor-widget-container\">\n\t\t\t<h2 class=\"elementor-heading-title elementor-size-default\">\u00c0 propos<\/h2>\t\t<\/div>\n\t\t\t\t<\/div>\n\t\t\t\t<\/div>\n\t\t<div class=\"elementor-element elementor-element-c81c7d7 e-flex e-con-boxed e-con e-child\" data-id=\"c81c7d7\" data-element_type=\"container\" data-settings=\"{&quot;jet_parallax_layout_list&quot;:[]}\">\n\t\t\t\t\t<div class=\"e-con-inner\">\n\t\t\t\t<div class=\"elementor-element elementor-element-9f25977 elementor-widget elementor-widget-text-editor\" data-id=\"9f25977\" data-element_type=\"widget\" data-widget_type=\"text-editor.default\">\n\t\t\t\t<div class=\"elementor-widget-container\">\n\t\t\t<style>\/*! elementor - v3.21.0 - 24-04-2024 *\/\n.elementor-widget-text-editor.elementor-drop-cap-view-stacked .elementor-drop-cap{background-color:#69727d;color:#fff}.elementor-widget-text-editor.elementor-drop-cap-view-framed .elementor-drop-cap{color:#69727d;border:3px solid;background-color:transparent}.elementor-widget-text-editor:not(.elementor-drop-cap-view-default) .elementor-drop-cap{margin-top:8px}.elementor-widget-text-editor:not(.elementor-drop-cap-view-default) .elementor-drop-cap-letter{width:1em;height:1em}.elementor-widget-text-editor .elementor-drop-cap{float:left;text-align:center;line-height:1;font-size:50px}.elementor-widget-text-editor .elementor-drop-cap-letter{display:inline-block}<\/style>\t\t\t\t<p>L\u2019Association Africaine des Techniciens V\u00e9t\u00e9rinaires <strong>(AVTA)<\/strong> est une association fa\u00eeti\u00e8re qui rassemble des techniciens v\u00e9t\u00e9rinaires de diff\u00e9rents pays d&#039;Afrique en tant que porte-parole reconnu et qui soutient les prestataires de services de sant\u00e9 animale pour am\u00e9liorer la sant\u00e9 animale sur le continent.<\/p><p>La vision de l&#039;association est d&#039;\u00eatre une force derri\u00e8re le d\u00e9veloppement de pratiques paraprofessionnelles v\u00e9t\u00e9rinaires pour am\u00e9liorer la prestation de services de l&#039;industrie des ressources animales et les moyens de subsistance des communaut\u00e9s en Afrique, tandis que la mission est de promouvoir les pratiques paraprofessionnelles v\u00e9t\u00e9rinaires pour am\u00e9liorer la prestation de services de l&#039;industrie des ressources animales \u00e0 travers la formation, le professionnalisme. , plaidoyer et sensibilisation du public La nature et la nomenclature des professions varient d&#039;un pays \u00e0 l&#039;autre cependant, selon le glossaire du Code terrestre WOAH, paraprofessionnel v\u00e9t\u00e9rinaire \u00ab d\u00e9signe une personne qui, aux fins du Code terrestre, est autoris\u00e9e par l&#039;organisme statutaire v\u00e9t\u00e9rinaire \u00e0 exercer certaines t\u00e2ches d\u00e9sign\u00e9es (d\u00e9pendantes de la cat\u00e9gorie de paraprofessionnel v\u00e9t\u00e9rinaire) sur un territoire et qui leur sont d\u00e9l\u00e9gu\u00e9es sous la responsabilit\u00e9 et la direction d&#039;un v\u00e9t\u00e9rinaire.<\/p><p>Les t\u00e2ches de chaque cat\u00e9gorie de paraprofessionnel v\u00e9t\u00e9rinaire devraient \u00eatre d\u00e9finies par l&#039;organisme statutaire v\u00e9t\u00e9rinaire en fonction des qualifications et de la formation, et en fonction des besoins \u00bb. Ils comprennent des technologues en sant\u00e9 animale, des technologues en animaux de laboratoire, des mar\u00e9chaux-ferrants, des techniciens dentaires \u00e9quins, des inspecteurs des viandes, des agents de production animale, des zoologues, des agents d&#039;\u00e9levage, des vaccinateurs, des agents de vulgarisation, des infirmi\u00e8res en sant\u00e9 animale, des ins\u00e9minateurs artificiels, des techniciens de laboratoire v\u00e9t\u00e9rinaire, qui peut ou non \u00eatre enregistr\u00e9 par le conseil v\u00e9t\u00e9rinaire national ou les conseils v\u00e9t\u00e9rinaires.<\/p><p>Bas\u00e9 sur les statistiques du cheptel par rapport au nombre de professionnels de la sant\u00e9 animale, dans le contexte des maladies \u00e9mergentes et de la n\u00e9cessit\u00e9 d&#039;une prestation de services plus efficace, il souligne la n\u00e9cessit\u00e9 de PPV et de domaines d&#039;intervention critiques propos\u00e9s afin d&#039;am\u00e9liorer la qualit\u00e9 des services v\u00e9t\u00e9rinaires aupr\u00e8s des petits et les nouveaux \u00e9leveurs de b\u00e9tail de taille moyenne en Afrique. Ce stagiaire contribuera \u00e0 la r\u00e9alisation de l\u2019objectif de d\u00e9veloppement durable de r\u00e9duction de la faim et de l\u2019extr\u00eame pauvret\u00e9.<\/p>\t\t\t\t\t\t<\/div>\n\t\t\t\t<\/div>\n\t\t\t\t\t<\/div>\n\t\t\t\t<\/div>\n\t\t\t\t\t<\/div>\n\t\t\t\t<\/div>\n\t\t\t\t<\/div>","protected":false},"excerpt":{"rendered":"<p>Who We Are About The Africa Veterinary Technicians Association (AVTA) is an apex association that brings together veterinary technicians from different countries of Africa as their recognized spokesperson and serve in support animal health service providers to improve animal health in the continent. The vision of the association is to be a force behind the [&hellip;]<\/p>","protected":false},"author":1,"featured_media":0,"parent":0,"menu_order":0,"comment_status":"closed","ping_status":"closed","template":"","meta":{"footnotes":""},"_links":{"self":[{"href":"https:\/\/avta-africa.org\/fr\/wp-json\/wp\/v2\/pages\/296"}],"collection":[{"href":"https:\/\/avta-africa.org\/fr\/wp-json\/wp\/v2\/pages"}],"about":[{"href":"https:\/\/avta-africa.org\/fr\/wp-json\/wp\/v2\/types\/page"}],"author":[{"embeddable":true,"href":"https:\/\/avta-africa.org\/fr\/wp-json\/wp\/v2\/users\/1"}],"replies":[{"embeddable":true,"href":"https:\/\/avta-africa.org\/fr\/wp-json\/wp\/v2\/comments?post=296"}],"version-history":[{"count":73,"href":"https:\/\/avta-africa.org\/fr\/wp-json\/wp\/v2\/pages\/296\/revisions"}],"predecessor-version":[{"id":991,"href":"https:\/\/avta-africa.org\/fr\/wp-json\/wp\/v2\/pages\/296\/revisions\/991"}],"wp:attachment":[{"href":"https:\/\/avta-africa.org\/fr\/wp-json\/wp\/v2\/media?parent=296"}],"curies":[{"name":"wp","href":"https:\/\/api.w.org\/{rel}","templated":true}]}}