{"id":440,"date":"2024-03-12T11:59:15","date_gmt":"2024-03-12T11:59:15","guid":{"rendered":"https:\/\/skillcollage.co.ke\/avta\/?page_id=440"},"modified":"2024-05-02T12:56:03","modified_gmt":"2024-05-02T12:56:03","slug":"membership","status":"publish","type":"page","link":"https:\/\/avta-africa.org\/fr\/membership\/","title":{"rendered":"Adh\u00e9sion"},"content":{"rendered":"<div data-elementor-type=\"wp-page\" data-elementor-id=\"440\" class=\"elementor elementor-440\" data-elementor-post-type=\"page\">\n\t\t\t\t<div class=\"elementor-element elementor-element-2e2982e2 e-flex e-con-boxed e-con e-parent\" data-id=\"2e2982e2\" data-element_type=\"container\" data-settings=\"{&quot;background_background&quot;:&quot;classic&quot;,&quot;jet_parallax_layout_list&quot;:[]}\">\n\t\t\t\t\t<div class=\"e-con-inner\">\n\t\t\t\t\t<\/div>\n\t\t\t\t<\/div>\n\t\t<div class=\"elementor-element elementor-element-689b827 e-flex e-con-boxed e-con e-parent\" data-id=\"689b827\" data-element_type=\"container\" data-settings=\"{&quot;jet_parallax_layout_list&quot;:[]}\">\n\t\t\t\t\t<div class=\"e-con-inner\">\n\t\t<div class=\"elementor-element elementor-element-986543b e-con-full e-flex e-con e-child\" data-id=\"986543b\" data-element_type=\"container\" data-settings=\"{&quot;jet_parallax_layout_list&quot;:[]}\">\n\t\t\t\t<div class=\"elementor-element elementor-element-f47a939 elementor-widget elementor-widget-heading\" data-id=\"f47a939\" data-element_type=\"widget\" data-widget_type=\"heading.default\">\n\t\t\t\t<div class=\"elementor-widget-container\">\n\t\t\t<style>\/*! elementor - v3.21.0 - 24-04-2024 *\/\n.elementor-heading-title{padding:0;margin:0;line-height:1}.elementor-widget-heading .elementor-heading-title[class*=elementor-size-]>a{color:inherit;font-size:inherit;line-height:inherit}.elementor-widget-heading .elementor-heading-title.elementor-size-small{font-size:15px}.elementor-widget-heading .elementor-heading-title.elementor-size-medium{font-size:19px}.elementor-widget-heading .elementor-heading-title.elementor-size-large{font-size:29px}.elementor-widget-heading .elementor-heading-title.elementor-size-xl{font-size:39px}.elementor-widget-heading .elementor-heading-title.elementor-size-xxl{font-size:59px}<\/style><h2 class=\"elementor-heading-title elementor-size-default\">Membres principaux<\/h2>\t\t<\/div>\n\t\t\t\t<\/div>\n\t\t\t\t<div class=\"elementor-element elementor-element-905cfc6 elementor-widget elementor-widget-text-editor\" data-id=\"905cfc6\" data-element_type=\"widget\" data-widget_type=\"text-editor.default\">\n\t\t\t\t<div class=\"elementor-widget-container\">\n\t\t\t<style>\/*! elementor - v3.21.0 - 24-04-2024 *\/\n.elementor-widget-text-editor.elementor-drop-cap-view-stacked .elementor-drop-cap{background-color:#69727d;color:#fff}.elementor-widget-text-editor.elementor-drop-cap-view-framed .elementor-drop-cap{color:#69727d;border:3px solid;background-color:transparent}.elementor-widget-text-editor:not(.elementor-drop-cap-view-default) .elementor-drop-cap{margin-top:8px}.elementor-widget-text-editor:not(.elementor-drop-cap-view-default) .elementor-drop-cap-letter{width:1em;height:1em}.elementor-widget-text-editor .elementor-drop-cap{float:left;text-align:center;line-height:1;font-size:50px}.elementor-widget-text-editor .elementor-drop-cap-letter{display:inline-block}<\/style>\t\t\t\t<p>L&#039;adh\u00e9sion est ouverte aux associations nationales de techniciens v\u00e9t\u00e9rinaires des pays reconnus par l&#039;Union africaine et \u00e0 d&#039;autres pays collaborateurs \u00e0 travers des blocs \u00e9conomiques r\u00e9gionaux, \u00e0 condition que ces associations soient des organisations priv\u00e9es financ\u00e9es principalement par la souscription priv\u00e9e de ses membres et de ses partenariats. Les membres individuels sont repr\u00e9sent\u00e9s \u00e0 travers leurs associations. Les membres de l\u2019Association des techniciens v\u00e9t\u00e9rinaires non membres de l\u2019UA doivent \u00eatre approuv\u00e9s par tous leurs homologues de l\u2019UA par un vote absolu.<\/p>\t\t\t\t\t\t<\/div>\n\t\t\t\t<\/div>\n\t\t\t\t<div class=\"elementor-element elementor-element-ae6cfcc elementor-widget-divider--view-line elementor-widget elementor-widget-divider\" data-id=\"ae6cfcc\" data-element_type=\"widget\" data-widget_type=\"divider.default\">\n\t\t\t\t<div class=\"elementor-widget-container\">\n\t\t\t<style>\/*! elementor - v3.21.0 - 24-04-2024 *\/\n.elementor-widget-divider{--divider-border-style:none;--divider-border-width:1px;--divider-color:#0c0d0e;--divider-icon-size:20px;--divider-element-spacing:10px;--divider-pattern-height:24px;--divider-pattern-size:20px;--divider-pattern-url:none;--divider-pattern-repeat:repeat-x}.elementor-widget-divider .elementor-divider{display:flex}.elementor-widget-divider .elementor-divider__text{font-size:15px;line-height:1;max-width:95%}.elementor-widget-divider .elementor-divider__element{margin:0 var(--divider-element-spacing);flex-shrink:0}.elementor-widget-divider .elementor-icon{font-size:var(--divider-icon-size)}.elementor-widget-divider .elementor-divider-separator{display:flex;margin:0;direction:ltr}.elementor-widget-divider--view-line_icon .elementor-divider-separator,.elementor-widget-divider--view-line_text .elementor-divider-separator{align-items:center}.elementor-widget-divider--view-line_icon .elementor-divider-separator:after,.elementor-widget-divider--view-line_icon .elementor-divider-separator:before,.elementor-widget-divider--view-line_text .elementor-divider-separator:after,.elementor-widget-divider--view-line_text .elementor-divider-separator:before{display:block;content:\"\";border-block-end:0;flex-grow:1;border-block-start:var(--divider-border-width) var(--divider-border-style) var(--divider-color)}.elementor-widget-divider--element-align-left .elementor-divider .elementor-divider-separator>.elementor-divider__svg:first-of-type{flex-grow:0;flex-shrink:100}.elementor-widget-divider--element-align-left .elementor-divider-separator:before{content:none}.elementor-widget-divider--element-align-left .elementor-divider__element{margin-left:0}.elementor-widget-divider--element-align-right .elementor-divider .elementor-divider-separator>.elementor-divider__svg:last-of-type{flex-grow:0;flex-shrink:100}.elementor-widget-divider--element-align-right .elementor-divider-separator:after{content:none}.elementor-widget-divider--element-align-right .elementor-divider__element{margin-right:0}.elementor-widget-divider--element-align-start .elementor-divider .elementor-divider-separator>.elementor-divider__svg:first-of-type{flex-grow:0;flex-shrink:100}.elementor-widget-divider--element-align-start .elementor-divider-separator:before{content:none}.elementor-widget-divider--element-align-start .elementor-divider__element{margin-inline-start:0}.elementor-widget-divider--element-align-end .elementor-divider .elementor-divider-separator>.elementor-divider__svg:last-of-type{flex-grow:0;flex-shrink:100}.elementor-widget-divider--element-align-end .elementor-divider-separator:after{content:none}.elementor-widget-divider--element-align-end .elementor-divider__element{margin-inline-end:0}.elementor-widget-divider:not(.elementor-widget-divider--view-line_text):not(.elementor-widget-divider--view-line_icon) .elementor-divider-separator{border-block-start:var(--divider-border-width) var(--divider-border-style) var(--divider-color)}.elementor-widget-divider--separator-type-pattern{--divider-border-style:none}.elementor-widget-divider--separator-type-pattern.elementor-widget-divider--view-line .elementor-divider-separator,.elementor-widget-divider--separator-type-pattern:not(.elementor-widget-divider--view-line) .elementor-divider-separator:after,.elementor-widget-divider--separator-type-pattern:not(.elementor-widget-divider--view-line) .elementor-divider-separator:before,.elementor-widget-divider--separator-type-pattern:not([class*=elementor-widget-divider--view]) .elementor-divider-separator{width:100%;min-height:var(--divider-pattern-height);-webkit-mask-size:var(--divider-pattern-size) 100%;mask-size:var(--divider-pattern-size) 100%;-webkit-mask-repeat:var(--divider-pattern-repeat);mask-repeat:var(--divider-pattern-repeat);background-color:var(--divider-color);-webkit-mask-image:var(--divider-pattern-url);mask-image:var(--divider-pattern-url)}.elementor-widget-divider--no-spacing{--divider-pattern-size:auto}.elementor-widget-divider--bg-round{--divider-pattern-repeat:round}.rtl .elementor-widget-divider .elementor-divider__text{direction:rtl}.e-con-inner>.elementor-widget-divider,.e-con>.elementor-widget-divider{width:var(--container-widget-width,100%);--flex-grow:var(--container-widget-flex-grow)}<\/style>\t\t<div class=\"elementor-divider\">\n\t\t\t<span class=\"elementor-divider-separator\">\n\t\t\t\t\t\t<\/span>\n\t\t<\/div>\n\t\t\t\t<\/div>\n\t\t\t\t<\/div>\n\t\t\t\t<div class=\"elementor-element elementor-element-758c69e elementor-widget elementor-widget-heading\" data-id=\"758c69e\" data-element_type=\"widget\" data-widget_type=\"heading.default\">\n\t\t\t\t<div class=\"elementor-widget-container\">\n\t\t\t<h2 class=\"elementor-heading-title elementor-size-default\">Adh\u00e9sion priv\u00e9e<\/h2>\t\t<\/div>\n\t\t\t\t<\/div>\n\t\t\t\t<div class=\"elementor-element elementor-element-80a8a47 elementor-widget elementor-widget-text-editor\" data-id=\"80a8a47\" data-element_type=\"widget\" data-widget_type=\"text-editor.default\">\n\t\t\t\t<div class=\"elementor-widget-container\">\n\t\t\t\t\t\t\t<p>Ils comprennent des intervenants et des organisations non gouvernementales qui ajoutent de la valeur \u00e0 l&#039;industrie des ressources animales. peuvent \u00eatre admis comme membres pour une p\u00e9riode d\u00e9termin\u00e9e mais n\u2019ont pas de droit de vote. Les organisations autres que les associations nationales de techniciens v\u00e9t\u00e9rinaires peuvent se voir accorder une adh\u00e9sion priv\u00e9e aux assembl\u00e9es g\u00e9n\u00e9rales ou sp\u00e9ciales de l&#039;AVTA. Les membres priv\u00e9s potentiels doivent faire une demande par \u00e9crit au secr\u00e9taire honoraire de l&#039;AVTA. Cette demande doit \u00eatre d\u00e9pos\u00e9e avant une r\u00e9union du comit\u00e9 ex\u00e9cutif d\u00fbment constitu\u00e9 pour examen et l&#039;admission se fera sur le vote unanime des membres du comit\u00e9 ex\u00e9cutif pr\u00e9sents et votants. En cas d&#039;absence de vote unanime pour l&#039;admission, la candidature<\/p>\t\t\t\t\t\t<\/div>\n\t\t\t\t<\/div>\n\t\t\t\t<div class=\"elementor-element elementor-element-92d3df9 elementor-widget-divider--view-line elementor-widget elementor-widget-divider\" data-id=\"92d3df9\" data-element_type=\"widget\" data-widget_type=\"divider.default\">\n\t\t\t\t<div class=\"elementor-widget-container\">\n\t\t\t\t\t<div class=\"elementor-divider\">\n\t\t\t<span class=\"elementor-divider-separator\">\n\t\t\t\t\t\t<\/span>\n\t\t<\/div>\n\t\t\t\t<\/div>\n\t\t\t\t<\/div>\n\t\t\t\t<div class=\"elementor-element elementor-element-2014444 elementor-widget elementor-widget-heading\" data-id=\"2014444\" data-element_type=\"widget\" data-widget_type=\"heading.default\">\n\t\t\t\t<div class=\"elementor-widget-container\">\n\t\t\t<h2 class=\"elementor-heading-title elementor-size-default\">Adh\u00e9sion associ\u00e9e<\/h2>\t\t<\/div>\n\t\t\t\t<\/div>\n\t\t\t\t<div class=\"elementor-element elementor-element-75208dc elementor-widget elementor-widget-text-editor\" data-id=\"75208dc\" data-element_type=\"widget\" data-widget_type=\"text-editor.default\">\n\t\t\t\t<div class=\"elementor-widget-container\">\n\t\t\t\t\t\t\t<p>Doit \u00eatre compos\u00e9 des autorit\u00e9s nationales de r\u00e9glementation v\u00e9t\u00e9rinaire des pays membres de l\u2019UA ou des r\u00e9gulateurs de la pratique v\u00e9t\u00e9rinaire des diff\u00e9rentes associations membres. Les associations para-v\u00e9t\u00e9rinaires (y compris les groupes\/associations de sp\u00e9cialit\u00e9s para-professionnelles v\u00e9t\u00e9rinaires enregistr\u00e9es dans les \u00c9tats membres de l&#039;UA qui ne sont pas consid\u00e9r\u00e9es comme membres principaux peuvent \u00e9galement \u00eatre consid\u00e9r\u00e9es comme membres associ\u00e9s une fois que leur demande d&#039;adh\u00e9sion \u00e0 l&#039;AVTA a \u00e9t\u00e9 accord\u00e9e par le comit\u00e9 ex\u00e9cutif. Les membres associ\u00e9s doivent n&#039;ont pas de droit de vote.<\/p>\t\t\t\t\t\t<\/div>\n\t\t\t\t<\/div>\n\t\t\t\t<div class=\"elementor-element elementor-element-6c78010 elementor-widget-divider--view-line elementor-widget elementor-widget-divider\" data-id=\"6c78010\" data-element_type=\"widget\" data-widget_type=\"divider.default\">\n\t\t\t\t<div class=\"elementor-widget-container\">\n\t\t\t\t\t<div class=\"elementor-divider\">\n\t\t\t<span class=\"elementor-divider-separator\">\n\t\t\t\t\t\t<\/span>\n\t\t<\/div>\n\t\t\t\t<\/div>\n\t\t\t\t<\/div>\n\t\t\t\t<div class=\"elementor-element elementor-element-c134ba7 elementor-widget elementor-widget-heading\" data-id=\"c134ba7\" data-element_type=\"widget\" data-widget_type=\"heading.default\">\n\t\t\t\t<div class=\"elementor-widget-container\">\n\t\t\t<h2 class=\"elementor-heading-title elementor-size-default\">Adh\u00e9sion honoraire<\/h2>\t\t<\/div>\n\t\t\t\t<\/div>\n\t\t\t\t<div class=\"elementor-element elementor-element-6a2fb39 elementor-widget elementor-widget-text-editor\" data-id=\"6a2fb39\" data-element_type=\"widget\" data-widget_type=\"text-editor.default\">\n\t\t\t\t<div class=\"elementor-widget-container\">\n\t\t\t\t\t\t\t<p>Ceci sera d\u00e9termin\u00e9 de temps \u00e0 autre par le Comit\u00e9 Ex\u00e9cutif. Le statut de membre honoraire peut \u00eatre offert par le comit\u00e9 ex\u00e9cutif aux membres des associations affili\u00e9es ou \u00e0 des non-parav\u00e9t\u00e9rinaires que l&#039;association consid\u00e8re comme ayant rendu des services exceptionnels \u00e0 la profession para-v\u00e9t\u00e9rinaire de la r\u00e9gion. Ils n&#039;ont aucun droit de vote \u00e0 moins qu&#039;ils n&#039;aient en outre \u00e9t\u00e9 nomm\u00e9s pour repr\u00e9senter les associations membres.<\/p>\t\t\t\t\t\t<\/div>\n\t\t\t\t<\/div>\n\t\t\t\t<div class=\"elementor-element elementor-element-f0c1290 elementor-widget-divider--view-line elementor-widget elementor-widget-divider\" data-id=\"f0c1290\" data-element_type=\"widget\" data-widget_type=\"divider.default\">\n\t\t\t\t<div class=\"elementor-widget-container\">\n\t\t\t\t\t<div class=\"elementor-divider\">\n\t\t\t<span class=\"elementor-divider-separator\">\n\t\t\t\t\t\t<\/span>\n\t\t<\/div>\n\t\t\t\t<\/div>\n\t\t\t\t<\/div>\n\t\t\t\t<div class=\"elementor-element elementor-element-5acf6cd elementor-widget elementor-widget-heading\" data-id=\"5acf6cd\" data-element_type=\"widget\" data-widget_type=\"heading.default\">\n\t\t\t\t<div class=\"elementor-widget-container\">\n\t\t\t<h2 class=\"elementor-heading-title elementor-size-default\">Adh\u00e9sion corporative<\/h2>\t\t<\/div>\n\t\t\t\t<\/div>\n\t\t\t\t<div class=\"elementor-element elementor-element-1806cee elementor-widget elementor-widget-text-editor\" data-id=\"1806cee\" data-element_type=\"widget\" data-widget_type=\"text-editor.default\">\n\t\t\t\t<div class=\"elementor-widget-container\">\n\t\t\t\t\t\t\t<p>Les principaux sponsors et partenaires r\u00e9gionaux peuvent devenir membres corporatifs pour une p\u00e9riode sp\u00e9cifi\u00e9e par le comit\u00e9 ex\u00e9cutif de l&#039;AVTA, mais n&#039;ont aucun droit de vote. Les membres corporatifs potentiels doivent postuler par \u00e9crit au secr\u00e9taire honoraire de l&#039;AVTA. Cette candidature doit \u00eatre d\u00e9pos\u00e9e devant une r\u00e9union du comit\u00e9 ex\u00e9cutif d\u00fbment constitu\u00e9e pour examen et l&#039;admission se fera sur le vote unanime des membres du comit\u00e9 ex\u00e9cutif pr\u00e9sents et votants. En cas d\u2019absence de vote unanime pour l\u2019admission, la candidature pourra \u00eatre report\u00e9e \u00e0 la prochaine r\u00e9union du Comit\u00e9 Ex\u00e9cutif relative \u00e0 l\u2019admission. Ils n&#039;ont aucun droit de vote.<\/p>\t\t\t\t\t\t<\/div>\n\t\t\t\t<\/div>\n\t\t\t\t<div class=\"elementor-element elementor-element-638a183 elementor-widget-divider--view-line elementor-widget elementor-widget-divider\" data-id=\"638a183\" data-element_type=\"widget\" data-widget_type=\"divider.default\">\n\t\t\t\t<div class=\"elementor-widget-container\">\n\t\t\t\t\t<div class=\"elementor-divider\">\n\t\t\t<span class=\"elementor-divider-separator\">\n\t\t\t\t\t\t<\/span>\n\t\t<\/div>\n\t\t\t\t<\/div>\n\t\t\t\t<\/div>\n\t\t\t\t<div class=\"elementor-element elementor-element-7afc53b elementor-widget elementor-widget-heading\" data-id=\"7afc53b\" data-element_type=\"widget\" data-widget_type=\"heading.default\">\n\t\t\t\t<div class=\"elementor-widget-container\">\n\t\t\t<h2 class=\"elementor-heading-title elementor-size-default\">Comit\u00e9 ex\u00e9cutif<\/h2>\t\t<\/div>\n\t\t\t\t<\/div>\n\t\t\t\t<div class=\"elementor-element elementor-element-5492be1 elementor-widget elementor-widget-text-editor\" data-id=\"5492be1\" data-element_type=\"widget\" data-widget_type=\"text-editor.default\">\n\t\t\t\t<div class=\"elementor-widget-container\">\n\t\t\t\t\t\t\t<p>Le pr\u00e9sident, le pr\u00e9sident sortant, le premier vice-pr\u00e9sident, le deuxi\u00e8me vice-pr\u00e9sident, les membres du Conseil et le chef du Secr\u00e9tariat constitueront une cat\u00e9gorie de membres sans droit de vote, \u00e0 l&#039;exception des membres du Conseil et d&#039;une voix pr\u00e9pond\u00e9rante du pr\u00e9sident.<\/p>\t\t\t\t\t\t<\/div>\n\t\t\t\t<\/div>\n\t\t\t\t<div class=\"elementor-element elementor-element-073fa14 elementor-widget-divider--view-line elementor-widget elementor-widget-divider\" data-id=\"073fa14\" data-element_type=\"widget\" data-widget_type=\"divider.default\">\n\t\t\t\t<div class=\"elementor-widget-container\">\n\t\t\t\t\t<div class=\"elementor-divider\">\n\t\t\t<span class=\"elementor-divider-separator\">\n\t\t\t\t\t\t<\/span>\n\t\t<\/div>\n\t\t\t\t<\/div>\n\t\t\t\t<\/div>\n\t\t\t\t<div class=\"elementor-element elementor-element-4c0729d elementor-widget elementor-widget-heading\" data-id=\"4c0729d\" data-element_type=\"widget\" data-widget_type=\"heading.default\">\n\t\t\t\t<div class=\"elementor-widget-container\">\n\t\t\t<h2 class=\"elementor-heading-title elementor-size-default\">Obligations<\/h2>\t\t<\/div>\n\t\t\t\t<\/div>\n\t\t\t\t<div class=\"elementor-element elementor-element-191a9fa elementor-widget elementor-widget-text-editor\" data-id=\"191a9fa\" data-element_type=\"widget\" data-widget_type=\"text-editor.default\">\n\t\t\t\t<div class=\"elementor-widget-container\">\n\t\t\t\t\t\t\t<p>L&#039;adh\u00e9sion \u00e0 l&#039;AVTA impliquera la participation volontaire des pays membres, tandis que l&#039;obligation de l&#039;association membre ou des individus de participer \u00e0 toute activit\u00e9 de l&#039;AVTA sera guid\u00e9e par la Constitution et les r\u00e8glements de l&#039;AVTA. Les membres de l&#039;AVTA choisissant de ne participer \u00e0 aucune AVTA ne doivent pas emp\u00eacher les autres de le faire.<\/p>\t\t\t\t\t\t<\/div>\n\t\t\t\t<\/div>\n\t\t\t\t<\/div>\n\t\t\t\t\t<\/div>\n\t\t\t\t<\/div>\n\t\t<div class=\"elementor-element elementor-element-470063e3 e-flex e-con-boxed e-con e-parent\" data-id=\"470063e3\" data-element_type=\"container\" data-settings=\"{&quot;jet_parallax_layout_list&quot;:[]}\">\n\t\t\t\t\t<div class=\"e-con-inner\">\n\t\t<div class=\"elementor-element elementor-element-1b8035a7 e-flex e-con-boxed e-con e-child\" data-id=\"1b8035a7\" data-element_type=\"container\" data-settings=\"{&quot;jet_parallax_layout_list&quot;:[]}\">\n\t\t\t\t\t<div class=\"e-con-inner\">\n\t\t\t\t<div class=\"elementor-element elementor-element-1a76c86e elementor-widget elementor-widget-heading\" data-id=\"1a76c86e\" data-element_type=\"widget\" data-widget_type=\"heading.default\">\n\t\t\t\t<div class=\"elementor-widget-container\">\n\t\t\t<h2 class=\"elementor-heading-title elementor-size-default\">Int\u00e9ress\u00e9 \u00e0 devenir membre. Remplissez le formulaire ci-dessous et <\/h2>\t\t<\/div>\n\t\t\t\t<\/div>\n\t\t\t\t<div class=\"elementor-element elementor-element-50115b0f elementor-widget elementor-widget-jet-button\" data-id=\"50115b0f\" data-element_type=\"widget\" data-widget_type=\"jet-button.default\">\n\t\t\t\t<div class=\"elementor-widget-container\">\n\t\t\t<div class=\"elementor-jet-button jet-elements\"><div class=\"jet-button__container\">\n\t<a class=\"jet-button__instance jet-button__instance--icon-left hover-effect-0\" href=\"https:\/\/avta-africa.org\/fr\/become-a-member\/\">\n\t\t<div class=\"jet-button__plane jet-button__plane-normal\"><\/div>\n\t\t<div class=\"jet-button__plane jet-button__plane-hover\"><\/div>\n\t\t<div class=\"jet-button__state jet-button__state-normal\">\n\t\t\t<span class=\"jet-button__label\">S&#039;inscrire maintenant<\/span>\t\t<\/div>\n\t\t<div class=\"jet-button__state jet-button__state-hover\">\n\t\t\t<span class=\"jet-button__label\">S&#039;inscrire maintenant<\/span>\t\t<\/div>\n\t<\/a>\n<\/div>\n<\/div>\t\t<\/div>\n\t\t\t\t<\/div>\n\t\t\t\t\t<\/div>\n\t\t\t\t<\/div>\n\t\t\t\t\t<\/div>\n\t\t\t\t<\/div>\n\t\t\t\t<\/div>","protected":false},"excerpt":{"rendered":"<p>Principal Members Membership is open to National Veterinary Technician Associations of countries recognized by the African Union and other collaborating countries through regional economic blocks, provided that such associations are private organizations funded mainly by private subscription of its members and partnerships. Individual members are represented through their associations. Non-AU Veterinary Technicians Association members must [&hellip;]<\/p>","protected":false},"author":1,"featured_media":0,"parent":0,"menu_order":0,"comment_status":"closed","ping_status":"closed","template":"","meta":{"footnotes":""},"_links":{"self":[{"href":"https:\/\/avta-africa.org\/fr\/wp-json\/wp\/v2\/pages\/440"}],"collection":[{"href":"https:\/\/avta-africa.org\/fr\/wp-json\/wp\/v2\/pages"}],"about":[{"href":"https:\/\/avta-africa.org\/fr\/wp-json\/wp\/v2\/types\/page"}],"author":[{"embeddable":true,"href":"https:\/\/avta-africa.org\/fr\/wp-json\/wp\/v2\/users\/1"}],"replies":[{"embeddable":true,"href":"https:\/\/avta-africa.org\/fr\/wp-json\/wp\/v2\/comments?post=440"}],"version-history":[{"count":82,"href":"https:\/\/avta-africa.org\/fr\/wp-json\/wp\/v2\/pages\/440\/revisions"}],"predecessor-version":[{"id":1478,"href":"https:\/\/avta-africa.org\/fr\/wp-json\/wp\/v2\/pages\/440\/revisions\/1478"}],"wp:attachment":[{"href":"https:\/\/avta-africa.org\/fr\/wp-json\/wp\/v2\/media?parent=440"}],"curies":[{"name":"wp","href":"https:\/\/api.w.org\/{rel}","templated":true}]}}