{"id":552,"date":"2024-03-11T08:29:11","date_gmt":"2024-03-11T08:29:11","guid":{"rendered":"https:\/\/skillcollage.co.ke\/avta\/?page_id=9"},"modified":"2024-03-12T07:03:56","modified_gmt":"2024-03-12T07:03:56","slug":"home","status":"publish","type":"page","link":"https:\/\/avta-africa.org\/fr\/home\/","title":{"rendered":"Home &#8211; Fran\u00e7ais"},"content":{"rendered":"<div data-elementor-type=\"wp-page\" data-elementor-id=\"552\" class=\"elementor elementor-552\" data-elementor-post-type=\"page\">\n\t\t\t\t<div class=\"elementor-element elementor-element-c515ea6 e-flex e-con-boxed e-con e-parent\" data-id=\"c515ea6\" data-element_type=\"container\" data-settings=\"{&quot;background_background&quot;:&quot;classic&quot;,&quot;jet_parallax_layout_list&quot;:[]}\">\n\t\t\t\t\t<div class=\"e-con-inner\">\n\t\t\t\t\t<\/div>\n\t\t\t\t<\/div>\n\t\t<div class=\"elementor-element elementor-element-5eb4bf9 e-flex e-con-boxed e-con e-parent\" data-id=\"5eb4bf9\" data-element_type=\"container\" data-settings=\"{&quot;jet_parallax_layout_list&quot;:[]}\">\n\t\t\t\t\t<div class=\"e-con-inner\">\n\t\t<div class=\"elementor-element elementor-element-cb7c9bc e-con-full e-flex e-con e-child\" data-id=\"cb7c9bc\" data-element_type=\"container\" data-settings=\"{&quot;jet_parallax_layout_list&quot;:[]}\">\n\t\t\t\t<\/div>\n\t\t<div class=\"elementor-element elementor-element-9031b80 e-con-full e-flex e-con e-child\" data-id=\"9031b80\" data-element_type=\"container\" data-settings=\"{&quot;jet_parallax_layout_list&quot;:[]}\">\n\t\t\t\t<div class=\"elementor-element elementor-element-55b01ae elementor-widget elementor-widget-heading\" data-id=\"55b01ae\" data-element_type=\"widget\" data-widget_type=\"heading.default\">\n\t\t\t\t<div class=\"elementor-widget-container\">\n\t\t\t<style>\/*! elementor - v3.21.0 - 24-04-2024 *\/\n.elementor-heading-title{padding:0;margin:0;line-height:1}.elementor-widget-heading .elementor-heading-title[class*=elementor-size-]>a{color:inherit;font-size:inherit;line-height:inherit}.elementor-widget-heading .elementor-heading-title.elementor-size-small{font-size:15px}.elementor-widget-heading .elementor-heading-title.elementor-size-medium{font-size:19px}.elementor-widget-heading .elementor-heading-title.elementor-size-large{font-size:29px}.elementor-widget-heading .elementor-heading-title.elementor-size-xl{font-size:39px}.elementor-widget-heading .elementor-heading-title.elementor-size-xxl{font-size:59px}<\/style><h2 class=\"elementor-heading-title elementor-size-default\">Qui nous sommes<\/h2>\t\t<\/div>\n\t\t\t\t<\/div>\n\t\t\t\t<div class=\"elementor-element elementor-element-04eae74 elementor-widget elementor-widget-text-editor\" data-id=\"04eae74\" data-element_type=\"widget\" data-widget_type=\"text-editor.default\">\n\t\t\t\t<div class=\"elementor-widget-container\">\n\t\t\t<style>\/*! elementor - v3.21.0 - 24-04-2024 *\/\n.elementor-widget-text-editor.elementor-drop-cap-view-stacked .elementor-drop-cap{background-color:#69727d;color:#fff}.elementor-widget-text-editor.elementor-drop-cap-view-framed .elementor-drop-cap{color:#69727d;border:3px solid;background-color:transparent}.elementor-widget-text-editor:not(.elementor-drop-cap-view-default) .elementor-drop-cap{margin-top:8px}.elementor-widget-text-editor:not(.elementor-drop-cap-view-default) .elementor-drop-cap-letter{width:1em;height:1em}.elementor-widget-text-editor .elementor-drop-cap{float:left;text-align:center;line-height:1;font-size:50px}.elementor-widget-text-editor .elementor-drop-cap-letter{display:inline-block}<\/style>\t\t\t\t<p>L&#039;Association africaine des techniciens v\u00e9t\u00e9rinaires (AVTA) est une association fa\u00eeti\u00e8re qui rassemble des techniciens v\u00e9t\u00e9rinaires de diff\u00e9rents pays d&#039;Afrique en tant que porte-parole reconnu et qui soutient les prestataires de services de sant\u00e9 animale pour am\u00e9liorer la sant\u00e9 animale sur le continent. La vision de l&#039;association est d&#039;\u00eatre une force derri\u00e8re le d\u00e9veloppement de pratiques paraprofessionnelles v\u00e9t\u00e9rinaires pour am\u00e9liorer la prestation de services de l&#039;industrie des ressources animales et les moyens de subsistance des communaut\u00e9s en Afrique, tandis que la mission est de promouvoir les pratiques paraprofessionnelles v\u00e9t\u00e9rinaires pour l&#039;am\u00e9lioration de l&#039;industrie des ressources animales.<\/p>\t\t\t\t\t\t<\/div>\n\t\t\t\t<\/div>\n\t\t\t\t<div class=\"elementor-element elementor-element-e8d30a6 elementor-view-default elementor-widget elementor-widget-icon\" data-id=\"e8d30a6\" data-element_type=\"widget\" data-widget_type=\"icon.default\">\n\t\t\t\t<div class=\"elementor-widget-container\">\n\t\t\t\t\t<div class=\"elementor-icon-wrapper\">\n\t\t\t<div class=\"elementor-icon\">\n\t\t\t<svg xmlns=\"http:\/\/www.w3.org\/2000\/svg\" xmlns:xlink=\"http:\/\/www.w3.org\/1999\/xlink\" width=\"800px\" height=\"800px\" viewbox=\"0 0 100 100\" aria-hidden=\"true\" class=\"iconify iconify--gis\" preserveaspectratio=\"xMidYMid meet\" fill=\"#252060\"><g id=\"SVGRepo_bgCarrier\" stroke-width=\"0\"><\/g><g id=\"SVGRepo_tracerCarrier\" stroke-linecap=\"round\" stroke-linejoin=\"round\"><\/g><g id=\"SVGRepo_iconCarrier\"><path d=\"M50 0C22.404 0 0 22.404 0 50s22.404 50 50 50c27.546 0 49.911-22.324 49.992-49.852A1.5 1.5 0 0 0 100 50a1.5 1.5 0 0 0-.006-.133C99.922 22.332 77.552 0 50 0zm0 3c2.776 0 5.49.254 8.133.715c.638 1.396 4.103 1.696.43 1.451c-1.416 2.02-7.019-2.123-10.75.047c-1.119 1.576-8.2 3.272-5.54 5.828c3.787-.687-.417-.067-.304 1.813c-1.936.67-4.686 3.87-4.647.595c-.48-2.398 2.162-4.607-2.115-2.81c-.235 1.306-6.674 3.82-3.453 4.398c3.387-1.7-1.353 2.698 2.59.963c-2.691 1.22-.65 2.551-1.885 5.24c-4.353-2.035-6.359 1.822-7.27 5.52c1.032.097 1.382.636 1.282 1.28c.522.051 1.26.123 1.593.153c2.183-.167 4.193-1.598 5.235-3.683c2.483-1.893 4.515-2.98 7.523-2.838c-1.443-.245-3.368 6.082-.443 3.687c-1.258-5.365 5.58.518 4.082.551c-2.513.372-3.32 1.016-1.156 2.83c1.507 1.147 2.433-4.392 4.275-3.427c-.245-1.055-4.553-4.45-3.916-4.272c.147.041.557.274 1.342.768c3.546 1.116 2.965 5.69 6.185 7.298c2.24 2.913 5.706-1.689 8.155-.293c.084 1.922 2.252 1.727 2.168-.332c2.445 1.872-.26 6.487-3.655 4.641c-3.224 1.858-7.833-4.413-9.785.344c-.87 2.244-3.849-1.737-5.082-1.822c-4.305.477-.172-4.208-3.154-4.71c-3.843-.033-7.797 1.58-11.498 1.34c-2.013.619-3.276 1.445-4.479 2.188c-1.155 1.724-3.425 2.954-5.76 6.254c-.428.66-1.172 1.478-2.058 2.47c-1.212 4.123-2.697 8.25-2.463 12.54c2.643 2.788 3.263 9.522 8.455 8.988c3.43 1.772 6.028-1.288 9.244-.26c.593 3.341 6.865 1.95 5.174 5.295c-1.765 3.996 3.393 5.923 4.236 9.56c2.202 3.636-3.322 7.426 1.114 10.555c2.456 4.07 5.302 10.253 11.18 7.848c4.573-.293 7.37-4.15 10.226-6.781c-.259-4.826 8.459-4.3 6.508-10.436c-1.15-.724.072-3.625-.56-4.652c.654-1.345 2.958-5.176 5.187-7.051c3.417-2.65 4.85-6.796 5.978-10.807c-.698-3.373-2.29-.072-4.318-.215c-5.396 2.001.127-2.32 2.158-3.55c2.866-1.689 5.654-4.57 6.285-7.64c2.656-2.87-6.413-5.658-.715-4.72c3.603-.703 5.451-1.131 6.373 2.319c3.53 1.396 3.249 7.793 5.237 11.277c1.03-1.27.618-.283 1.056 1.244c1.15-3.297-1.273-8.61-.52-12.896A47.197 47.197 0 0 1 97 50c0 25.975-21.025 47-47 47S3 75.975 3 50C3 29.806 15.71 12.61 33.57 5.953c1.734-.496 3.47-.987 5.168-1.588A47.152 47.152 0 0 1 50 3zm10.293 1.143c.499.11 1 .218 1.492.345c-.114.755-.748.287-1.492-.345zM35.168 6.219c-1.148.021-2.457.447-2.117 1.511c.63.232 1.285.06 1.902-.091c2.902-.808 1.691-1.448.215-1.42zm14.113 3.758c1.528-.225.085 4.183-2.281 3.046c-3.878.401.584-.245.725-2.025c.694-.67 1.204-.97 1.556-1.021zm21.49 8.728c.29.035.378.388-.023 1.229c-.327 1.078 4.93 4.569 4.604 6.793c-4.668 1.225-1.75-3.326-4.79-4.252c-3.337-1.105-.66-3.873.21-3.77zm-13.539.873c1.734 2.323 4.44.501 6.967 2.387c3.092 3.12-4.874-.41-6.258 1.389c-4.131 1.271-2.103-2.51-.709-3.776zM16.836 33.754c-.294-.044-.535.16-.748.99c.71.037 1.24.117 1.621.238l.232-.718c-.443-.16-.803-.465-1.105-.51zm58.379.508c.68 2.359 5.965 1.985 4.685 4.195l-.603.426c-1.032-.675-5.325-3.52-4.082-4.621zM62.678 37.29c2.438 1.663 4.185 5.07 5.744 7.74c2.142 1.524 2.21 3.973 3.6 5.899c-.568.72-1.678-.593-1.905-1.06c-1.857-1.299-3.39-4.6-4.703-7.237c-.825-1.828-2.838-3.495-2.736-5.342zm14.586 38.904c-.222-.015-.56.245-1.037.899c-3.443 2.537-6.176 5.556-6.38 9.91c2.385 1.084 4.406-3.285 5.688-4.81c1.469-.711 2.689-5.934 1.729-5.999z\" fill=\"#a6cf4d\"><\/path><\/g><\/svg>\t\t\t<\/div>\n\t\t<\/div>\n\t\t\t\t<\/div>\n\t\t\t\t<\/div>\n\t\t\t\t<div class=\"elementor-element elementor-element-aa0575c elementor-align-center elementor-widget elementor-widget-button\" data-id=\"aa0575c\" data-element_type=\"widget\" data-widget_type=\"button.default\">\n\t\t\t\t<div class=\"elementor-widget-container\">\n\t\t\t\t\t<div class=\"elementor-button-wrapper\">\n\t\t\t<a class=\"elementor-button elementor-button-link elementor-size-sm\" href=\"#\">\n\t\t\t\t\t\t<span class=\"elementor-button-content-wrapper\">\n\t\t\t\t\t\t\t\t\t<span class=\"elementor-button-text\">En savoir plus sur AVTA<\/span>\n\t\t\t\t\t<\/span>\n\t\t\t\t\t<\/a>\n\t\t<\/div>\n\t\t\t\t<\/div>\n\t\t\t\t<\/div>\n\t\t\t\t<\/div>\n\t\t<div class=\"elementor-element elementor-element-80328db e-con-full e-flex e-con e-child\" data-id=\"80328db\" data-element_type=\"container\" data-settings=\"{&quot;jet_parallax_layout_list&quot;:[]}\">\n\t\t\t\t<\/div>\n\t\t\t\t\t<\/div>\n\t\t\t\t<\/div>\n\t\t<div class=\"elementor-element elementor-element-f625031 e-flex e-con-boxed e-con e-parent\" data-id=\"f625031\" data-element_type=\"container\" data-settings=\"{&quot;jet_parallax_layout_list&quot;:[]}\">\n\t\t\t\t\t<div class=\"e-con-inner\">\n\t\t\t\t<div class=\"elementor-element elementor-element-ac021e3 elementor-widget-divider--view-line elementor-widget elementor-widget-divider\" data-id=\"ac021e3\" data-element_type=\"widget\" data-widget_type=\"divider.default\">\n\t\t\t\t<div class=\"elementor-widget-container\">\n\t\t\t<style>\/*! elementor - v3.21.0 - 24-04-2024 *\/\n.elementor-widget-divider{--divider-border-style:none;--divider-border-width:1px;--divider-color:#0c0d0e;--divider-icon-size:20px;--divider-element-spacing:10px;--divider-pattern-height:24px;--divider-pattern-size:20px;--divider-pattern-url:none;--divider-pattern-repeat:repeat-x}.elementor-widget-divider .elementor-divider{display:flex}.elementor-widget-divider .elementor-divider__text{font-size:15px;line-height:1;max-width:95%}.elementor-widget-divider .elementor-divider__element{margin:0 var(--divider-element-spacing);flex-shrink:0}.elementor-widget-divider .elementor-icon{font-size:var(--divider-icon-size)}.elementor-widget-divider .elementor-divider-separator{display:flex;margin:0;direction:ltr}.elementor-widget-divider--view-line_icon .elementor-divider-separator,.elementor-widget-divider--view-line_text .elementor-divider-separator{align-items:center}.elementor-widget-divider--view-line_icon .elementor-divider-separator:after,.elementor-widget-divider--view-line_icon .elementor-divider-separator:before,.elementor-widget-divider--view-line_text .elementor-divider-separator:after,.elementor-widget-divider--view-line_text .elementor-divider-separator:before{display:block;content:\"\";border-block-end:0;flex-grow:1;border-block-start:var(--divider-border-width) var(--divider-border-style) var(--divider-color)}.elementor-widget-divider--element-align-left .elementor-divider .elementor-divider-separator>.elementor-divider__svg:first-of-type{flex-grow:0;flex-shrink:100}.elementor-widget-divider--element-align-left .elementor-divider-separator:before{content:none}.elementor-widget-divider--element-align-left .elementor-divider__element{margin-left:0}.elementor-widget-divider--element-align-right .elementor-divider .elementor-divider-separator>.elementor-divider__svg:last-of-type{flex-grow:0;flex-shrink:100}.elementor-widget-divider--element-align-right .elementor-divider-separator:after{content:none}.elementor-widget-divider--element-align-right .elementor-divider__element{margin-right:0}.elementor-widget-divider--element-align-start .elementor-divider .elementor-divider-separator>.elementor-divider__svg:first-of-type{flex-grow:0;flex-shrink:100}.elementor-widget-divider--element-align-start .elementor-divider-separator:before{content:none}.elementor-widget-divider--element-align-start .elementor-divider__element{margin-inline-start:0}.elementor-widget-divider--element-align-end .elementor-divider .elementor-divider-separator>.elementor-divider__svg:last-of-type{flex-grow:0;flex-shrink:100}.elementor-widget-divider--element-align-end .elementor-divider-separator:after{content:none}.elementor-widget-divider--element-align-end .elementor-divider__element{margin-inline-end:0}.elementor-widget-divider:not(.elementor-widget-divider--view-line_text):not(.elementor-widget-divider--view-line_icon) .elementor-divider-separator{border-block-start:var(--divider-border-width) var(--divider-border-style) var(--divider-color)}.elementor-widget-divider--separator-type-pattern{--divider-border-style:none}.elementor-widget-divider--separator-type-pattern.elementor-widget-divider--view-line .elementor-divider-separator,.elementor-widget-divider--separator-type-pattern:not(.elementor-widget-divider--view-line) .elementor-divider-separator:after,.elementor-widget-divider--separator-type-pattern:not(.elementor-widget-divider--view-line) .elementor-divider-separator:before,.elementor-widget-divider--separator-type-pattern:not([class*=elementor-widget-divider--view]) .elementor-divider-separator{width:100%;min-height:var(--divider-pattern-height);-webkit-mask-size:var(--divider-pattern-size) 100%;mask-size:var(--divider-pattern-size) 100%;-webkit-mask-repeat:var(--divider-pattern-repeat);mask-repeat:var(--divider-pattern-repeat);background-color:var(--divider-color);-webkit-mask-image:var(--divider-pattern-url);mask-image:var(--divider-pattern-url)}.elementor-widget-divider--no-spacing{--divider-pattern-size:auto}.elementor-widget-divider--bg-round{--divider-pattern-repeat:round}.rtl .elementor-widget-divider .elementor-divider__text{direction:rtl}.e-con-inner>.elementor-widget-divider,.e-con>.elementor-widget-divider{width:var(--container-widget-width,100%);--flex-grow:var(--container-widget-flex-grow)}<\/style>\t\t<div class=\"elementor-divider\">\n\t\t\t<span class=\"elementor-divider-separator\">\n\t\t\t\t\t\t<\/span>\n\t\t<\/div>\n\t\t\t\t<\/div>\n\t\t\t\t<\/div>\n\t\t\t\t\t<\/div>\n\t\t\t\t<\/div>\n\t\t<div class=\"elementor-element elementor-element-09dce5e e-flex e-con-boxed e-con e-parent\" data-id=\"09dce5e\" data-element_type=\"container\" data-settings=\"{&quot;jet_parallax_layout_list&quot;:[]}\">\n\t\t\t\t\t<div class=\"e-con-inner\">\n\t\t\t\t<div class=\"elementor-element elementor-element-5743b77 elementor-widget elementor-widget-heading\" data-id=\"5743b77\" data-element_type=\"widget\" data-widget_type=\"heading.default\">\n\t\t\t\t<div class=\"elementor-widget-container\">\n\t\t\t<h2 class=\"elementor-heading-title elementor-size-default\">Derniers \u00e9v\u00e9nements, campagnes et opportunit\u00e9s de formation<\/h2>\t\t<\/div>\n\t\t\t\t<\/div>\n\t\t\t\t\t<\/div>\n\t\t\t\t<\/div>\n\t\t<div class=\"elementor-element elementor-element-141e0f4 e-flex e-con-boxed e-con e-parent\" data-id=\"141e0f4\" data-element_type=\"container\" data-settings=\"{&quot;jet_parallax_layout_list&quot;:[]}\">\n\t\t\t\t\t<div class=\"e-con-inner\">\n\t\t\t\t<div class=\"elementor-element elementor-element-db266a7 elementor-grid-3 elementor-grid-tablet-2 elementor-grid-mobile-1 elementor-widget elementor-widget-loop-grid\" data-id=\"db266a7\" data-element_type=\"widget\" data-settings=\"{&quot;template_id&quot;:&quot;83&quot;,&quot;_skin&quot;:&quot;post&quot;,&quot;columns&quot;:&quot;3&quot;,&quot;columns_tablet&quot;:&quot;2&quot;,&quot;columns_mobile&quot;:&quot;1&quot;,&quot;edit_handle_selector&quot;:&quot;[data-elementor-type=\\&quot;loop-item\\&quot;]&quot;,&quot;row_gap&quot;:{&quot;unit&quot;:&quot;px&quot;,&quot;size&quot;:&quot;&quot;,&quot;sizes&quot;:[]},&quot;row_gap_tablet&quot;:{&quot;unit&quot;:&quot;px&quot;,&quot;size&quot;:&quot;&quot;,&quot;sizes&quot;:[]},&quot;row_gap_mobile&quot;:{&quot;unit&quot;:&quot;px&quot;,&quot;size&quot;:&quot;&quot;,&quot;sizes&quot;:[]}}\" data-widget_type=\"loop-grid.post\">\n\t\t\t\t<div class=\"elementor-widget-container\">\n\t\t\t<link rel=\"stylesheet\" href=\"https:\/\/avta-africa.org\/wp-content\/plugins\/elementor-pro\/assets\/css\/widget-loop-builder.min.css\">\t\t<div class=\"elementor-loop-container elementor-grid\">\n\t\t<style id=\"loop-83\">.elementor-83 .elementor-element.elementor-element-b05743a{--display:flex;--flex-direction:column;--container-widget-width:100%;--container-widget-height:initial;--container-widget-flex-grow:0;--container-widget-align-self:initial;--background-transition:0.3s;border-style:none;--border-style:none;}.elementor-83 .elementor-element.elementor-element-b05743a, .elementor-83 .elementor-element.elementor-element-b05743a::before{--border-transition:0.3s;}.elementor-83 .elementor-element.elementor-element-07ab657 img{box-shadow:5px 5px 0px 1px #A4CE48;}.elementor-83 .elementor-element.elementor-element-7a48f4c .elementor-icon-list-icon i{color:#3C9335;}.elementor-83 .elementor-element.elementor-element-7a48f4c .elementor-icon-list-icon svg{fill:#3C9335;}.elementor-83 .elementor-element.elementor-element-7a48f4c .elementor-icon-list-text, .elementor-83 .elementor-element.elementor-element-7a48f4c .elementor-icon-list-text a{color:#000000;}.elementor-83 .elementor-element.elementor-element-7a48f4c .elementor-icon-list-item{font-family:\"Allerta\", Sans-serif;font-size:16px;font-weight:400;}.elementor-83 .elementor-element.elementor-element-7a48f4c > .elementor-widget-container{margin:0px 0px 0px 0px;padding:0px 0px 0px 0px;border-style:none;border-radius:25px 25px 25px 25px;}.elementor-83 .elementor-element.elementor-element-9c4a718 .elementor-heading-title{color:#000000;font-family:\"Anton\", Sans-serif;font-size:23px;font-weight:500;}.elementor-83 .elementor-element.elementor-element-9c4a718 > .elementor-widget-container{margin:0px 0px 0px 0px;padding:0px 0px 0px 0px;}.elementor-83 .elementor-element.elementor-element-3b9654f .elementor-icon-list-icon i{color:#3C9335;}.elementor-83 .elementor-element.elementor-element-3b9654f .elementor-icon-list-icon svg{fill:#3C9335;}.elementor-83 .elementor-element.elementor-element-3b9654f .elementor-icon-list-text, .elementor-83 .elementor-element.elementor-element-3b9654f .elementor-icon-list-text a{color:#000000;}.elementor-83 .elementor-element.elementor-element-3b9654f .elementor-icon-list-item{font-family:\"Allerta\", Sans-serif;font-size:13px;font-weight:400;}.elementor-83 .elementor-element.elementor-element-3b9654f > .elementor-widget-container{margin:0px 0px 0px 0px;padding:0px 0px 0px 0px;}<\/style>\t\t<div data-elementor-type=\"loop-item\" data-elementor-id=\"83\" class=\"elementor elementor-83 e-loop-item e-loop-item-1 post-1 post type-post status-publish format-standard has-post-thumbnail hentry category-events\" data-elementor-post-type=\"elementor_library\" data-custom-edit-handle=\"1\">\n\t\t\t<div class=\"elementor-element elementor-element-b05743a e-flex e-con-boxed e-con e-parent\" data-id=\"b05743a\" data-element_type=\"container\" data-settings=\"{&quot;jet_parallax_layout_list&quot;:[]}\">\n\t\t\t\t\t<div class=\"e-con-inner\">\n\t\t\t\t<div class=\"elementor-element elementor-element-07ab657 elementor-widget elementor-widget-theme-post-featured-image elementor-widget-image\" data-id=\"07ab657\" data-element_type=\"widget\" data-widget_type=\"theme-post-featured-image.default\">\n\t\t\t\t<div class=\"elementor-widget-container\">\n\t\t\t<style>\/*! elementor - v3.21.0 - 24-04-2024 *\/\n.elementor-widget-image{text-align:center}.elementor-widget-image a{display:inline-block}.elementor-widget-image a img[src$=\".svg\"]{width:48px}.elementor-widget-image img{vertical-align:middle;display:inline-block}<\/style>\t\t\t\t\t\t\t\t\t\t\t<a href=\"https:\/\/avta-africa.org\/fr\/avta-woah-meeting\/\">\n\t\t\t\t\t\t\t<img decoding=\"async\" src=\"https:\/\/avta-africa.org\/wp-content\/uploads\/elementor\/thumbs\/WhatsApp-Image-2024-02-29-at-1.00.24-PM-ql1xfl9o0uviwmfnz8aeme39pxgmwgvsudgq2wr9v0.jpeg\" title=\"Image WhatsApp 2024-02-29 \u00e0 13h00h24\" alt=\"WhatsApp Image 2024-02-29 at 1.00.24 PM\" loading=\"lazy\" \/>\t\t\t\t\t\t\t\t<\/a>\n\t\t\t\t\t\t\t\t\t\t\t\t\t<\/div>\n\t\t\t\t<\/div>\n\t\t\t\t<div class=\"elementor-element elementor-element-7a48f4c elementor-align-left elementor-widget elementor-widget-post-info\" data-id=\"7a48f4c\" data-element_type=\"widget\" data-widget_type=\"post-info.default\">\n\t\t\t\t<div class=\"elementor-widget-container\">\n\t\t\t<link rel=\"stylesheet\" href=\"https:\/\/avta-africa.org\/wp-content\/plugins\/elementor\/assets\/css\/widget-icon-list.min.css\"><link rel=\"stylesheet\" href=\"https:\/\/avta-africa.org\/wp-content\/plugins\/elementor-pro\/assets\/css\/widget-theme-elements.min.css\">\t\t<ul class=\"elementor-inline-items elementor-icon-list-items elementor-post-info\">\n\t\t\t\t\t\t\t\t<li class=\"elementor-icon-list-item elementor-repeater-item-09c91b2 elementor-inline-item\" itemprop=\"about\">\n\t\t\t\t\t\t\t\t\t\t\t\t\t<span class=\"elementor-icon-list-text elementor-post-info__item elementor-post-info__item--type-terms\">\n\t\t\t\t\t\t\t\t\t\t<span class=\"elementor-post-info__terms-list\">\n\t\t\t\t<span class=\"elementor-post-info__terms-list-item\">\u00c9v\u00e9nements<\/span>\t\t\t\t<\/span>\n\t\t\t\t\t<\/span>\n\t\t\t\t\t\t\t\t<\/li>\n\t\t\t\t<\/ul>\n\t\t\t\t<\/div>\n\t\t\t\t<\/div>\n\t\t\t\t<div class=\"elementor-element elementor-element-9c4a718 elementor-widget elementor-widget-theme-post-title elementor-page-title elementor-widget-heading\" data-id=\"9c4a718\" data-element_type=\"widget\" data-widget_type=\"theme-post-title.default\">\n\t\t\t\t<div class=\"elementor-widget-container\">\n\t\t\t<h1 class=\"elementor-heading-title elementor-size-default\"><a href=\"https:\/\/avta-africa.org\/fr\/avta-woah-meeting\/\">R\u00e9union AVTA \u2013 WOAH<\/a><\/h1>\t\t<\/div>\n\t\t\t\t<\/div>\n\t\t\t\t<div class=\"elementor-element elementor-element-3b9654f elementor-widget elementor-widget-post-info\" data-id=\"3b9654f\" data-element_type=\"widget\" data-widget_type=\"post-info.default\">\n\t\t\t\t<div class=\"elementor-widget-container\">\n\t\t\t\t\t<ul class=\"elementor-inline-items elementor-icon-list-items elementor-post-info\">\n\t\t\t\t\t\t\t\t<li class=\"elementor-icon-list-item elementor-repeater-item-e2e8909 elementor-inline-item\" itemprop=\"datePublished\">\n\t\t\t\t\t\t\t\t\t\t\t\t\t<span class=\"elementor-icon-list-text elementor-post-info__item elementor-post-info__item--type-date\">\n\t\t\t\t\t\t\t<span class=\"elementor-post-info__item-prefix\">Publi\u00e9 le<\/span>\n\t\t\t\t\t\t\t\t\t\t11 mars 2024\t\t\t\t\t<\/span>\n\t\t\t\t\t\t\t\t<\/li>\n\t\t\t\t<\/ul>\n\t\t\t\t<\/div>\n\t\t\t\t<\/div>\n\t\t\t\t\t<\/div>\n\t\t\t\t<\/div>\n\t\t\t\t<\/div>\n\t\t\t\t<\/div>\n\t\t\n\t\t\t\t<\/div>\n\t\t\t\t<\/div>\n\t\t\t\t\t<\/div>\n\t\t\t\t<\/div>\n\t\t\t\t<\/div>","protected":false},"excerpt":{"rendered":"<p>Who We Are The Africa Veterinary Technicians Association (AVTA) is an apex association that brings together veterinary technicians from different countries of Africa as their recognized spokesperson and serve in support animal health service providers to improve animal health in the continent. The vision of the association is to be a force behind the development [&hellip;]<\/p>","protected":false},"author":1,"featured_media":0,"parent":0,"menu_order":0,"comment_status":"closed","ping_status":"closed","template":"elementor_header_footer","meta":{"footnotes":""},"_links":{"self":[{"href":"https:\/\/avta-africa.org\/fr\/wp-json\/wp\/v2\/pages\/552"}],"collection":[{"href":"https:\/\/avta-africa.org\/fr\/wp-json\/wp\/v2\/pages"}],"about":[{"href":"https:\/\/avta-africa.org\/fr\/wp-json\/wp\/v2\/types\/page"}],"author":[{"embeddable":true,"href":"https:\/\/avta-africa.org\/fr\/wp-json\/wp\/v2\/users\/1"}],"replies":[{"embeddable":true,"href":"https:\/\/avta-africa.org\/fr\/wp-json\/wp\/v2\/comments?post=552"}],"version-history":[{"count":0,"href":"https:\/\/avta-africa.org\/fr\/wp-json\/wp\/v2\/pages\/552\/revisions"}],"wp:attachment":[{"href":"https:\/\/avta-africa.org\/fr\/wp-json\/wp\/v2\/media?parent=552"}],"curies":[{"name":"wp","href":"https:\/\/api.w.org\/{rel}","templated":true}]}}