{"id":690,"date":"2024-03-13T17:01:57","date_gmt":"2024-03-13T17:01:57","guid":{"rendered":"https:\/\/skillcollage.co.ke\/avta\/?page_id=690"},"modified":"2024-03-19T17:01:29","modified_gmt":"2024-03-19T17:01:29","slug":"avta-members-national-associations","status":"publish","type":"page","link":"https:\/\/avta-africa.org\/fr\/avta-members-national-associations\/","title":{"rendered":"Membres de l&#039;AVTA et associations nationales"},"content":{"rendered":"<div data-elementor-type=\"wp-page\" data-elementor-id=\"690\" class=\"elementor elementor-690\" data-elementor-post-type=\"page\">\n\t\t\t\t<div class=\"elementor-element elementor-element-7f3ac096 e-flex e-con-boxed e-con e-parent\" data-id=\"7f3ac096\" data-element_type=\"container\" data-settings=\"{&quot;background_background&quot;:&quot;classic&quot;,&quot;jet_parallax_layout_list&quot;:[]}\">\n\t\t\t\t\t<div class=\"e-con-inner\">\n\t\t\t\t\t<\/div>\n\t\t\t\t<\/div>\n\t\t<div class=\"elementor-element elementor-element-5cd952a e-flex e-con-boxed e-con e-parent\" data-id=\"5cd952a\" data-element_type=\"container\" data-settings=\"{&quot;jet_parallax_layout_list&quot;:[]}\">\n\t\t\t\t\t<div class=\"e-con-inner\">\n\t\t<div class=\"elementor-element elementor-element-659a5fa e-con-full e-flex e-con e-child\" data-id=\"659a5fa\" data-element_type=\"container\" data-settings=\"{&quot;jet_parallax_layout_list&quot;:[]}\">\n\t\t\t\t<\/div>\n\t\t<div class=\"elementor-element elementor-element-112b08f e-con-full e-flex e-con e-child\" data-id=\"112b08f\" data-element_type=\"container\" data-settings=\"{&quot;jet_parallax_layout_list&quot;:[]}\">\n\t\t\t\t<div class=\"elementor-element elementor-element-1936053 elementor-widget elementor-widget-jet-listing-grid\" data-id=\"1936053\" data-element_type=\"widget\" data-settings=\"{&quot;columns&quot;:&quot;1&quot;}\" data-widget_type=\"jet-listing-grid.default\">\n\t\t\t\t<div class=\"elementor-widget-container\">\n\t\t\t<div class=\"jet-listing-grid jet-listing\"><div class=\"jet-listing-grid__items grid-col-desk-1 grid-col-tablet-1 grid-col-mobile-1 jet-listing-grid--661\" data-queried-id=\"690|WP_Post\" data-nav=\"{&quot;enabled&quot;:false,&quot;type&quot;:null,&quot;more_el&quot;:null,&quot;query&quot;:[],&quot;widget_settings&quot;:{&quot;lisitng_id&quot;:661,&quot;posts_num&quot;:1,&quot;columns&quot;:1,&quot;columns_tablet&quot;:1,&quot;columns_mobile&quot;:1,&quot;is_archive_template&quot;:&quot;&quot;,&quot;post_status&quot;:[&quot;publish&quot;],&quot;use_random_posts_num&quot;:&quot;&quot;,&quot;max_posts_num&quot;:9,&quot;not_found_message&quot;:&quot;No data was found&quot;,&quot;is_masonry&quot;:false,&quot;equal_columns_height&quot;:&quot;&quot;,&quot;use_load_more&quot;:&quot;&quot;,&quot;load_more_id&quot;:&quot;&quot;,&quot;load_more_type&quot;:&quot;click&quot;,&quot;load_more_offset&quot;:{&quot;unit&quot;:&quot;px&quot;,&quot;size&quot;:0,&quot;sizes&quot;:[]},&quot;use_custom_post_types&quot;:&quot;&quot;,&quot;custom_post_types&quot;:[],&quot;hide_widget_if&quot;:&quot;&quot;,&quot;carousel_enabled&quot;:&quot;&quot;,&quot;slides_to_scroll&quot;:&quot;1&quot;,&quot;arrows&quot;:&quot;true&quot;,&quot;arrow_icon&quot;:&quot;fa fa-angle-left&quot;,&quot;dots&quot;:&quot;&quot;,&quot;autoplay&quot;:&quot;true&quot;,&quot;pause_on_hover&quot;:&quot;true&quot;,&quot;autoplay_speed&quot;:5000,&quot;infinite&quot;:&quot;true&quot;,&quot;center_mode&quot;:&quot;&quot;,&quot;effect&quot;:&quot;slide&quot;,&quot;speed&quot;:500,&quot;inject_alternative_items&quot;:&quot;&quot;,&quot;injection_items&quot;:[],&quot;scroll_slider_enabled&quot;:&quot;&quot;,&quot;scroll_slider_on&quot;:[&quot;desktop&quot;,&quot;tablet&quot;,&quot;mobile&quot;],&quot;custom_query&quot;:false,&quot;custom_query_id&quot;:&quot;&quot;,&quot;_element_id&quot;:&quot;&quot;}}\" data-page=\"1\" data-pages=\"20\" data-listing-source=\"posts\" data-listing-id=\"661\" data-query-id=\"\"><div class=\"jet-listing-grid__item jet-listing-dynamic-post-689\" data-post-id=\"689\" >\t\t<div data-elementor-type=\"jet-listing-items\" data-elementor-id=\"661\" class=\"elementor elementor-661\" data-elementor-post-type=\"jet-engine\">\n\t\t\t\t<div class=\"elementor-element elementor-element-c1e559c e-flex e-con-boxed e-con e-parent\" data-id=\"c1e559c\" data-element_type=\"container\" data-settings=\"{&quot;jet_parallax_layout_list&quot;:[]}\">\n\t\t\t\t\t<div class=\"e-con-inner\">\n\t\t\t\t<div class=\"elementor-element elementor-element-71340ea elementor-widget elementor-widget-jet-dynamic-table\" data-id=\"71340ea\" data-element_type=\"widget\" data-widget_type=\"jet-dynamic-table.default\">\n\t\t\t\t<div class=\"elementor-widget-container\">\n\t\t\t<style><\/style><div class=\"jet-dynamic-table-wrapper\"><table class=\"jet-dynamic-table\" data-table-id=\"8\" data-query-id=\"7\"><thead class=\"jet-dynamic-table__header\"><tr class=\"jet-dynamic-table__row jet-dynamic-table__row--header\" ><th class=\"jet-dynamic-table__col jet-dynamic-table__col--association\" >Association<\/th><th class=\"jet-dynamic-table__col jet-dynamic-table__col--leadership\" >Direction<\/th><th class=\"jet-dynamic-table__col jet-dynamic-table__col--country\" >Pays<\/th><\/tr><\/thead><tbody class=\"jet-dynamic-table__body\"><tr class=\"jet-dynamic-table__row jet-dynamic-table__row--header\" data-item-object=\"689\"><td class=\"jet-dynamic-table__col jet-dynamic-table__col--association\" >Association paraprofessionnelle v\u00e9t\u00e9rinaire d\u2019Eswatini<\/td><td class=\"jet-dynamic-table__col jet-dynamic-table__col--leadership\" >Vilakati Zanele<\/td><td class=\"jet-dynamic-table__col jet-dynamic-table__col--country\" >Eswatini<\/td><\/tr><tr class=\"jet-dynamic-table__row jet-dynamic-table__row--header\" data-item-object=\"688\"><td class=\"jet-dynamic-table__col jet-dynamic-table__col--association\" >Association des techniciens v\u00e9t\u00e9rinaires du Zimbabwe<\/td><td class=\"jet-dynamic-table__col jet-dynamic-table__col--leadership\" >\u00c9sa\u00fc N\u00e9chaba<\/td><td class=\"jet-dynamic-table__col jet-dynamic-table__col--country\" >Zimbabwe<\/td><\/tr><tr class=\"jet-dynamic-table__row jet-dynamic-table__row--header\" data-item-object=\"687\"><td class=\"jet-dynamic-table__col jet-dynamic-table__col--association\" >Association VPP du B\u00e9nin<\/td><td class=\"jet-dynamic-table__col jet-dynamic-table__col--leadership\" >Stanislas Coffi<\/td><td class=\"jet-dynamic-table__col jet-dynamic-table__col--country\" >B\u00e9nin<\/td><\/tr><tr class=\"jet-dynamic-table__row jet-dynamic-table__row--header\" data-item-object=\"686\"><td class=\"jet-dynamic-table__col jet-dynamic-table__col--association\" >Association VPP de la R\u00e9publique D\u00e9mocratique du Congo<\/td><td class=\"jet-dynamic-table__col jet-dynamic-table__col--leadership\" >Jean-Pierre Matondo Lusala<\/td><td class=\"jet-dynamic-table__col jet-dynamic-table__col--country\" >Congo<\/td><\/tr><tr class=\"jet-dynamic-table__row jet-dynamic-table__row--header\" data-item-object=\"685\"><td class=\"jet-dynamic-table__col jet-dynamic-table__col--association\" >Association paraprofessionnelle v\u00e9t\u00e9rinaire du Rwanda<\/td><td class=\"jet-dynamic-table__col jet-dynamic-table__col--leadership\" >Titus Mugisha<\/td><td class=\"jet-dynamic-table__col jet-dynamic-table__col--country\" >Rwanda<\/td><\/tr><tr class=\"jet-dynamic-table__row jet-dynamic-table__row--header\" data-item-object=\"684\"><td class=\"jet-dynamic-table__col jet-dynamic-table__col--association\" >Technicien en Sant\u00e9 Animale Services V\u00e9t\u00e9rinaires<\/td><td class=\"jet-dynamic-table__col jet-dynamic-table__col--leadership\" >Emmanuel K.Matheus<\/td><td class=\"jet-dynamic-table__col jet-dynamic-table__col--country\" >Namibie<\/td><\/tr><tr class=\"jet-dynamic-table__row jet-dynamic-table__row--header\" data-item-object=\"683\"><td class=\"jet-dynamic-table__col jet-dynamic-table__col--association\" >Association burundaise des professionnels des productions animales<\/td><td class=\"jet-dynamic-table__col jet-dynamic-table__col--leadership\" >Bayubahe Etienne<\/td><td class=\"jet-dynamic-table__col jet-dynamic-table__col--country\" >Burundi<\/td><\/tr><tr class=\"jet-dynamic-table__row jet-dynamic-table__row--header\" data-item-object=\"682\"><td class=\"jet-dynamic-table__col jet-dynamic-table__col--association\" >Association des assistants v\u00e9t\u00e9rinaires du Malawi<\/td><td class=\"jet-dynamic-table__col jet-dynamic-table__col--leadership\" >Patrick Saini <\/td><td class=\"jet-dynamic-table__col jet-dynamic-table__col--country\" >Malawi<\/td><\/tr><tr class=\"jet-dynamic-table__row jet-dynamic-table__row--header\" data-item-object=\"681\"><td class=\"jet-dynamic-table__col jet-dynamic-table__col--association\" >\u00c0 confirmer<\/td><td class=\"jet-dynamic-table__col jet-dynamic-table__col--leadership\" >Kebaiphe Galekhutle<\/td><td class=\"jet-dynamic-table__col jet-dynamic-table__col--country\" >Botswana<\/td><\/tr><tr class=\"jet-dynamic-table__row jet-dynamic-table__row--header\" data-item-object=\"680\"><td class=\"jet-dynamic-table__col jet-dynamic-table__col--association\" >Association \u00e9thiopienne des professionnels de la sant\u00e9 animale<\/td><td class=\"jet-dynamic-table__col jet-dynamic-table__col--leadership\" >BehailuTefera<\/td><td class=\"jet-dynamic-table__col jet-dynamic-table__col--country\" >\u00e9thiopien<\/td><\/tr><tr class=\"jet-dynamic-table__row jet-dynamic-table__row--header\" data-item-object=\"677\"><td class=\"jet-dynamic-table__col jet-dynamic-table__col--association\" >Association Nationale des Techniciens V\u00e9t\u00e9rinaires du S\u00e9n\u00e9gal<\/td><td class=\"jet-dynamic-table__col jet-dynamic-table__col--leadership\" >Babaca Camara<\/td><td class=\"jet-dynamic-table__col jet-dynamic-table__col--country\" >S\u00e9n\u00e9gal<\/td><\/tr><tr class=\"jet-dynamic-table__row jet-dynamic-table__row--header\" data-item-object=\"676\"><td class=\"jet-dynamic-table__col jet-dynamic-table__col--association\" >Syndicat des techniciens v\u00e9t\u00e9rinaires et des productions animales <\/td><td class=\"jet-dynamic-table__col jet-dynamic-table__col--leadership\" >Osman Adam Ahmed<\/td><td class=\"jet-dynamic-table__col jet-dynamic-table__col--country\" >Soudan<\/td><\/tr><tr class=\"jet-dynamic-table__row jet-dynamic-table__row--header\" data-item-object=\"675\"><td class=\"jet-dynamic-table__col jet-dynamic-table__col--association\" >\u00c0 confirmer<\/td><td class=\"jet-dynamic-table__col jet-dynamic-table__col--leadership\" >Emmanuel Eshun<\/td><td class=\"jet-dynamic-table__col jet-dynamic-table__col--country\" >Ghana<\/td><\/tr><tr class=\"jet-dynamic-table__row jet-dynamic-table__row--header\" data-item-object=\"674\"><td class=\"jet-dynamic-table__col jet-dynamic-table__col--association\" >Association nig\u00e9riane de sant\u00e9 animale et de technologie d&#039;\u00e9levage<\/td><td class=\"jet-dynamic-table__col jet-dynamic-table__col--leadership\" >Sahilu Abubakar<\/td><td class=\"jet-dynamic-table__col jet-dynamic-table__col--country\" >Nigeria<\/td><\/tr><tr class=\"jet-dynamic-table__row jet-dynamic-table__row--header\" data-item-object=\"673\"><td class=\"jet-dynamic-table__col jet-dynamic-table__col--association\" >Association paraprofessionnelle v\u00e9t\u00e9rinaire du Lesotho<\/td><td class=\"jet-dynamic-table__col jet-dynamic-table__col--leadership\" >Mabokang Motsienyane<\/td><td class=\"jet-dynamic-table__col jet-dynamic-table__col--country\" >Lesotho<\/td><\/tr><tr class=\"jet-dynamic-table__row jet-dynamic-table__row--header\" data-item-object=\"672\"><td class=\"jet-dynamic-table__col jet-dynamic-table__col--association\" >Association paraprofessionnelle v\u00e9t\u00e9rinaire de Zambie<\/td><td class=\"jet-dynamic-table__col jet-dynamic-table__col--leadership\" >Salim Msellem<\/td><td class=\"jet-dynamic-table__col jet-dynamic-table__col--country\" >Zambie<\/td><\/tr><tr class=\"jet-dynamic-table__row jet-dynamic-table__row--header\" data-item-object=\"671\"><td class=\"jet-dynamic-table__col jet-dynamic-table__col--association\" >Association sud-africaine des paraprofessionnels v\u00e9t\u00e9rinaires (SAAVP)<\/td><td class=\"jet-dynamic-table__col jet-dynamic-table__col--leadership\" >S\u00e9r\u00e9bolo Th\u00e9o <\/td><td class=\"jet-dynamic-table__col jet-dynamic-table__col--country\" >Afrique du Sud<\/td><\/tr><tr class=\"jet-dynamic-table__row jet-dynamic-table__row--header\" data-item-object=\"669\"><td class=\"jet-dynamic-table__col jet-dynamic-table__col--association\" >Association paraprofessionnelle v\u00e9t\u00e9rinaire de Tanzanie (TaVePA)<\/td><td class=\"jet-dynamic-table__col jet-dynamic-table__col--leadership\" >Ombeni Msangi<\/td><td class=\"jet-dynamic-table__col jet-dynamic-table__col--country\" >Tanzanie<\/td><\/tr><tr class=\"jet-dynamic-table__row jet-dynamic-table__row--header\" data-item-object=\"664\"><td class=\"jet-dynamic-table__col jet-dynamic-table__col--association\" >Association para-v\u00e9t\u00e9rinaire unie de l&#039;Ouganda<\/td><td class=\"jet-dynamic-table__col jet-dynamic-table__col--leadership\" >Henri Busuulwa<\/td><td class=\"jet-dynamic-table__col jet-dynamic-table__col--country\" >Ouganda<\/td><\/tr><tr class=\"jet-dynamic-table__row jet-dynamic-table__row--header\" data-item-object=\"660\"><td class=\"jet-dynamic-table__col jet-dynamic-table__col--association\" >Association des paraprofessionnels v\u00e9t\u00e9rinaires du Kenya (KVPA)<\/td><td class=\"jet-dynamic-table__col jet-dynamic-table__col--leadership\" >John Ngigi Nyumu<\/td><td class=\"jet-dynamic-table__col jet-dynamic-table__col--country\" >Kenya<\/td><\/tr><\/tbody><\/table><\/div>\t\t<\/div>\n\t\t\t\t<\/div>\n\t\t\t\t\t<\/div>\n\t\t\t\t<\/div>\n\t\t\t\t<\/div>\n\t\t<\/div><\/div><\/div>\t\t<\/div>\n\t\t\t\t<\/div>\n\t\t\t\t<\/div>\n\t\t<div class=\"elementor-element elementor-element-0323078 e-con-full e-flex e-con e-child\" data-id=\"0323078\" data-element_type=\"container\" data-settings=\"{&quot;jet_parallax_layout_list&quot;:[]}\">\n\t\t\t\t<\/div>\n\t\t\t\t\t<\/div>\n\t\t\t\t<\/div>\n\t\t\t\t<\/div>","protected":false},"excerpt":{"rendered":"<p>Association Leadership Country Veterinary Paraprofessional Association of Eswatini Vilakati Zanele Eswatini Zimbabwe Veterinary Technician\u2019s Association Esau Neshaba Zimbabwe VPP association of Benin Stanislas Coffi Benin VPP association of Democratic Republic of Congo Jean Pierre Matondo Lusala Congo Veterinary Paraprofessional Association of Rwanda Titus Mugisha Rwanda Animal Health Technician Veterinary Services Emmanuel K. Matheus Namibia Burundi [&hellip;]<\/p>","protected":false},"author":1,"featured_media":0,"parent":0,"menu_order":0,"comment_status":"closed","ping_status":"closed","template":"","meta":{"footnotes":""},"_links":{"self":[{"href":"https:\/\/avta-africa.org\/fr\/wp-json\/wp\/v2\/pages\/690"}],"collection":[{"href":"https:\/\/avta-africa.org\/fr\/wp-json\/wp\/v2\/pages"}],"about":[{"href":"https:\/\/avta-africa.org\/fr\/wp-json\/wp\/v2\/types\/page"}],"author":[{"embeddable":true,"href":"https:\/\/avta-africa.org\/fr\/wp-json\/wp\/v2\/users\/1"}],"replies":[{"embeddable":true,"href":"https:\/\/avta-africa.org\/fr\/wp-json\/wp\/v2\/comments?post=690"}],"version-history":[{"count":20,"href":"https:\/\/avta-africa.org\/fr\/wp-json\/wp\/v2\/pages\/690\/revisions"}],"predecessor-version":[{"id":1012,"href":"https:\/\/avta-africa.org\/fr\/wp-json\/wp\/v2\/pages\/690\/revisions\/1012"}],"wp:attachment":[{"href":"https:\/\/avta-africa.org\/fr\/wp-json\/wp\/v2\/media?parent=690"}],"curies":[{"name":"wp","href":"https:\/\/api.w.org\/{rel}","templated":true}]}}