{"id":1217,"date":"2024-04-25T05:51:48","date_gmt":"2024-04-25T05:51:48","guid":{"rendered":"https:\/\/skillcollage.co.ke\/avta\/?page_id=1217"},"modified":"2024-04-25T06:09:53","modified_gmt":"2024-04-25T06:09:53","slug":"advocacy-lobbying","status":"publish","type":"page","link":"https:\/\/avta-africa.org\/pt\/advocacy-lobbying\/","title":{"rendered":"Advocacia e lobby"},"content":{"rendered":"<div data-elementor-type=\"wp-page\" data-elementor-id=\"1217\" class=\"elementor elementor-1217\" data-elementor-post-type=\"page\">\n\t\t\t\t<div class=\"elementor-element elementor-element-509d8344 e-flex e-con-boxed e-con e-parent\" data-id=\"509d8344\" data-element_type=\"container\" data-settings=\"{&quot;background_background&quot;:&quot;classic&quot;,&quot;jet_parallax_layout_list&quot;:[]}\">\n\t\t\t\t\t<div class=\"e-con-inner\">\n\t\t\t\t\t<\/div>\n\t\t\t\t<\/div>\n\t\t<div class=\"elementor-element elementor-element-1cf4c864 e-flex e-con-boxed e-con e-parent\" data-id=\"1cf4c864\" data-element_type=\"container\" data-settings=\"{&quot;jet_parallax_layout_list&quot;:[]}\">\n\t\t\t\t\t<div class=\"e-con-inner\">\n\t\t<div class=\"elementor-element elementor-element-10af7b1a e-flex e-con-boxed e-con e-child\" data-id=\"10af7b1a\" data-element_type=\"container\" data-settings=\"{&quot;jet_parallax_layout_list&quot;:[]}\">\n\t\t\t\t\t<div class=\"e-con-inner\">\n\t\t\t\t<div class=\"elementor-element elementor-element-31a4cb47 elementor-widget elementor-widget-heading\" data-id=\"31a4cb47\" data-element_type=\"widget\" data-widget_type=\"heading.default\">\n\t\t\t\t<div class=\"elementor-widget-container\">\n\t\t\t<style>\/*! elementor - v3.21.0 - 24-04-2024 *\/\n.elementor-heading-title{padding:0;margin:0;line-height:1}.elementor-widget-heading .elementor-heading-title[class*=elementor-size-]>a{color:inherit;font-size:inherit;line-height:inherit}.elementor-widget-heading .elementor-heading-title.elementor-size-small{font-size:15px}.elementor-widget-heading .elementor-heading-title.elementor-size-medium{font-size:19px}.elementor-widget-heading .elementor-heading-title.elementor-size-large{font-size:29px}.elementor-widget-heading .elementor-heading-title.elementor-size-xl{font-size:39px}.elementor-widget-heading .elementor-heading-title.elementor-size-xxl{font-size:59px}<\/style><h2 class=\"elementor-heading-title elementor-size-default\">Advocacia e envolvimento governamental<\/h2>\t\t<\/div>\n\t\t\t\t<\/div>\n\t\t\t\t<div class=\"elementor-element elementor-element-13e0686 elementor-widget-divider--view-line elementor-widget elementor-widget-divider\" data-id=\"13e0686\" data-element_type=\"widget\" data-widget_type=\"divider.default\">\n\t\t\t\t<div class=\"elementor-widget-container\">\n\t\t\t<style>\/*! elementor - v3.21.0 - 24-04-2024 *\/\n.elementor-widget-divider{--divider-border-style:none;--divider-border-width:1px;--divider-color:#0c0d0e;--divider-icon-size:20px;--divider-element-spacing:10px;--divider-pattern-height:24px;--divider-pattern-size:20px;--divider-pattern-url:none;--divider-pattern-repeat:repeat-x}.elementor-widget-divider .elementor-divider{display:flex}.elementor-widget-divider .elementor-divider__text{font-size:15px;line-height:1;max-width:95%}.elementor-widget-divider .elementor-divider__element{margin:0 var(--divider-element-spacing);flex-shrink:0}.elementor-widget-divider .elementor-icon{font-size:var(--divider-icon-size)}.elementor-widget-divider .elementor-divider-separator{display:flex;margin:0;direction:ltr}.elementor-widget-divider--view-line_icon .elementor-divider-separator,.elementor-widget-divider--view-line_text .elementor-divider-separator{align-items:center}.elementor-widget-divider--view-line_icon .elementor-divider-separator:after,.elementor-widget-divider--view-line_icon .elementor-divider-separator:before,.elementor-widget-divider--view-line_text .elementor-divider-separator:after,.elementor-widget-divider--view-line_text .elementor-divider-separator:before{display:block;content:\"\";border-block-end:0;flex-grow:1;border-block-start:var(--divider-border-width) var(--divider-border-style) var(--divider-color)}.elementor-widget-divider--element-align-left .elementor-divider .elementor-divider-separator>.elementor-divider__svg:first-of-type{flex-grow:0;flex-shrink:100}.elementor-widget-divider--element-align-left .elementor-divider-separator:before{content:none}.elementor-widget-divider--element-align-left .elementor-divider__element{margin-left:0}.elementor-widget-divider--element-align-right .elementor-divider .elementor-divider-separator>.elementor-divider__svg:last-of-type{flex-grow:0;flex-shrink:100}.elementor-widget-divider--element-align-right .elementor-divider-separator:after{content:none}.elementor-widget-divider--element-align-right .elementor-divider__element{margin-right:0}.elementor-widget-divider--element-align-start .elementor-divider .elementor-divider-separator>.elementor-divider__svg:first-of-type{flex-grow:0;flex-shrink:100}.elementor-widget-divider--element-align-start .elementor-divider-separator:before{content:none}.elementor-widget-divider--element-align-start .elementor-divider__element{margin-inline-start:0}.elementor-widget-divider--element-align-end .elementor-divider .elementor-divider-separator>.elementor-divider__svg:last-of-type{flex-grow:0;flex-shrink:100}.elementor-widget-divider--element-align-end .elementor-divider-separator:after{content:none}.elementor-widget-divider--element-align-end .elementor-divider__element{margin-inline-end:0}.elementor-widget-divider:not(.elementor-widget-divider--view-line_text):not(.elementor-widget-divider--view-line_icon) .elementor-divider-separator{border-block-start:var(--divider-border-width) var(--divider-border-style) var(--divider-color)}.elementor-widget-divider--separator-type-pattern{--divider-border-style:none}.elementor-widget-divider--separator-type-pattern.elementor-widget-divider--view-line .elementor-divider-separator,.elementor-widget-divider--separator-type-pattern:not(.elementor-widget-divider--view-line) .elementor-divider-separator:after,.elementor-widget-divider--separator-type-pattern:not(.elementor-widget-divider--view-line) .elementor-divider-separator:before,.elementor-widget-divider--separator-type-pattern:not([class*=elementor-widget-divider--view]) .elementor-divider-separator{width:100%;min-height:var(--divider-pattern-height);-webkit-mask-size:var(--divider-pattern-size) 100%;mask-size:var(--divider-pattern-size) 100%;-webkit-mask-repeat:var(--divider-pattern-repeat);mask-repeat:var(--divider-pattern-repeat);background-color:var(--divider-color);-webkit-mask-image:var(--divider-pattern-url);mask-image:var(--divider-pattern-url)}.elementor-widget-divider--no-spacing{--divider-pattern-size:auto}.elementor-widget-divider--bg-round{--divider-pattern-repeat:round}.rtl .elementor-widget-divider .elementor-divider__text{direction:rtl}.e-con-inner>.elementor-widget-divider,.e-con>.elementor-widget-divider{width:var(--container-widget-width,100%);--flex-grow:var(--container-widget-flex-grow)}<\/style>\t\t<div class=\"elementor-divider\">\n\t\t\t<span class=\"elementor-divider-separator\">\n\t\t\t\t\t\t<\/span>\n\t\t<\/div>\n\t\t\t\t<\/div>\n\t\t\t\t<\/div>\n\t\t\t\t<div class=\"elementor-element elementor-element-78d2e109 elementor-widget elementor-widget-text-editor\" data-id=\"78d2e109\" data-element_type=\"widget\" data-widget_type=\"text-editor.default\">\n\t\t\t\t<div class=\"elementor-widget-container\">\n\t\t\t<style>\/*! elementor - v3.21.0 - 24-04-2024 *\/\n.elementor-widget-text-editor.elementor-drop-cap-view-stacked .elementor-drop-cap{background-color:#69727d;color:#fff}.elementor-widget-text-editor.elementor-drop-cap-view-framed .elementor-drop-cap{color:#69727d;border:3px solid;background-color:transparent}.elementor-widget-text-editor:not(.elementor-drop-cap-view-default) .elementor-drop-cap{margin-top:8px}.elementor-widget-text-editor:not(.elementor-drop-cap-view-default) .elementor-drop-cap-letter{width:1em;height:1em}.elementor-widget-text-editor .elementor-drop-cap{float:left;text-align:center;line-height:1;font-size:50px}.elementor-widget-text-editor .elementor-drop-cap-letter{display:inline-block}<\/style>\t\t\t\t<p>A Associa\u00e7\u00e3o Africana de T\u00e9cnicos Veterin\u00e1rios (AVTA) est\u00e1 profundamente envolvida na defesa t\u00e9cnica e em iniciativas de envolvimento governamental destinadas a promover a profiss\u00e3o de t\u00e9cnico veterin\u00e1rio em toda a \u00c1frica. Nossa estrutura de defesa t\u00e9cnica abrange os seguintes objetivos principais:<\/p><p><strong>Advocacia pol\u00edtica<\/strong>: A AVTA se envolve ativamente com os legisladores para influenciar a formula\u00e7\u00e3o e implementa\u00e7\u00e3o de pol\u00edticas que impactam diretamente os t\u00e9cnicos veterin\u00e1rios. Isto inclui a defesa do estabelecimento de quadros regulamentares claros que respeitem os padr\u00f5es profissionais, os requisitos de licenciamento e o \u00e2mbito da pr\u00e1tica dos t\u00e9cnicos veterin\u00e1rios.<\/p><p><strong>Aquisi\u00e7\u00e3o de Apoio Governamental<\/strong>: Buscamos estrategicamente o apoio governamental para refor\u00e7ar os recursos dispon\u00edveis para t\u00e9cnicos veterin\u00e1rios. Isto envolve a defesa de aloca\u00e7\u00f5es de financiamento para programas de educa\u00e7\u00e3o e forma\u00e7\u00e3o cont\u00ednua, equipando as instala\u00e7\u00f5es veterin\u00e1rias com tecnologia de ponta e facilitando o acesso a suprimentos e medicamentos essenciais.<\/p><p><strong>Reconhecimento e investimento governamental<\/strong>: A AVTA defende o reconhecimento oficial dos t\u00e9cnicos veterin\u00e1rios como membros integrantes da for\u00e7a de trabalho da sa\u00fade veterin\u00e1ria. Este reconhecimento serve como um catalisador para um maior investimento na profiss\u00e3o, levando a melhores perspectivas de carreira, melhores condi\u00e7\u00f5es de trabalho e maiores oportunidades de investiga\u00e7\u00e3o.<\/p><p><strong>Parcerias e Colabora\u00e7\u00f5es<\/strong>: Estabelecemos parcerias estrat\u00e9gicas com ag\u00eancias governamentais, institui\u00e7\u00f5es acad\u00eamicas, partes interessadas da ind\u00fastria e organiza\u00e7\u00f5es internacionais para ampliar nossos esfor\u00e7os de defesa. As iniciativas colaborativas permitem-nos aproveitar diversos conhecimentos e recursos para alcan\u00e7ar objetivos comuns, como o avan\u00e7o da educa\u00e7\u00e3o de t\u00e9cnicos veterin\u00e1rios, o fortalecimento dos sistemas de vigil\u00e2ncia de doen\u00e7as e a promo\u00e7\u00e3o dos princ\u00edpios de Uma Sa\u00fade.<\/p><p>Atrav\u00e9s dos nossos esfor\u00e7os de defesa t\u00e9cnica, a AVTA pretende criar um ambiente prop\u00edcio onde os t\u00e9cnicos veterin\u00e1rios possam prosperar, contribuir eficazmente para a gest\u00e3o da sa\u00fade animal e estrat\u00e9gias de controlo de doen\u00e7as e, em \u00faltima an\u00e1lise, elevar o padr\u00e3o dos cuidados veterin\u00e1rios em toda a \u00c1frica.<\/p>\t\t\t\t\t\t<\/div>\n\t\t\t\t<\/div>\n\t\t\t\t\t<\/div>\n\t\t\t\t<\/div>\n\t\t\t\t\t<\/div>\n\t\t\t\t<\/div>\n\t\t<div class=\"elementor-element elementor-element-a06f017 e-flex e-con-boxed e-con e-parent\" data-id=\"a06f017\" data-element_type=\"container\" data-settings=\"{&quot;jet_parallax_layout_list&quot;:[]}\">\n\t\t\t\t\t<div class=\"e-con-inner\">\n\t\t<div class=\"elementor-element elementor-element-ac8791b e-flex e-con-boxed e-con e-child\" data-id=\"ac8791b\" data-element_type=\"container\" data-settings=\"{&quot;jet_parallax_layout_list&quot;:[]}\">\n\t\t\t\t\t<div class=\"e-con-inner\">\n\t\t\t\t<div class=\"elementor-element elementor-element-2f5a724 elementor-widget elementor-widget-heading\" data-id=\"2f5a724\" data-element_type=\"widget\" data-widget_type=\"heading.default\">\n\t\t\t\t<div class=\"elementor-widget-container\">\n\t\t\t<h2 class=\"elementor-heading-title elementor-size-default\">Press\u00e3o<\/h2>\t\t<\/div>\n\t\t\t\t<\/div>\n\t\t\t\t<div class=\"elementor-element elementor-element-19f2093 elementor-widget-divider--view-line elementor-widget elementor-widget-divider\" data-id=\"19f2093\" data-element_type=\"widget\" data-widget_type=\"divider.default\">\n\t\t\t\t<div class=\"elementor-widget-container\">\n\t\t\t\t\t<div class=\"elementor-divider\">\n\t\t\t<span class=\"elementor-divider-separator\">\n\t\t\t\t\t\t<\/span>\n\t\t<\/div>\n\t\t\t\t<\/div>\n\t\t\t\t<\/div>\n\t\t\t\t<div class=\"elementor-element elementor-element-629fe6a elementor-widget elementor-widget-text-editor\" data-id=\"629fe6a\" data-element_type=\"widget\" data-widget_type=\"text-editor.default\">\n\t\t\t\t<div class=\"elementor-widget-container\">\n\t\t\t\t\t\t\t<p>O lobby desempenha um papel crucial na estrat\u00e9gia de defesa e envolvimento do governo da AVTA. Envolvemo-nos ativamente em esfor\u00e7os de lobby para influenciar decis\u00f5es legislativas e pol\u00edticas que impactam a profiss\u00e3o de t\u00e9cnico veterin\u00e1rio. Isto inclui reuni\u00f5es com legisladores, funcion\u00e1rios governamentais e principais partes interessadas para fornecer informa\u00e7\u00f5es especializadas, argumentos baseados em dados e exemplos do mundo real que demonstram a import\u00e2ncia de apoiar os t\u00e9cnicos veterin\u00e1rios. Os nossos esfor\u00e7os de lobby centram-se na defesa de mudan\u00e7as legislativas que se alinhem com as melhores pr\u00e1ticas em cuidados veterin\u00e1rios, promovam oportunidades de desenvolvimento profissional para t\u00e9cnicos veterin\u00e1rios e melhorem a qualidade geral dos servi\u00e7os de sa\u00fade animal. Ao envolver-se em atividades estrat\u00e9gicas de lobby, a AVTA amplifica a voz dos t\u00e9cnicos veterin\u00e1rios e garante que as suas perspetivas sejam consideradas nos processos de tomada de decis\u00e3o que moldam o futuro da profiss\u00e3o.<\/p>\t\t\t\t\t\t<\/div>\n\t\t\t\t<\/div>\n\t\t\t\t\t<\/div>\n\t\t\t\t<\/div>\n\t\t\t\t\t<\/div>\n\t\t\t\t<\/div>\n\t\t\t\t<\/div>","protected":false},"excerpt":{"rendered":"<p>Advocacy &#038; Government Engagement The Africa Veterinary Technician Association (AVTA) is deeply involved in technical advocacy and government engagement initiatives aimed at advancing the veterinary technician profession across Africa. Our technical advocacy framework encompasses the following core objectives: Policy Advocacy: AVTA actively engages with policymakers to influence the formulation and implementation of policies that directly [&hellip;]<\/p>","protected":false},"author":1,"featured_media":0,"parent":0,"menu_order":0,"comment_status":"closed","ping_status":"closed","template":"","meta":{"footnotes":""},"_links":{"self":[{"href":"https:\/\/avta-africa.org\/pt\/wp-json\/wp\/v2\/pages\/1217"}],"collection":[{"href":"https:\/\/avta-africa.org\/pt\/wp-json\/wp\/v2\/pages"}],"about":[{"href":"https:\/\/avta-africa.org\/pt\/wp-json\/wp\/v2\/types\/page"}],"author":[{"embeddable":true,"href":"https:\/\/avta-africa.org\/pt\/wp-json\/wp\/v2\/users\/1"}],"replies":[{"embeddable":true,"href":"https:\/\/avta-africa.org\/pt\/wp-json\/wp\/v2\/comments?post=1217"}],"version-history":[{"count":13,"href":"https:\/\/avta-africa.org\/pt\/wp-json\/wp\/v2\/pages\/1217\/revisions"}],"predecessor-version":[{"id":1232,"href":"https:\/\/avta-africa.org\/pt\/wp-json\/wp\/v2\/pages\/1217\/revisions\/1232"}],"wp:attachment":[{"href":"https:\/\/avta-africa.org\/pt\/wp-json\/wp\/v2\/media?parent=1217"}],"curies":[{"name":"wp","href":"https:\/\/api.w.org\/{rel}","templated":true}]}}