{"id":296,"date":"2024-03-12T05:03:55","date_gmt":"2024-03-12T05:03:55","guid":{"rendered":"https:\/\/skillcollage.co.ke\/avta\/?page_id=296"},"modified":"2024-03-19T16:38:33","modified_gmt":"2024-03-19T16:38:33","slug":"about","status":"publish","type":"page","link":"https:\/\/avta-africa.org\/pt\/about\/","title":{"rendered":"Sobre"},"content":{"rendered":"<div data-elementor-type=\"wp-page\" data-elementor-id=\"296\" class=\"elementor elementor-296\" data-elementor-post-type=\"page\">\n\t\t\t\t<div class=\"elementor-element elementor-element-149e683 e-flex e-con-boxed e-con e-parent\" data-id=\"149e683\" data-element_type=\"container\" data-settings=\"{&quot;background_background&quot;:&quot;classic&quot;,&quot;jet_parallax_layout_list&quot;:[]}\">\n\t\t\t\t\t<div class=\"e-con-inner\">\n\t\t\t\t<div class=\"elementor-element elementor-element-a8a6058 elementor-widget elementor-widget-heading\" data-id=\"a8a6058\" data-element_type=\"widget\" data-widget_type=\"heading.default\">\n\t\t\t\t<div class=\"elementor-widget-container\">\n\t\t\t<style>\/*! elementor - v3.21.0 - 24-04-2024 *\/\n.elementor-heading-title{padding:0;margin:0;line-height:1}.elementor-widget-heading .elementor-heading-title[class*=elementor-size-]>a{color:inherit;font-size:inherit;line-height:inherit}.elementor-widget-heading .elementor-heading-title.elementor-size-small{font-size:15px}.elementor-widget-heading .elementor-heading-title.elementor-size-medium{font-size:19px}.elementor-widget-heading .elementor-heading-title.elementor-size-large{font-size:29px}.elementor-widget-heading .elementor-heading-title.elementor-size-xl{font-size:39px}.elementor-widget-heading .elementor-heading-title.elementor-size-xxl{font-size:59px}<\/style><h2 class=\"elementor-heading-title elementor-size-default\">Quem n\u00f3s somos<\/h2>\t\t<\/div>\n\t\t\t\t<\/div>\n\t\t\t\t\t<\/div>\n\t\t\t\t<\/div>\n\t\t<div class=\"elementor-element elementor-element-f560aed e-flex e-con-boxed e-con e-parent\" data-id=\"f560aed\" data-element_type=\"container\" data-settings=\"{&quot;jet_parallax_layout_list&quot;:[]}\">\n\t\t\t\t\t<div class=\"e-con-inner\">\n\t\t<div class=\"elementor-element elementor-element-8548e42 e-con-full e-flex e-con e-child\" data-id=\"8548e42\" data-element_type=\"container\" data-settings=\"{&quot;jet_parallax_layout_list&quot;:[]}\">\n\t\t\t\t<div class=\"elementor-element elementor-element-db0434e elementor-widget elementor-widget-heading\" data-id=\"db0434e\" data-element_type=\"widget\" data-widget_type=\"heading.default\">\n\t\t\t\t<div class=\"elementor-widget-container\">\n\t\t\t<h2 class=\"elementor-heading-title elementor-size-default\">Sobre<\/h2>\t\t<\/div>\n\t\t\t\t<\/div>\n\t\t\t\t<\/div>\n\t\t<div class=\"elementor-element elementor-element-c81c7d7 e-flex e-con-boxed e-con e-child\" data-id=\"c81c7d7\" data-element_type=\"container\" data-settings=\"{&quot;jet_parallax_layout_list&quot;:[]}\">\n\t\t\t\t\t<div class=\"e-con-inner\">\n\t\t\t\t<div class=\"elementor-element elementor-element-9f25977 elementor-widget elementor-widget-text-editor\" data-id=\"9f25977\" data-element_type=\"widget\" data-widget_type=\"text-editor.default\">\n\t\t\t\t<div class=\"elementor-widget-container\">\n\t\t\t<style>\/*! elementor - v3.21.0 - 24-04-2024 *\/\n.elementor-widget-text-editor.elementor-drop-cap-view-stacked .elementor-drop-cap{background-color:#69727d;color:#fff}.elementor-widget-text-editor.elementor-drop-cap-view-framed .elementor-drop-cap{color:#69727d;border:3px solid;background-color:transparent}.elementor-widget-text-editor:not(.elementor-drop-cap-view-default) .elementor-drop-cap{margin-top:8px}.elementor-widget-text-editor:not(.elementor-drop-cap-view-default) .elementor-drop-cap-letter{width:1em;height:1em}.elementor-widget-text-editor .elementor-drop-cap{float:left;text-align:center;line-height:1;font-size:50px}.elementor-widget-text-editor .elementor-drop-cap-letter{display:inline-block}<\/style>\t\t\t\t<p>Associa\u00e7\u00e3o Africana de T\u00e9cnicos Veterin\u00e1rios <strong>(AVTA)<\/strong> \u00e9 uma associa\u00e7\u00e3o de ponta que re\u00fane t\u00e9cnicos veterin\u00e1rios de diferentes pa\u00edses de \u00c1frica como seu porta-voz reconhecido e serve de apoio aos prestadores de servi\u00e7os de sa\u00fade animal para melhorar a sa\u00fade animal no continente.<\/p><p>A vis\u00e3o da associa\u00e7\u00e3o \u00e9 ser uma for\u00e7a por tr\u00e1s do desenvolvimento de pr\u00e1ticas veterin\u00e1rias paraprofissionais para melhorar a presta\u00e7\u00e3o de servi\u00e7os da ind\u00fastria de recursos animais e a subsist\u00eancia das comunidades em \u00c1frica, enquanto a miss\u00e3o \u00e9 promover pr\u00e1ticas veterin\u00e1rias paraprofissionais para melhorar a presta\u00e7\u00e3o de servi\u00e7os da ind\u00fastria de recursos animais atrav\u00e9s de forma\u00e7\u00e3o, profissionalismo , defesa e conscientiza\u00e7\u00e3o p\u00fablica A natureza e a nomenclatura das ocupa\u00e7\u00f5es variam de pa\u00eds para pa\u00eds, no entanto, de acordo com o gloss\u00e1rio do C\u00f3digo Terrestre WOAH, paraprofissional veterin\u00e1rio \u201csignifica uma pessoa que, para os fins do C\u00f3digo Terrestre, est\u00e1 autorizada pelo \u00f3rg\u00e3o estatut\u00e1rio veterin\u00e1rio a transportar realizar certas tarefas designadas (dependendo da categoria de paraprofissional veterin\u00e1rio) em um territ\u00f3rio e delegadas a eles sob a responsabilidade e dire\u00e7\u00e3o de um veterin\u00e1rio.<\/p><p>As tarefas de cada categoria de paraprofissional veterin\u00e1rio devem ser definidas pelo \u00f3rg\u00e3o estatut\u00e1rio veterin\u00e1rio em fun\u00e7\u00e3o das qualifica\u00e7\u00f5es e forma\u00e7\u00e3o, e de acordo com a necessidade\u201d. Eles incluem tecn\u00f3logos de sa\u00fade animal, tecn\u00f3logos de animais de laborat\u00f3rio, ferradores de cavalos, t\u00e9cnicos dentais equinos, inspetores de carne, oficiais de produ\u00e7\u00e3o animal, cientistas animais, oficiais de pecu\u00e1ria, vacinadores, extensionistas, enfermeiros de sa\u00fade animal, inseminadores artificiais, t\u00e9cnicos de laborat\u00f3rio veterin\u00e1rio, todos os quais pode ou n\u00e3o ser registrado pelo conselho veterin\u00e1rio nacional ou pelos conselhos veterin\u00e1rios.<\/p><p>Com base nas estat\u00edsticas da popula\u00e7\u00e3o pecu\u00e1ria comparadas com o n\u00famero de profissionais de sa\u00fade animal, no contexto das doen\u00e7as emergentes e da necessidade de uma presta\u00e7\u00e3o de servi\u00e7os mais eficiente, sublinha a necessidade de VPPs e propostas \u00e1reas cr\u00edticas de interven\u00e7\u00e3o, a fim de melhorar a qualidade do servi\u00e7o veterin\u00e1rio aos pequenos e produtores pecu\u00e1rios emergentes de m\u00e9dia escala em \u00c1frica. Isto contribuir\u00e1 para a realiza\u00e7\u00e3o do objetivo de desenvolvimento sustent\u00e1vel de al\u00edvio da fome e da pobreza extrema.<\/p>\t\t\t\t\t\t<\/div>\n\t\t\t\t<\/div>\n\t\t\t\t\t<\/div>\n\t\t\t\t<\/div>\n\t\t\t\t\t<\/div>\n\t\t\t\t<\/div>\n\t\t\t\t<\/div>","protected":false},"excerpt":{"rendered":"<p>Who We Are About The Africa Veterinary Technicians Association (AVTA) is an apex association that brings together veterinary technicians from different countries of Africa as their recognized spokesperson and serve in support animal health service providers to improve animal health in the continent. The vision of the association is to be a force behind the [&hellip;]<\/p>","protected":false},"author":1,"featured_media":0,"parent":0,"menu_order":0,"comment_status":"closed","ping_status":"closed","template":"","meta":{"footnotes":""},"_links":{"self":[{"href":"https:\/\/avta-africa.org\/pt\/wp-json\/wp\/v2\/pages\/296"}],"collection":[{"href":"https:\/\/avta-africa.org\/pt\/wp-json\/wp\/v2\/pages"}],"about":[{"href":"https:\/\/avta-africa.org\/pt\/wp-json\/wp\/v2\/types\/page"}],"author":[{"embeddable":true,"href":"https:\/\/avta-africa.org\/pt\/wp-json\/wp\/v2\/users\/1"}],"replies":[{"embeddable":true,"href":"https:\/\/avta-africa.org\/pt\/wp-json\/wp\/v2\/comments?post=296"}],"version-history":[{"count":73,"href":"https:\/\/avta-africa.org\/pt\/wp-json\/wp\/v2\/pages\/296\/revisions"}],"predecessor-version":[{"id":991,"href":"https:\/\/avta-africa.org\/pt\/wp-json\/wp\/v2\/pages\/296\/revisions\/991"}],"wp:attachment":[{"href":"https:\/\/avta-africa.org\/pt\/wp-json\/wp\/v2\/media?parent=296"}],"curies":[{"name":"wp","href":"https:\/\/api.w.org\/{rel}","templated":true}]}}