{"id":369,"date":"2024-03-12T05:57:47","date_gmt":"2024-03-12T05:57:47","guid":{"rendered":"https:\/\/skillcollage.co.ke\/avta\/?page_id=369"},"modified":"2024-03-19T16:37:41","modified_gmt":"2024-03-19T16:37:41","slug":"history","status":"publish","type":"page","link":"https:\/\/avta-africa.org\/pt\/history\/","title":{"rendered":"Hist\u00f3ria"},"content":{"rendered":"<div data-elementor-type=\"wp-page\" data-elementor-id=\"369\" class=\"elementor elementor-369\" data-elementor-post-type=\"page\">\n\t\t\t\t<div class=\"elementor-element elementor-element-33256c12 e-flex e-con-boxed e-con e-parent\" data-id=\"33256c12\" data-element_type=\"container\" data-settings=\"{&quot;background_background&quot;:&quot;classic&quot;,&quot;jet_parallax_layout_list&quot;:[]}\">\n\t\t\t\t\t<div class=\"e-con-inner\">\n\t\t\t\t<div class=\"elementor-element elementor-element-373d5b8e elementor-widget elementor-widget-heading\" data-id=\"373d5b8e\" data-element_type=\"widget\" data-widget_type=\"heading.default\">\n\t\t\t\t<div class=\"elementor-widget-container\">\n\t\t\t<style>\/*! elementor - v3.21.0 - 24-04-2024 *\/\n.elementor-heading-title{padding:0;margin:0;line-height:1}.elementor-widget-heading .elementor-heading-title[class*=elementor-size-]>a{color:inherit;font-size:inherit;line-height:inherit}.elementor-widget-heading .elementor-heading-title.elementor-size-small{font-size:15px}.elementor-widget-heading .elementor-heading-title.elementor-size-medium{font-size:19px}.elementor-widget-heading .elementor-heading-title.elementor-size-large{font-size:29px}.elementor-widget-heading .elementor-heading-title.elementor-size-xl{font-size:39px}.elementor-widget-heading .elementor-heading-title.elementor-size-xxl{font-size:59px}<\/style><h2 class=\"elementor-heading-title elementor-size-default\">Quem n\u00f3s somos<\/h2>\t\t<\/div>\n\t\t\t\t<\/div>\n\t\t\t\t\t<\/div>\n\t\t\t\t<\/div>\n\t\t<div class=\"elementor-element elementor-element-768185d7 e-flex e-con-boxed e-con e-parent\" data-id=\"768185d7\" data-element_type=\"container\" data-settings=\"{&quot;jet_parallax_layout_list&quot;:[]}\">\n\t\t\t\t\t<div class=\"e-con-inner\">\n\t\t<div class=\"elementor-element elementor-element-654affe3 e-con-full e-flex e-con e-child\" data-id=\"654affe3\" data-element_type=\"container\" data-settings=\"{&quot;jet_parallax_layout_list&quot;:[]}\">\n\t\t\t\t<div class=\"elementor-element elementor-element-4b3fc645 elementor-widget elementor-widget-heading\" data-id=\"4b3fc645\" data-element_type=\"widget\" data-widget_type=\"heading.default\">\n\t\t\t\t<div class=\"elementor-widget-container\">\n\t\t\t<h2 class=\"elementor-heading-title elementor-size-default\">Hist\u00f3ria<\/h2>\t\t<\/div>\n\t\t\t\t<\/div>\n\t\t\t\t<\/div>\n\t\t<div class=\"elementor-element elementor-element-1574dccf e-flex e-con-boxed e-con e-child\" data-id=\"1574dccf\" data-element_type=\"container\" data-settings=\"{&quot;jet_parallax_layout_list&quot;:[]}\">\n\t\t\t\t\t<div class=\"e-con-inner\">\n\t\t\t\t<div class=\"elementor-element elementor-element-8dc53b2 elementor-widget elementor-widget-text-editor\" data-id=\"8dc53b2\" data-element_type=\"widget\" data-widget_type=\"text-editor.default\">\n\t\t\t\t<div class=\"elementor-widget-container\">\n\t\t\t<style>\/*! elementor - v3.21.0 - 24-04-2024 *\/\n.elementor-widget-text-editor.elementor-drop-cap-view-stacked .elementor-drop-cap{background-color:#69727d;color:#fff}.elementor-widget-text-editor.elementor-drop-cap-view-framed .elementor-drop-cap{color:#69727d;border:3px solid;background-color:transparent}.elementor-widget-text-editor:not(.elementor-drop-cap-view-default) .elementor-drop-cap{margin-top:8px}.elementor-widget-text-editor:not(.elementor-drop-cap-view-default) .elementor-drop-cap-letter{width:1em;height:1em}.elementor-widget-text-editor .elementor-drop-cap{float:left;text-align:center;line-height:1;font-size:50px}.elementor-widget-text-editor .elementor-drop-cap-letter{display:inline-block}<\/style>\t\t\t\t<p>Consciente da necessidade de promover e melhorar a ind\u00fastria de recursos animais atrav\u00e9s da presta\u00e7\u00e3o de servi\u00e7os profissionais veterin\u00e1rios e relacionados, e da necessidade de estabelecer liga\u00e7\u00f5es e capacitar as Associa\u00e7\u00f5es Africanas de T\u00e9cnicos Veterin\u00e1rios; Considerando a necessidade de fornecer lideran\u00e7a nas \u00e1reas relevantes relativas aos Servi\u00e7os Profissionais Veterin\u00e1rios como parte dos esfor\u00e7os de integra\u00e7\u00e3o regional, a ideia da AVTA nasceu em 2013, ap\u00f3s a reuni\u00e3o do Grupo de Raiva da \u00c1frica Austral e Oriental (SEARG) na Tanz\u00e2nia, onde os participantes identificaram o papel dos VPPs como cr\u00edticos para o controlo de doen\u00e7as animais e, em 2015, reunidos em Pret\u00f3ria, na \u00c1frica do Sul, decidiram formar uma associa\u00e7\u00e3o onde foi realizada a primeira elei\u00e7\u00e3o. A associa\u00e7\u00e3o tem presidente e dois vice-presidentes. A ades\u00e3o \u00e0 AVTA ocorre em n\u00edvel de associa\u00e7\u00e3o por pa\u00eds. Tamb\u00e9m h\u00e1 provis\u00e3o para associa\u00e7\u00e3o honor\u00e1ria e corporativa.<\/p>\t\t\t\t\t\t<\/div>\n\t\t\t\t<\/div>\n\t\t\t\t\t<\/div>\n\t\t\t\t<\/div>\n\t\t\t\t\t<\/div>\n\t\t\t\t<\/div>\n\t\t<div class=\"elementor-element elementor-element-a84f943 e-flex e-con-boxed e-con e-parent\" data-id=\"a84f943\" data-element_type=\"container\" data-settings=\"{&quot;jet_parallax_layout_list&quot;:[]}\">\n\t\t\t\t\t<div class=\"e-con-inner\">\n\t\t\t\t<div class=\"elementor-element elementor-element-78e2444 elementor-widget-divider--view-line elementor-widget elementor-widget-divider\" data-id=\"78e2444\" data-element_type=\"widget\" data-widget_type=\"divider.default\">\n\t\t\t\t<div class=\"elementor-widget-container\">\n\t\t\t<style>\/*! elementor - v3.21.0 - 24-04-2024 *\/\n.elementor-widget-divider{--divider-border-style:none;--divider-border-width:1px;--divider-color:#0c0d0e;--divider-icon-size:20px;--divider-element-spacing:10px;--divider-pattern-height:24px;--divider-pattern-size:20px;--divider-pattern-url:none;--divider-pattern-repeat:repeat-x}.elementor-widget-divider .elementor-divider{display:flex}.elementor-widget-divider .elementor-divider__text{font-size:15px;line-height:1;max-width:95%}.elementor-widget-divider .elementor-divider__element{margin:0 var(--divider-element-spacing);flex-shrink:0}.elementor-widget-divider .elementor-icon{font-size:var(--divider-icon-size)}.elementor-widget-divider .elementor-divider-separator{display:flex;margin:0;direction:ltr}.elementor-widget-divider--view-line_icon .elementor-divider-separator,.elementor-widget-divider--view-line_text .elementor-divider-separator{align-items:center}.elementor-widget-divider--view-line_icon .elementor-divider-separator:after,.elementor-widget-divider--view-line_icon .elementor-divider-separator:before,.elementor-widget-divider--view-line_text .elementor-divider-separator:after,.elementor-widget-divider--view-line_text .elementor-divider-separator:before{display:block;content:\"\";border-block-end:0;flex-grow:1;border-block-start:var(--divider-border-width) var(--divider-border-style) var(--divider-color)}.elementor-widget-divider--element-align-left .elementor-divider .elementor-divider-separator>.elementor-divider__svg:first-of-type{flex-grow:0;flex-shrink:100}.elementor-widget-divider--element-align-left .elementor-divider-separator:before{content:none}.elementor-widget-divider--element-align-left .elementor-divider__element{margin-left:0}.elementor-widget-divider--element-align-right .elementor-divider .elementor-divider-separator>.elementor-divider__svg:last-of-type{flex-grow:0;flex-shrink:100}.elementor-widget-divider--element-align-right .elementor-divider-separator:after{content:none}.elementor-widget-divider--element-align-right .elementor-divider__element{margin-right:0}.elementor-widget-divider--element-align-start .elementor-divider .elementor-divider-separator>.elementor-divider__svg:first-of-type{flex-grow:0;flex-shrink:100}.elementor-widget-divider--element-align-start .elementor-divider-separator:before{content:none}.elementor-widget-divider--element-align-start .elementor-divider__element{margin-inline-start:0}.elementor-widget-divider--element-align-end .elementor-divider .elementor-divider-separator>.elementor-divider__svg:last-of-type{flex-grow:0;flex-shrink:100}.elementor-widget-divider--element-align-end .elementor-divider-separator:after{content:none}.elementor-widget-divider--element-align-end .elementor-divider__element{margin-inline-end:0}.elementor-widget-divider:not(.elementor-widget-divider--view-line_text):not(.elementor-widget-divider--view-line_icon) .elementor-divider-separator{border-block-start:var(--divider-border-width) var(--divider-border-style) var(--divider-color)}.elementor-widget-divider--separator-type-pattern{--divider-border-style:none}.elementor-widget-divider--separator-type-pattern.elementor-widget-divider--view-line .elementor-divider-separator,.elementor-widget-divider--separator-type-pattern:not(.elementor-widget-divider--view-line) .elementor-divider-separator:after,.elementor-widget-divider--separator-type-pattern:not(.elementor-widget-divider--view-line) .elementor-divider-separator:before,.elementor-widget-divider--separator-type-pattern:not([class*=elementor-widget-divider--view]) .elementor-divider-separator{width:100%;min-height:var(--divider-pattern-height);-webkit-mask-size:var(--divider-pattern-size) 100%;mask-size:var(--divider-pattern-size) 100%;-webkit-mask-repeat:var(--divider-pattern-repeat);mask-repeat:var(--divider-pattern-repeat);background-color:var(--divider-color);-webkit-mask-image:var(--divider-pattern-url);mask-image:var(--divider-pattern-url)}.elementor-widget-divider--no-spacing{--divider-pattern-size:auto}.elementor-widget-divider--bg-round{--divider-pattern-repeat:round}.rtl .elementor-widget-divider .elementor-divider__text{direction:rtl}.e-con-inner>.elementor-widget-divider,.e-con>.elementor-widget-divider{width:var(--container-widget-width,100%);--flex-grow:var(--container-widget-flex-grow)}<\/style>\t\t<div class=\"elementor-divider\">\n\t\t\t<span class=\"elementor-divider-separator\">\n\t\t\t\t\t\t<\/span>\n\t\t<\/div>\n\t\t\t\t<\/div>\n\t\t\t\t<\/div>\n\t\t\t\t\t<\/div>\n\t\t\t\t<\/div>\n\t\t<div class=\"elementor-element elementor-element-13782ba e-flex e-con-boxed e-con e-parent\" data-id=\"13782ba\" data-element_type=\"container\" data-settings=\"{&quot;jet_parallax_layout_list&quot;:[]}\">\n\t\t\t\t\t<div class=\"e-con-inner\">\n\t\t<div class=\"elementor-element elementor-element-6f99e07 e-con-full e-flex e-con e-child\" data-id=\"6f99e07\" data-element_type=\"container\" data-settings=\"{&quot;jet_parallax_layout_list&quot;:[]}\">\n\t\t\t\t<div class=\"elementor-element elementor-element-4d69781 elementor-widget elementor-widget-heading\" data-id=\"4d69781\" data-element_type=\"widget\" data-widget_type=\"heading.default\">\n\t\t\t\t<div class=\"elementor-widget-container\">\n\t\t\t<h2 class=\"elementor-heading-title elementor-size-default\">Vis\u00e3o<\/h2>\t\t<\/div>\n\t\t\t\t<\/div>\n\t\t\t\t<div class=\"elementor-element elementor-element-a7d01c6 elementor-view-default elementor-widget elementor-widget-icon\" data-id=\"a7d01c6\" data-element_type=\"widget\" data-widget_type=\"icon.default\">\n\t\t\t\t<div class=\"elementor-widget-container\">\n\t\t\t\t\t<div class=\"elementor-icon-wrapper\">\n\t\t\t<div class=\"elementor-icon\">\n\t\t\t<svg xmlns=\"http:\/\/www.w3.org\/2000\/svg\" xmlns:xlink=\"http:\/\/www.w3.org\/1999\/xlink\" fill=\"#ffffff\" height=\"800px\" width=\"800px\" id=\"Icons\" viewbox=\"0 0 32 32\" xml:space=\"preserve\" stroke=\"#ffffff\"><g id=\"SVGRepo_bgCarrier\" stroke-width=\"0\"><\/g><g id=\"SVGRepo_tracerCarrier\" stroke-linecap=\"round\" stroke-linejoin=\"round\"><\/g><g id=\"SVGRepo_iconCarrier\"> <path d=\"M30.9,5.6C30.8,5.2,30.4,5,30,5h-3V2c0-0.4-0.2-0.8-0.6-0.9C26,0.9,25.6,1,25.3,1.3l-4,4C21.1,5.5,21,5.7,21,6v3.6l-5.7,5.7 c-0.4,0.4-0.4,1,0,1.4c0.2,0.2,0.5,0.3,0.7,0.3s0.5-0.1,0.7-0.3l5.7-5.7H26c0.3,0,0.5-0.1,0.7-0.3l4-4C31,6.4,31.1,6,30.9,5.6z\"><\/path> <path d=\"M18.1,18.1C17.6,18.7,16.8,19,16,19s-1.6-0.3-2.1-0.9c-1.2-1.2-1.2-3.1,0-4.2l2.8-2.8C16.5,11,16.2,11,16,11 c-2.8,0-5,2.2-5,5s2.2,5,5,5s5-2.2,5-5c0-0.2,0-0.5-0.1-0.7L18.1,18.1z\"><\/path> <path d=\"M28.1,12.1C27.6,12.7,26.8,13,26,13h-2.8l-0.7,0.7c0.3,0.7,0.4,1.5,0.4,2.3c0,3.9-3.1,7-7,7s-7-3.1-7-7s3.1-7,7-7 c0.8,0,1.6,0.2,2.3,0.4L19,8.8V6c0-0.8,0.3-1.6,0.9-2.1l1-1C19.3,2.3,17.7,2,16,2C8.3,2,2,8.3,2,16s6.3,14,14,14s14-6.3,14-14 c0-1.7-0.3-3.3-0.9-4.9L28.1,12.1z\"><\/path> <\/g><\/svg>\t\t\t<\/div>\n\t\t<\/div>\n\t\t\t\t<\/div>\n\t\t\t\t<\/div>\n\t\t\t\t<div class=\"elementor-element elementor-element-654382a elementor-widget elementor-widget-text-editor\" data-id=\"654382a\" data-element_type=\"widget\" data-widget_type=\"text-editor.default\">\n\t\t\t\t<div class=\"elementor-widget-container\">\n\t\t\t\t\t\t\t<p>Ser uma for\u00e7a por tr\u00e1s do desenvolvimento de pr\u00e1ticas veterin\u00e1rias paraprofissionais para melhorar a presta\u00e7\u00e3o de servi\u00e7os da ind\u00fastria de recursos animais e a subsist\u00eancia das comunidades em \u00c1frica<\/p>\t\t\t\t\t\t<\/div>\n\t\t\t\t<\/div>\n\t\t\t\t<\/div>\n\t\t<div class=\"elementor-element elementor-element-c15c530 e-con-full e-flex e-con e-child\" data-id=\"c15c530\" data-element_type=\"container\" data-settings=\"{&quot;jet_parallax_layout_list&quot;:[]}\">\n\t\t\t\t<div class=\"elementor-element elementor-element-d336a21 elementor-widget elementor-widget-heading\" data-id=\"d336a21\" data-element_type=\"widget\" data-widget_type=\"heading.default\">\n\t\t\t\t<div class=\"elementor-widget-container\">\n\t\t\t<h2 class=\"elementor-heading-title elementor-size-default\">Miss\u00e3o<\/h2>\t\t<\/div>\n\t\t\t\t<\/div>\n\t\t\t\t<div class=\"elementor-element elementor-element-aba26f7 elementor-view-default elementor-widget elementor-widget-icon\" data-id=\"aba26f7\" data-element_type=\"widget\" data-widget_type=\"icon.default\">\n\t\t\t\t<div class=\"elementor-widget-container\">\n\t\t\t\t\t<div class=\"elementor-icon-wrapper\">\n\t\t\t<div class=\"elementor-icon\">\n\t\t\t<svg xmlns=\"http:\/\/www.w3.org\/2000\/svg\" xmlns:xlink=\"http:\/\/www.w3.org\/1999\/xlink\" width=\"800px\" height=\"800px\" viewbox=\"0 0 512 512\" fill=\"#A6CF4D\"><g id=\"SVGRepo_bgCarrier\" stroke-width=\"0\"><\/g><g id=\"SVGRepo_tracerCarrier\" stroke-linecap=\"round\" stroke-linejoin=\"round\"><\/g><g id=\"SVGRepo_iconCarrier\"><title>bulb<\/title><g id=\"Page-1\" stroke=\"none\" stroke-width=\"1\" fill=\"none\" fill-rule=\"evenodd\"><g id=\"Combined-Shape\" fill=\"#A6CF4D\" transform=\"translate(42.666667, 21.333333)\"><path d=\"M213.333333,85.3333333 C284.025781,85.3333333 341.333333,142.640885 341.333333,213.333333 C341.333333,260.711239 315.5928,302.077122 277.333732,324.208982 L277.333333,405.333333 L256,426.666667 L234.666667,426.666667 C234.666667,438.448741 225.115408,448 213.333333,448 C201.551259,448 192,438.448741 192,426.666667 L192,426.666667 L170.666667,426.666667 L149.333333,405.333333 L149.332954,324.208993 C111.073876,302.077136 85.3333333,260.711248 85.3333333,213.333333 C85.3333333,142.640885 142.640885,85.3333333 213.333333,85.3333333 Z M234.667665,339.563386 C227.72957,340.727434 220.602209,341.333333 213.333333,341.333333 C206.064458,341.333333 198.937097,340.727434 191.999002,339.563386 L192,384 L234.666667,384 L234.667665,339.563386 Z M96.4250122,307.614237 L119.052429,330.241654 L73.7975952,375.496488 L51.1701782,352.869071 L96.4250122,307.614237 Z M330.241654,307.614237 L375.496488,352.869071 L352.869071,375.496488 L307.614237,330.241654 L330.241654,307.614237 Z M213.333333,128 C166.205035,128 128,166.205035 128,213.333333 C128,260.461632 166.205035,298.666667 213.333333,298.666667 C260.461632,298.666667 298.666667,260.461632 298.666667,213.333333 C298.666667,166.205035 260.461632,128 213.333333,128 Z M426.666667,197.333333 L426.666667,229.333333 L362.666667,229.333333 L362.666667,197.333333 L426.666667,197.333333 Z M64,197.333333 L64,229.333333 L3.55271368e-14,229.333333 L3.55271368e-14,197.333333 L64,197.333333 Z M352.869071,51.1701782 L375.496488,73.7975952 L330.241654,119.052429 L307.614237,96.4250122 L352.869071,51.1701782 Z M73.7975952,51.1701782 L119.052429,96.4250122 L96.4250122,119.052429 L51.1701782,73.7975952 L73.7975952,51.1701782 Z M229.333333,-1.0658141e-14 L229.333333,64 L197.333333,64 L197.333333,-1.0658141e-14 L229.333333,-1.0658141e-14 Z\"> <\/path><\/g><\/g><\/g><\/svg>\t\t\t<\/div>\n\t\t<\/div>\n\t\t\t\t<\/div>\n\t\t\t\t<\/div>\n\t\t\t\t<div class=\"elementor-element elementor-element-9832cfc elementor-widget elementor-widget-text-editor\" data-id=\"9832cfc\" data-element_type=\"widget\" data-widget_type=\"text-editor.default\">\n\t\t\t\t<div class=\"elementor-widget-container\">\n\t\t\t\t\t\t\t<p>Ser uma for\u00e7a por tr\u00e1s do desenvolvimento de pr\u00e1ticas veterin\u00e1rias paraprofissionais para melhorar a presta\u00e7\u00e3o de servi\u00e7os da ind\u00fastria de recursos animais e a subsist\u00eancia das comunidades em \u00c1frica<\/p>\t\t\t\t\t\t<\/div>\n\t\t\t\t<\/div>\n\t\t\t\t<\/div>\n\t\t\t\t\t<\/div>\n\t\t\t\t<\/div>\n\t\t<div class=\"elementor-element elementor-element-4bc27b8 e-flex e-con-boxed e-con e-parent\" data-id=\"4bc27b8\" data-element_type=\"container\" data-settings=\"{&quot;jet_parallax_layout_list&quot;:[]}\">\n\t\t\t\t\t<div class=\"e-con-inner\">\n\t\t\t\t<div class=\"elementor-element elementor-element-587acd5 elementor-widget-divider--view-line elementor-widget elementor-widget-divider\" data-id=\"587acd5\" data-element_type=\"widget\" data-widget_type=\"divider.default\">\n\t\t\t\t<div class=\"elementor-widget-container\">\n\t\t\t\t\t<div class=\"elementor-divider\">\n\t\t\t<span class=\"elementor-divider-separator\">\n\t\t\t\t\t\t<\/span>\n\t\t<\/div>\n\t\t\t\t<\/div>\n\t\t\t\t<\/div>\n\t\t\t\t\t<\/div>\n\t\t\t\t<\/div>\n\t\t<div class=\"elementor-element elementor-element-d6282e0 e-flex e-con-boxed e-con e-parent\" data-id=\"d6282e0\" data-element_type=\"container\" data-settings=\"{&quot;jet_parallax_layout_list&quot;:[]}\">\n\t\t\t\t\t<div class=\"e-con-inner\">\n\t\t<div class=\"elementor-element elementor-element-9a49089 e-con-full e-flex e-con e-child\" data-id=\"9a49089\" data-element_type=\"container\" data-settings=\"{&quot;jet_parallax_layout_list&quot;:[]}\">\n\t\t\t\t<div class=\"elementor-element elementor-element-31fe1cf elementor-widget elementor-widget-heading\" data-id=\"31fe1cf\" data-element_type=\"widget\" data-widget_type=\"heading.default\">\n\t\t\t\t<div class=\"elementor-widget-container\">\n\t\t\t<h2 class=\"elementor-heading-title elementor-size-default\">Valores fundamentais<\/h2>\t\t<\/div>\n\t\t\t\t<\/div>\n\t\t\t\t<\/div>\n\t\t<div class=\"elementor-element elementor-element-3a54772 e-flex e-con-boxed e-con e-child\" data-id=\"3a54772\" data-element_type=\"container\" data-settings=\"{&quot;jet_parallax_layout_list&quot;:[]}\">\n\t\t\t\t\t<div class=\"e-con-inner\">\n\t\t\t\t<div class=\"elementor-element elementor-element-672d0ad elementor-widget elementor-widget-text-editor\" data-id=\"672d0ad\" data-element_type=\"widget\" data-widget_type=\"text-editor.default\">\n\t\t\t\t<div class=\"elementor-widget-container\">\n\t\t\t\t\t\t\t<p>A associa\u00e7\u00e3o ser\u00e1 guiada pelos seguintes valores fundamentais na prossecu\u00e7\u00e3o do seu objetivo e<br \/>Objetivos;<\/p><ul><li><strong>Profissionalismo<\/strong> \u2013 promover os mais elevados padr\u00f5es de presta\u00e7\u00e3o de servi\u00e7os na cadeia de valores.<\/li><li><strong>Integridade<\/strong> \u2013 defender a honestidade e a confiabilidade.<\/li><li><strong>Transpar\u00eancia e responsabilidade<\/strong> \u2013 aberto e respons\u00e1vel perante v\u00e1rias partes interessadas.<\/li><li><strong>Efici\u00eancia e efic\u00e1cia<\/strong> \u2013 na forma\u00e7\u00e3o e presta\u00e7\u00e3o de servi\u00e7os.<\/li><li><strong>Capacidade de resposta<\/strong> \u2013 ouvir os membros, parceiros e partes interessadas.<\/li><li><strong>Inclusividade<\/strong> \u2013 representa\u00e7\u00e3o equitativa, g\u00e9nero e outros grupos de interesse.<\/li><\/ul>\t\t\t\t\t\t<\/div>\n\t\t\t\t<\/div>\n\t\t\t\t\t<\/div>\n\t\t\t\t<\/div>\n\t\t\t\t\t<\/div>\n\t\t\t\t<\/div>\n\t\t<div class=\"elementor-element elementor-element-86e1627 e-flex e-con-boxed e-con e-parent\" data-id=\"86e1627\" data-element_type=\"container\" data-settings=\"{&quot;jet_parallax_layout_list&quot;:[]}\">\n\t\t\t\t\t<div class=\"e-con-inner\">\n\t\t\t\t<div class=\"elementor-element elementor-element-e763987 elementor-widget-divider--view-line elementor-widget elementor-widget-divider\" data-id=\"e763987\" data-element_type=\"widget\" data-widget_type=\"divider.default\">\n\t\t\t\t<div class=\"elementor-widget-container\">\n\t\t\t\t\t<div class=\"elementor-divider\">\n\t\t\t<span class=\"elementor-divider-separator\">\n\t\t\t\t\t\t<\/span>\n\t\t<\/div>\n\t\t\t\t<\/div>\n\t\t\t\t<\/div>\n\t\t\t\t\t<\/div>\n\t\t\t\t<\/div>\n\t\t<div class=\"elementor-element elementor-element-60a15ab e-flex e-con-boxed e-con e-parent\" data-id=\"60a15ab\" data-element_type=\"container\" data-settings=\"{&quot;jet_parallax_layout_list&quot;:[]}\">\n\t\t\t\t\t<div class=\"e-con-inner\">\n\t\t<div class=\"elementor-element elementor-element-f15cfc6 e-con-full e-flex e-con e-child\" data-id=\"f15cfc6\" data-element_type=\"container\" data-settings=\"{&quot;jet_parallax_layout_list&quot;:[]}\">\n\t\t\t\t<div class=\"elementor-element elementor-element-bb6ef65 elementor-widget elementor-widget-heading\" data-id=\"bb6ef65\" data-element_type=\"widget\" data-widget_type=\"heading.default\">\n\t\t\t\t<div class=\"elementor-widget-container\">\n\t\t\t<h2 class=\"elementor-heading-title elementor-size-default\">Objetivos<\/h2>\t\t<\/div>\n\t\t\t\t<\/div>\n\t\t\t\t<\/div>\n\t\t<div class=\"elementor-element elementor-element-dcdcfd2 e-flex e-con-boxed e-con e-child\" data-id=\"dcdcfd2\" data-element_type=\"container\" data-settings=\"{&quot;jet_parallax_layout_list&quot;:[]}\">\n\t\t\t\t\t<div class=\"e-con-inner\">\n\t\t\t\t<div class=\"elementor-element elementor-element-17b1c8e elementor-widget elementor-widget-text-editor\" data-id=\"17b1c8e\" data-element_type=\"widget\" data-widget_type=\"text-editor.default\">\n\t\t\t\t<div class=\"elementor-widget-container\">\n\t\t\t\t\t\t\t<ol><li>Promover a harmoniza\u00e7\u00e3o regional dos padr\u00f5es de forma\u00e7\u00e3o dos paraprofissionais veterin\u00e1rios e<br \/>pr\u00e1tica na ind\u00fastria de recursos animais em \u00c1frica.<\/li><li>Promover os interesses de todos os t\u00e9cnicos veterin\u00e1rios da ind\u00fastria de recursos animais para<br \/>salvaguardar a profiss\u00e3o na regi\u00e3o africana.<\/li><li>Atuar como porta-voz oficial do profissionalismo do profissional t\u00e9cnico veterin\u00e1rio<br \/>pr\u00e1tica em todos os assuntos que envolvem a ind\u00fastria de recursos animais na regi\u00e3o.<\/li><li>Para melhorar a cadeia de valor na ind\u00fastria de recursos animais<\/li><li>Defender a livre circula\u00e7\u00e3o de paraprofissionais veterin\u00e1rios para praticar em toda a \u00c1frica.<\/li><li>Fazer lobby e defender pol\u00edticas, altera\u00e7\u00f5es e promulga\u00e7\u00e3o de legisla\u00e7\u00f5es que regulam<br \/>a pr\u00e1tica paraprofissional veterin\u00e1ria.<\/li><li>Promover sinergia e networking entre os membros da associa\u00e7\u00e3o e o p\u00fablico<br \/>conhecimento<\/li><li>Ser capaz de atrair financiamento para apoiar atividades que promovam a pr\u00e1tica e a entrega no<br \/>cadeia de valor em benef\u00edcio da comunidade.<\/li><li>Colaborar com institui\u00e7\u00f5es veterin\u00e1rias regionais e internacionais, institui\u00e7\u00f5es econ\u00f3micas regionais<br \/>blocos, parceiros de desenvolvimento e outras partes interessadas da ind\u00fastria de recursos animais.<\/li><li>Realizar qualquer outra actividade que possa promover a prossecu\u00e7\u00e3o do objectivo global da<br \/>a Associa\u00e7\u00e3o.<\/li><\/ol>\t\t\t\t\t\t<\/div>\n\t\t\t\t<\/div>\n\t\t\t\t\t<\/div>\n\t\t\t\t<\/div>\n\t\t\t\t\t<\/div>\n\t\t\t\t<\/div>\n\t\t<div class=\"elementor-element elementor-element-4fc3821 e-flex e-con-boxed e-con e-parent\" data-id=\"4fc3821\" data-element_type=\"container\" data-settings=\"{&quot;jet_parallax_layout_list&quot;:[]}\">\n\t\t\t\t\t<div class=\"e-con-inner\">\n\t\t<div class=\"elementor-element elementor-element-e704ea6 e-con-full e-flex e-con e-child\" data-id=\"e704ea6\" data-element_type=\"container\" data-settings=\"{&quot;jet_parallax_layout_list&quot;:[]}\">\n\t\t\t\t<\/div>\n\t\t<div class=\"elementor-element elementor-element-45153fd e-con-full e-flex e-con e-child\" data-id=\"45153fd\" data-element_type=\"container\" data-settings=\"{&quot;jet_parallax_layout_list&quot;:[]}\">\n\t\t\t\t<\/div>\n\t\t<div class=\"elementor-element elementor-element-caf9cad e-con-full e-flex e-con e-child\" data-id=\"caf9cad\" data-element_type=\"container\" data-settings=\"{&quot;jet_parallax_layout_list&quot;:[]}\">\n\t\t\t\t<\/div>\n\t\t\t\t\t<\/div>\n\t\t\t\t<\/div>\n\t\t\t\t<\/div>","protected":false},"excerpt":{"rendered":"<p>Who We Are History Aware of the need to promote and improve the animal resource industry through the provision of Para professional veterinary and related services and the need to provide linkages and empower the African Veterinary Technicians Associations; Considering the need to provide leadership in the relevant areas concerning the Veterinary Para Professional Services [&hellip;]<\/p>","protected":false},"author":1,"featured_media":0,"parent":0,"menu_order":0,"comment_status":"closed","ping_status":"closed","template":"","meta":{"footnotes":""},"_links":{"self":[{"href":"https:\/\/avta-africa.org\/pt\/wp-json\/wp\/v2\/pages\/369"}],"collection":[{"href":"https:\/\/avta-africa.org\/pt\/wp-json\/wp\/v2\/pages"}],"about":[{"href":"https:\/\/avta-africa.org\/pt\/wp-json\/wp\/v2\/types\/page"}],"author":[{"embeddable":true,"href":"https:\/\/avta-africa.org\/pt\/wp-json\/wp\/v2\/users\/1"}],"replies":[{"embeddable":true,"href":"https:\/\/avta-africa.org\/pt\/wp-json\/wp\/v2\/comments?post=369"}],"version-history":[{"count":67,"href":"https:\/\/avta-africa.org\/pt\/wp-json\/wp\/v2\/pages\/369\/revisions"}],"predecessor-version":[{"id":985,"href":"https:\/\/avta-africa.org\/pt\/wp-json\/wp\/v2\/pages\/369\/revisions\/985"}],"wp:attachment":[{"href":"https:\/\/avta-africa.org\/pt\/wp-json\/wp\/v2\/media?parent=369"}],"curies":[{"name":"wp","href":"https:\/\/api.w.org\/{rel}","templated":true}]}}