{"id":440,"date":"2024-03-12T11:59:15","date_gmt":"2024-03-12T11:59:15","guid":{"rendered":"https:\/\/skillcollage.co.ke\/avta\/?page_id=440"},"modified":"2024-05-02T12:56:03","modified_gmt":"2024-05-02T12:56:03","slug":"membership","status":"publish","type":"page","link":"https:\/\/avta-africa.org\/pt\/membership\/","title":{"rendered":"Filia\u00e7\u00e3o"},"content":{"rendered":"<div data-elementor-type=\"wp-page\" data-elementor-id=\"440\" class=\"elementor elementor-440\" data-elementor-post-type=\"page\">\n\t\t\t\t<div class=\"elementor-element elementor-element-2e2982e2 e-flex e-con-boxed e-con e-parent\" data-id=\"2e2982e2\" data-element_type=\"container\" data-settings=\"{&quot;background_background&quot;:&quot;classic&quot;,&quot;jet_parallax_layout_list&quot;:[]}\">\n\t\t\t\t\t<div class=\"e-con-inner\">\n\t\t\t\t\t<\/div>\n\t\t\t\t<\/div>\n\t\t<div class=\"elementor-element elementor-element-689b827 e-flex e-con-boxed e-con e-parent\" data-id=\"689b827\" data-element_type=\"container\" data-settings=\"{&quot;jet_parallax_layout_list&quot;:[]}\">\n\t\t\t\t\t<div class=\"e-con-inner\">\n\t\t<div class=\"elementor-element elementor-element-986543b e-con-full e-flex e-con e-child\" data-id=\"986543b\" data-element_type=\"container\" data-settings=\"{&quot;jet_parallax_layout_list&quot;:[]}\">\n\t\t\t\t<div class=\"elementor-element elementor-element-f47a939 elementor-widget elementor-widget-heading\" data-id=\"f47a939\" data-element_type=\"widget\" data-widget_type=\"heading.default\">\n\t\t\t\t<div class=\"elementor-widget-container\">\n\t\t\t<style>\/*! elementor - v3.21.0 - 24-04-2024 *\/\n.elementor-heading-title{padding:0;margin:0;line-height:1}.elementor-widget-heading .elementor-heading-title[class*=elementor-size-]>a{color:inherit;font-size:inherit;line-height:inherit}.elementor-widget-heading .elementor-heading-title.elementor-size-small{font-size:15px}.elementor-widget-heading .elementor-heading-title.elementor-size-medium{font-size:19px}.elementor-widget-heading .elementor-heading-title.elementor-size-large{font-size:29px}.elementor-widget-heading .elementor-heading-title.elementor-size-xl{font-size:39px}.elementor-widget-heading .elementor-heading-title.elementor-size-xxl{font-size:59px}<\/style><h2 class=\"elementor-heading-title elementor-size-default\">Membros Principais<\/h2>\t\t<\/div>\n\t\t\t\t<\/div>\n\t\t\t\t<div class=\"elementor-element elementor-element-905cfc6 elementor-widget elementor-widget-text-editor\" data-id=\"905cfc6\" data-element_type=\"widget\" data-widget_type=\"text-editor.default\">\n\t\t\t\t<div class=\"elementor-widget-container\">\n\t\t\t<style>\/*! elementor - v3.21.0 - 24-04-2024 *\/\n.elementor-widget-text-editor.elementor-drop-cap-view-stacked .elementor-drop-cap{background-color:#69727d;color:#fff}.elementor-widget-text-editor.elementor-drop-cap-view-framed .elementor-drop-cap{color:#69727d;border:3px solid;background-color:transparent}.elementor-widget-text-editor:not(.elementor-drop-cap-view-default) .elementor-drop-cap{margin-top:8px}.elementor-widget-text-editor:not(.elementor-drop-cap-view-default) .elementor-drop-cap-letter{width:1em;height:1em}.elementor-widget-text-editor .elementor-drop-cap{float:left;text-align:center;line-height:1;font-size:50px}.elementor-widget-text-editor .elementor-drop-cap-letter{display:inline-block}<\/style>\t\t\t\t<p>A ades\u00e3o est\u00e1 aberta a Associa\u00e7\u00f5es Nacionais de T\u00e9cnicos Veterin\u00e1rios de pa\u00edses reconhecidos pela Uni\u00e3o Africana e outros pa\u00edses colaboradores atrav\u00e9s de blocos econ\u00f3micos regionais, desde que tais associa\u00e7\u00f5es sejam organiza\u00e7\u00f5es privadas financiadas principalmente por subscri\u00e7\u00f5es privadas dos seus membros e parcerias. Os membros individuais s\u00e3o representados atrav\u00e9s das suas associa\u00e7\u00f5es. Os membros da Associa\u00e7\u00e3o de T\u00e9cnicos Veterin\u00e1rios n\u00e3o pertencentes \u00e0 UA devem ser aprovados por todos os seus hom\u00f3logos da UA atrav\u00e9s de voto absoluto.<\/p>\t\t\t\t\t\t<\/div>\n\t\t\t\t<\/div>\n\t\t\t\t<div class=\"elementor-element elementor-element-ae6cfcc elementor-widget-divider--view-line elementor-widget elementor-widget-divider\" data-id=\"ae6cfcc\" data-element_type=\"widget\" data-widget_type=\"divider.default\">\n\t\t\t\t<div class=\"elementor-widget-container\">\n\t\t\t<style>\/*! elementor - v3.21.0 - 24-04-2024 *\/\n.elementor-widget-divider{--divider-border-style:none;--divider-border-width:1px;--divider-color:#0c0d0e;--divider-icon-size:20px;--divider-element-spacing:10px;--divider-pattern-height:24px;--divider-pattern-size:20px;--divider-pattern-url:none;--divider-pattern-repeat:repeat-x}.elementor-widget-divider .elementor-divider{display:flex}.elementor-widget-divider .elementor-divider__text{font-size:15px;line-height:1;max-width:95%}.elementor-widget-divider .elementor-divider__element{margin:0 var(--divider-element-spacing);flex-shrink:0}.elementor-widget-divider .elementor-icon{font-size:var(--divider-icon-size)}.elementor-widget-divider .elementor-divider-separator{display:flex;margin:0;direction:ltr}.elementor-widget-divider--view-line_icon .elementor-divider-separator,.elementor-widget-divider--view-line_text .elementor-divider-separator{align-items:center}.elementor-widget-divider--view-line_icon .elementor-divider-separator:after,.elementor-widget-divider--view-line_icon .elementor-divider-separator:before,.elementor-widget-divider--view-line_text .elementor-divider-separator:after,.elementor-widget-divider--view-line_text .elementor-divider-separator:before{display:block;content:\"\";border-block-end:0;flex-grow:1;border-block-start:var(--divider-border-width) var(--divider-border-style) var(--divider-color)}.elementor-widget-divider--element-align-left .elementor-divider .elementor-divider-separator>.elementor-divider__svg:first-of-type{flex-grow:0;flex-shrink:100}.elementor-widget-divider--element-align-left .elementor-divider-separator:before{content:none}.elementor-widget-divider--element-align-left .elementor-divider__element{margin-left:0}.elementor-widget-divider--element-align-right .elementor-divider .elementor-divider-separator>.elementor-divider__svg:last-of-type{flex-grow:0;flex-shrink:100}.elementor-widget-divider--element-align-right .elementor-divider-separator:after{content:none}.elementor-widget-divider--element-align-right .elementor-divider__element{margin-right:0}.elementor-widget-divider--element-align-start .elementor-divider .elementor-divider-separator>.elementor-divider__svg:first-of-type{flex-grow:0;flex-shrink:100}.elementor-widget-divider--element-align-start .elementor-divider-separator:before{content:none}.elementor-widget-divider--element-align-start .elementor-divider__element{margin-inline-start:0}.elementor-widget-divider--element-align-end .elementor-divider .elementor-divider-separator>.elementor-divider__svg:last-of-type{flex-grow:0;flex-shrink:100}.elementor-widget-divider--element-align-end .elementor-divider-separator:after{content:none}.elementor-widget-divider--element-align-end .elementor-divider__element{margin-inline-end:0}.elementor-widget-divider:not(.elementor-widget-divider--view-line_text):not(.elementor-widget-divider--view-line_icon) .elementor-divider-separator{border-block-start:var(--divider-border-width) var(--divider-border-style) var(--divider-color)}.elementor-widget-divider--separator-type-pattern{--divider-border-style:none}.elementor-widget-divider--separator-type-pattern.elementor-widget-divider--view-line .elementor-divider-separator,.elementor-widget-divider--separator-type-pattern:not(.elementor-widget-divider--view-line) .elementor-divider-separator:after,.elementor-widget-divider--separator-type-pattern:not(.elementor-widget-divider--view-line) .elementor-divider-separator:before,.elementor-widget-divider--separator-type-pattern:not([class*=elementor-widget-divider--view]) .elementor-divider-separator{width:100%;min-height:var(--divider-pattern-height);-webkit-mask-size:var(--divider-pattern-size) 100%;mask-size:var(--divider-pattern-size) 100%;-webkit-mask-repeat:var(--divider-pattern-repeat);mask-repeat:var(--divider-pattern-repeat);background-color:var(--divider-color);-webkit-mask-image:var(--divider-pattern-url);mask-image:var(--divider-pattern-url)}.elementor-widget-divider--no-spacing{--divider-pattern-size:auto}.elementor-widget-divider--bg-round{--divider-pattern-repeat:round}.rtl .elementor-widget-divider .elementor-divider__text{direction:rtl}.e-con-inner>.elementor-widget-divider,.e-con>.elementor-widget-divider{width:var(--container-widget-width,100%);--flex-grow:var(--container-widget-flex-grow)}<\/style>\t\t<div class=\"elementor-divider\">\n\t\t\t<span class=\"elementor-divider-separator\">\n\t\t\t\t\t\t<\/span>\n\t\t<\/div>\n\t\t\t\t<\/div>\n\t\t\t\t<\/div>\n\t\t\t\t<div class=\"elementor-element elementor-element-758c69e elementor-widget elementor-widget-heading\" data-id=\"758c69e\" data-element_type=\"widget\" data-widget_type=\"heading.default\">\n\t\t\t\t<div class=\"elementor-widget-container\">\n\t\t\t<h2 class=\"elementor-heading-title elementor-size-default\">Associa\u00e7\u00e3o Privada<\/h2>\t\t<\/div>\n\t\t\t\t<\/div>\n\t\t\t\t<div class=\"elementor-element elementor-element-80a8a47 elementor-widget elementor-widget-text-editor\" data-id=\"80a8a47\" data-element_type=\"widget\" data-widget_type=\"text-editor.default\">\n\t\t\t\t<div class=\"elementor-widget-container\">\n\t\t\t\t\t\t\t<p>Incluem partes interessadas e organiza\u00e7\u00f5es n\u00e3o governamentais que acrescentam valor \u00e0 ind\u00fastria de recursos animais. podem ser admitidos como membros por um per\u00edodo determinado, mas n\u00e3o ter\u00e3o direito a voto. Outras organiza\u00e7\u00f5es que n\u00e3o sejam associa\u00e7\u00f5es nacionais de t\u00e9cnicos veterin\u00e1rios podem ser membros privados em reuni\u00f5es gerais ou especiais da AVTA. os futuros membros privados dever\u00e3o solicitar por escrito ao secret\u00e1rio honor\u00e1rio da AVTA, cujo pedido ser\u00e1 apresentado antes de uma reuni\u00e3o do comit\u00ea executivo devidamente constitu\u00eddo para considera\u00e7\u00e3o e admiss\u00e3o ser\u00e1 por voto un\u00e2nime dos membros do comit\u00ea executivo presentes e votantes. Caso n\u00e3o haja vota\u00e7\u00e3o un\u00e2nime para admiss\u00e3o, a candidatura<\/p>\t\t\t\t\t\t<\/div>\n\t\t\t\t<\/div>\n\t\t\t\t<div class=\"elementor-element elementor-element-92d3df9 elementor-widget-divider--view-line elementor-widget elementor-widget-divider\" data-id=\"92d3df9\" data-element_type=\"widget\" data-widget_type=\"divider.default\">\n\t\t\t\t<div class=\"elementor-widget-container\">\n\t\t\t\t\t<div class=\"elementor-divider\">\n\t\t\t<span class=\"elementor-divider-separator\">\n\t\t\t\t\t\t<\/span>\n\t\t<\/div>\n\t\t\t\t<\/div>\n\t\t\t\t<\/div>\n\t\t\t\t<div class=\"elementor-element elementor-element-2014444 elementor-widget elementor-widget-heading\" data-id=\"2014444\" data-element_type=\"widget\" data-widget_type=\"heading.default\">\n\t\t\t\t<div class=\"elementor-widget-container\">\n\t\t\t<h2 class=\"elementor-heading-title elementor-size-default\">Membro Associado<\/h2>\t\t<\/div>\n\t\t\t\t<\/div>\n\t\t\t\t<div class=\"elementor-element elementor-element-75208dc elementor-widget elementor-widget-text-editor\" data-id=\"75208dc\" data-element_type=\"widget\" data-widget_type=\"text-editor.default\">\n\t\t\t\t<div class=\"elementor-widget-container\">\n\t\t\t\t\t\t\t<p>Ser\u00e1 composto por Autoridades Reguladoras Veterin\u00e1rias Nacionais nos pa\u00edses membros da UA ou reguladores da pr\u00e1tica veterin\u00e1ria das diversas associa\u00e7\u00f5es membros. As Associa\u00e7\u00f5es Paraveterin\u00e1rias (incluindo grupos\/associa\u00e7\u00f5es de especialidades veterin\u00e1rias registradas nos estados membros da UA que n\u00e3o s\u00e3o consideradas membros principais tamb\u00e9m podem ser consideradas como membros associados, uma vez que seu pedido de ades\u00e3o \u00e0 AVTA tenha sido concedido pelo comit\u00ea executivo. Os membros associados devem n\u00e3o t\u00eam direito a voto.<\/p>\t\t\t\t\t\t<\/div>\n\t\t\t\t<\/div>\n\t\t\t\t<div class=\"elementor-element elementor-element-6c78010 elementor-widget-divider--view-line elementor-widget elementor-widget-divider\" data-id=\"6c78010\" data-element_type=\"widget\" data-widget_type=\"divider.default\">\n\t\t\t\t<div class=\"elementor-widget-container\">\n\t\t\t\t\t<div class=\"elementor-divider\">\n\t\t\t<span class=\"elementor-divider-separator\">\n\t\t\t\t\t\t<\/span>\n\t\t<\/div>\n\t\t\t\t<\/div>\n\t\t\t\t<\/div>\n\t\t\t\t<div class=\"elementor-element elementor-element-c134ba7 elementor-widget elementor-widget-heading\" data-id=\"c134ba7\" data-element_type=\"widget\" data-widget_type=\"heading.default\">\n\t\t\t\t<div class=\"elementor-widget-container\">\n\t\t\t<h2 class=\"elementor-heading-title elementor-size-default\">Associa\u00e7\u00e3o Horon\u00e1ria<\/h2>\t\t<\/div>\n\t\t\t\t<\/div>\n\t\t\t\t<div class=\"elementor-element elementor-element-6a2fb39 elementor-widget elementor-widget-text-editor\" data-id=\"6a2fb39\" data-element_type=\"widget\" data-widget_type=\"text-editor.default\">\n\t\t\t\t<div class=\"elementor-widget-container\">\n\t\t\t\t\t\t\t<p>Isto ser\u00e1 determinado periodicamente pelo Comit\u00ea Executivo. A ades\u00e3o honor\u00e1ria pode ser oferecida pelo comit\u00ea executivo aos membros das Associa\u00e7\u00f5es afiliadas ou a n\u00e3o paraveterin\u00e1rios que a Associa\u00e7\u00e3o considere ter prestado servi\u00e7os excepcionais \u00e0 profiss\u00e3o veterin\u00e1ria do Par\u00e1 na regi\u00e3o. Eles n\u00e3o t\u00eam direito a voto, a menos que tenham sido nomeados adicionalmente para representar as associa\u00e7\u00f5es membros.<\/p>\t\t\t\t\t\t<\/div>\n\t\t\t\t<\/div>\n\t\t\t\t<div class=\"elementor-element elementor-element-f0c1290 elementor-widget-divider--view-line elementor-widget elementor-widget-divider\" data-id=\"f0c1290\" data-element_type=\"widget\" data-widget_type=\"divider.default\">\n\t\t\t\t<div class=\"elementor-widget-container\">\n\t\t\t\t\t<div class=\"elementor-divider\">\n\t\t\t<span class=\"elementor-divider-separator\">\n\t\t\t\t\t\t<\/span>\n\t\t<\/div>\n\t\t\t\t<\/div>\n\t\t\t\t<\/div>\n\t\t\t\t<div class=\"elementor-element elementor-element-5acf6cd elementor-widget elementor-widget-heading\" data-id=\"5acf6cd\" data-element_type=\"widget\" data-widget_type=\"heading.default\">\n\t\t\t\t<div class=\"elementor-widget-container\">\n\t\t\t<h2 class=\"elementor-heading-title elementor-size-default\">Associa\u00e7\u00e3o Corporativa<\/h2>\t\t<\/div>\n\t\t\t\t<\/div>\n\t\t\t\t<div class=\"elementor-element elementor-element-1806cee elementor-widget elementor-widget-text-editor\" data-id=\"1806cee\" data-element_type=\"widget\" data-widget_type=\"text-editor.default\">\n\t\t\t\t<div class=\"elementor-widget-container\">\n\t\t\t\t\t\t\t<p>Os principais patrocinadores e parceiros regionais podem ser considerados membros corporativos por um per\u00edodo especificado pelo Comit\u00ea Executivo da AVTA, mas n\u00e3o ter\u00e3o direito a voto. Os potenciais membros corporativos dever\u00e3o solicitar por escrito ao Secret\u00e1rio Honor\u00e1rio da AVTA, cujo pedido ser\u00e1 apresentado antes de uma reuni\u00e3o do Comit\u00ea Executivo devidamente constitu\u00edda para considera\u00e7\u00e3o e admiss\u00e3o ser\u00e1 por voto un\u00e2nime dos membros do Comit\u00ea Executivo presentes e votantes. Caso n\u00e3o haja vota\u00e7\u00e3o un\u00e2nime para admiss\u00e3o, a candidatura poder\u00e1 ser adiada para a pr\u00f3xima reuni\u00e3o da Comiss\u00e3o Executiva de admiss\u00e3o. Eles n\u00e3o t\u00eam direito de voto.<\/p>\t\t\t\t\t\t<\/div>\n\t\t\t\t<\/div>\n\t\t\t\t<div class=\"elementor-element elementor-element-638a183 elementor-widget-divider--view-line elementor-widget elementor-widget-divider\" data-id=\"638a183\" data-element_type=\"widget\" data-widget_type=\"divider.default\">\n\t\t\t\t<div class=\"elementor-widget-container\">\n\t\t\t\t\t<div class=\"elementor-divider\">\n\t\t\t<span class=\"elementor-divider-separator\">\n\t\t\t\t\t\t<\/span>\n\t\t<\/div>\n\t\t\t\t<\/div>\n\t\t\t\t<\/div>\n\t\t\t\t<div class=\"elementor-element elementor-element-7afc53b elementor-widget elementor-widget-heading\" data-id=\"7afc53b\" data-element_type=\"widget\" data-widget_type=\"heading.default\">\n\t\t\t\t<div class=\"elementor-widget-container\">\n\t\t\t<h2 class=\"elementor-heading-title elementor-size-default\">Comit\u00ea Executivo<\/h2>\t\t<\/div>\n\t\t\t\t<\/div>\n\t\t\t\t<div class=\"elementor-element elementor-element-5492be1 elementor-widget elementor-widget-text-editor\" data-id=\"5492be1\" data-element_type=\"widget\" data-widget_type=\"text-editor.default\">\n\t\t\t\t<div class=\"elementor-widget-container\">\n\t\t\t\t\t\t\t<p>O Presidente, o Ex-Presidente Imediato, o Primeiro Vice-Presidente, o Segundo Vice-Presidente, os membros do Conselho e o chefe do Secretariado compreender\u00e3o uma categoria de membros sem direito a voto, exceto para os membros do Conselho e com voto de qualidade do Presidente.<\/p>\t\t\t\t\t\t<\/div>\n\t\t\t\t<\/div>\n\t\t\t\t<div class=\"elementor-element elementor-element-073fa14 elementor-widget-divider--view-line elementor-widget elementor-widget-divider\" data-id=\"073fa14\" data-element_type=\"widget\" data-widget_type=\"divider.default\">\n\t\t\t\t<div class=\"elementor-widget-container\">\n\t\t\t\t\t<div class=\"elementor-divider\">\n\t\t\t<span class=\"elementor-divider-separator\">\n\t\t\t\t\t\t<\/span>\n\t\t<\/div>\n\t\t\t\t<\/div>\n\t\t\t\t<\/div>\n\t\t\t\t<div class=\"elementor-element elementor-element-4c0729d elementor-widget elementor-widget-heading\" data-id=\"4c0729d\" data-element_type=\"widget\" data-widget_type=\"heading.default\">\n\t\t\t\t<div class=\"elementor-widget-container\">\n\t\t\t<h2 class=\"elementor-heading-title elementor-size-default\">Obriga\u00e7\u00f5es<\/h2>\t\t<\/div>\n\t\t\t\t<\/div>\n\t\t\t\t<div class=\"elementor-element elementor-element-191a9fa elementor-widget elementor-widget-text-editor\" data-id=\"191a9fa\" data-element_type=\"widget\" data-widget_type=\"text-editor.default\">\n\t\t\t\t<div class=\"elementor-widget-container\">\n\t\t\t\t\t\t\t<p>A ades\u00e3o \u00e0 AVTA implicar\u00e1 a participa\u00e7\u00e3o volunt\u00e1ria dos pa\u00edses membros, enquanto a obriga\u00e7\u00e3o da associa\u00e7\u00e3o membro ou dos indiv\u00edduos de participar de quaisquer atividades da AVTA ser\u00e1 orientada pela Constitui\u00e7\u00e3o e regulamentos da AVTA. Os membros da AVTA que optarem por n\u00e3o participar de qualquer AVTA n\u00e3o impedir\u00e3o outros de faz\u00ea-lo.<\/p>\t\t\t\t\t\t<\/div>\n\t\t\t\t<\/div>\n\t\t\t\t<\/div>\n\t\t\t\t\t<\/div>\n\t\t\t\t<\/div>\n\t\t<div class=\"elementor-element elementor-element-470063e3 e-flex e-con-boxed e-con e-parent\" data-id=\"470063e3\" data-element_type=\"container\" data-settings=\"{&quot;jet_parallax_layout_list&quot;:[]}\">\n\t\t\t\t\t<div class=\"e-con-inner\">\n\t\t<div class=\"elementor-element elementor-element-1b8035a7 e-flex e-con-boxed e-con e-child\" data-id=\"1b8035a7\" data-element_type=\"container\" data-settings=\"{&quot;jet_parallax_layout_list&quot;:[]}\">\n\t\t\t\t\t<div class=\"e-con-inner\">\n\t\t\t\t<div class=\"elementor-element elementor-element-1a76c86e elementor-widget elementor-widget-heading\" data-id=\"1a76c86e\" data-element_type=\"widget\" data-widget_type=\"heading.default\">\n\t\t\t\t<div class=\"elementor-widget-container\">\n\t\t\t<h2 class=\"elementor-heading-title elementor-size-default\">Interessado em se tornar um membro. Preencha o formul\u00e1rio abaixo e <\/h2>\t\t<\/div>\n\t\t\t\t<\/div>\n\t\t\t\t<div class=\"elementor-element elementor-element-50115b0f elementor-widget elementor-widget-jet-button\" data-id=\"50115b0f\" data-element_type=\"widget\" data-widget_type=\"jet-button.default\">\n\t\t\t\t<div class=\"elementor-widget-container\">\n\t\t\t<div class=\"elementor-jet-button jet-elements\"><div class=\"jet-button__container\">\n\t<a class=\"jet-button__instance jet-button__instance--icon-left hover-effect-0\" href=\"https:\/\/avta-africa.org\/pt\/become-a-member\/\">\n\t\t<div class=\"jet-button__plane jet-button__plane-normal\"><\/div>\n\t\t<div class=\"jet-button__plane jet-button__plane-hover\"><\/div>\n\t\t<div class=\"jet-button__state jet-button__state-normal\">\n\t\t\t<span class=\"jet-button__label\">Registrar agora<\/span>\t\t<\/div>\n\t\t<div class=\"jet-button__state jet-button__state-hover\">\n\t\t\t<span class=\"jet-button__label\">Registrar agora<\/span>\t\t<\/div>\n\t<\/a>\n<\/div>\n<\/div>\t\t<\/div>\n\t\t\t\t<\/div>\n\t\t\t\t\t<\/div>\n\t\t\t\t<\/div>\n\t\t\t\t\t<\/div>\n\t\t\t\t<\/div>\n\t\t\t\t<\/div>","protected":false},"excerpt":{"rendered":"<p>Principal Members Membership is open to National Veterinary Technician Associations of countries recognized by the African Union and other collaborating countries through regional economic blocks, provided that such associations are private organizations funded mainly by private subscription of its members and partnerships. Individual members are represented through their associations. Non-AU Veterinary Technicians Association members must [&hellip;]<\/p>","protected":false},"author":1,"featured_media":0,"parent":0,"menu_order":0,"comment_status":"closed","ping_status":"closed","template":"","meta":{"footnotes":""},"_links":{"self":[{"href":"https:\/\/avta-africa.org\/pt\/wp-json\/wp\/v2\/pages\/440"}],"collection":[{"href":"https:\/\/avta-africa.org\/pt\/wp-json\/wp\/v2\/pages"}],"about":[{"href":"https:\/\/avta-africa.org\/pt\/wp-json\/wp\/v2\/types\/page"}],"author":[{"embeddable":true,"href":"https:\/\/avta-africa.org\/pt\/wp-json\/wp\/v2\/users\/1"}],"replies":[{"embeddable":true,"href":"https:\/\/avta-africa.org\/pt\/wp-json\/wp\/v2\/comments?post=440"}],"version-history":[{"count":82,"href":"https:\/\/avta-africa.org\/pt\/wp-json\/wp\/v2\/pages\/440\/revisions"}],"predecessor-version":[{"id":1478,"href":"https:\/\/avta-africa.org\/pt\/wp-json\/wp\/v2\/pages\/440\/revisions\/1478"}],"wp:attachment":[{"href":"https:\/\/avta-africa.org\/pt\/wp-json\/wp\/v2\/media?parent=440"}],"curies":[{"name":"wp","href":"https:\/\/api.w.org\/{rel}","templated":true}]}}