{"id":842,"date":"2024-03-18T11:08:55","date_gmt":"2024-03-18T11:08:55","guid":{"rendered":"https:\/\/skillcollage.co.ke\/avta\/?page_id=842"},"modified":"2024-03-21T14:43:36","modified_gmt":"2024-03-21T14:43:36","slug":"media-gallery","status":"publish","type":"page","link":"https:\/\/avta-africa.org\/pt\/media-gallery\/","title":{"rendered":"Galeria de m\u00eddia"},"content":{"rendered":"<div data-elementor-type=\"wp-page\" data-elementor-id=\"842\" class=\"elementor elementor-842\" data-elementor-post-type=\"page\">\n\t\t\t\t<div class=\"elementor-element elementor-element-56eeee64 e-flex e-con-boxed e-con e-parent\" data-id=\"56eeee64\" data-element_type=\"container\" data-settings=\"{&quot;background_background&quot;:&quot;classic&quot;,&quot;jet_parallax_layout_list&quot;:[]}\">\n\t\t\t\t\t<div class=\"e-con-inner\">\n\t\t\t\t\t<\/div>\n\t\t\t\t<\/div>\n\t\t<div class=\"elementor-element elementor-element-7441277 e-flex e-con-boxed e-con e-parent\" data-id=\"7441277\" data-element_type=\"container\" data-settings=\"{&quot;jet_parallax_layout_list&quot;:[]}\">\n\t\t\t\t\t<div class=\"e-con-inner\">\n\t\t\t\t<div class=\"elementor-element elementor-element-c4ab553 elementor-widget elementor-widget-jet-listing-grid\" data-id=\"c4ab553\" data-element_type=\"widget\" data-settings=\"{&quot;columns&quot;:&quot;3&quot;,&quot;columns_tablet&quot;:&quot;2&quot;}\" data-widget_type=\"jet-listing-grid.default\">\n\t\t\t\t<div class=\"elementor-widget-container\">\n\t\t\t<div class=\"jet-listing-grid jet-listing\"><div class=\"jet-listing-grid__items grid-col-desk-3 grid-col-tablet-2 grid-col-mobile-2 jet-listing-grid--832\" data-queried-id=\"842|WP_Post\" data-nav=\"{&quot;enabled&quot;:false,&quot;type&quot;:null,&quot;more_el&quot;:null,&quot;query&quot;:[],&quot;widget_settings&quot;:{&quot;lisitng_id&quot;:832,&quot;posts_num&quot;:6,&quot;columns&quot;:3,&quot;columns_tablet&quot;:2,&quot;columns_mobile&quot;:2,&quot;is_archive_template&quot;:&quot;&quot;,&quot;post_status&quot;:[&quot;publish&quot;],&quot;use_random_posts_num&quot;:&quot;&quot;,&quot;max_posts_num&quot;:9,&quot;not_found_message&quot;:&quot;No data was found&quot;,&quot;is_masonry&quot;:false,&quot;equal_columns_height&quot;:&quot;&quot;,&quot;use_load_more&quot;:&quot;&quot;,&quot;load_more_id&quot;:&quot;&quot;,&quot;load_more_type&quot;:&quot;click&quot;,&quot;load_more_offset&quot;:{&quot;unit&quot;:&quot;px&quot;,&quot;size&quot;:0,&quot;sizes&quot;:[]},&quot;use_custom_post_types&quot;:&quot;&quot;,&quot;custom_post_types&quot;:[],&quot;hide_widget_if&quot;:&quot;&quot;,&quot;carousel_enabled&quot;:&quot;&quot;,&quot;slides_to_scroll&quot;:&quot;1&quot;,&quot;arrows&quot;:&quot;true&quot;,&quot;arrow_icon&quot;:&quot;fa fa-angle-left&quot;,&quot;dots&quot;:&quot;&quot;,&quot;autoplay&quot;:&quot;true&quot;,&quot;pause_on_hover&quot;:&quot;true&quot;,&quot;autoplay_speed&quot;:5000,&quot;infinite&quot;:&quot;true&quot;,&quot;center_mode&quot;:&quot;&quot;,&quot;effect&quot;:&quot;slide&quot;,&quot;speed&quot;:500,&quot;inject_alternative_items&quot;:&quot;&quot;,&quot;injection_items&quot;:[],&quot;scroll_slider_enabled&quot;:&quot;&quot;,&quot;scroll_slider_on&quot;:[&quot;desktop&quot;,&quot;tablet&quot;,&quot;mobile&quot;],&quot;custom_query&quot;:false,&quot;custom_query_id&quot;:&quot;&quot;,&quot;_element_id&quot;:&quot;&quot;}}\" data-page=\"1\" data-pages=\"1\" data-listing-source=\"posts\" data-listing-id=\"832\" data-query-id=\"\"><div class=\"jet-listing-grid__item jet-listing-dynamic-post-892\" data-post-id=\"892\" >\t\t<div data-elementor-type=\"jet-listing-items\" data-elementor-id=\"832\" class=\"elementor elementor-832\" data-elementor-post-type=\"jet-engine\">\n\t\t\t\t<div class=\"elementor-element elementor-element-e6fde1d e-flex e-con-boxed e-con e-parent\" data-id=\"e6fde1d\" data-element_type=\"container\" data-settings=\"{&quot;jet_parallax_layout_list&quot;:[]}\">\n\t\t\t\t\t<div class=\"e-con-inner\">\n\t\t<div class=\"elementor-element elementor-element-14d178e e-flex e-con-boxed e-con e-child\" data-id=\"14d178e\" data-element_type=\"container\" data-settings=\"{&quot;jet_parallax_layout_list&quot;:[]}\">\n\t\t\t\t\t<div class=\"e-con-inner\">\n\t\t\t\t<div class=\"elementor-element elementor-element-3977488 elementor-widget elementor-widget-jet-listing-dynamic-image\" data-id=\"3977488\" data-element_type=\"widget\" data-widget_type=\"jet-listing-dynamic-image.default\">\n\t\t\t\t<div class=\"elementor-widget-container\">\n\t\t\t<div class=\"jet-listing jet-listing-dynamic-image\"><a href=\"https:\/\/avta-africa.org\/pt\/avta-media-gallery-\/zambia-vpp-association-launch-2023\/\" class=\"jet-listing-dynamic-image__link\"><img fetchpriority=\"high\" decoding=\"async\" width=\"450\" height=\"450\" src=\"https:\/\/avta-africa.org\/wp-content\/uploads\/elementor\/thumbs\/IMG-20231130-WA0045-qle5mzyhopet654fjij3vh1kg969kzcqa3cu0c75zo.jpg\" class=\"jet-listing-dynamic-image__img attachment-450x450x1x1 size-450x450x1x1 wp-post-image\" alt=\"IMG-20231130-WA0045\" loading=\"eager\" \/><\/a><\/div>\t\t<\/div>\n\t\t\t\t<\/div>\n\t\t\t\t\t<\/div>\n\t\t\t\t<\/div>\n\t\t\t\t<div class=\"elementor-element elementor-element-e9151e1 elementor-widget elementor-widget-jet-listing-dynamic-field\" data-id=\"e9151e1\" data-element_type=\"widget\" data-widget_type=\"jet-listing-dynamic-field.default\">\n\t\t\t\t<div class=\"elementor-widget-container\">\n\t\t\t<div class=\"jet-listing jet-listing-dynamic-field display-inline\"><div class=\"jet-listing-dynamic-field__inline-wrap\"><div class=\"jet-listing-dynamic-field__content\">Lan\u00e7amento da Associa\u00e7\u00e3o VPP da Z\u00e2mbia - Z\u00e2mbia<\/div><\/div><\/div>\t\t<\/div>\n\t\t\t\t<\/div>\n\t\t\t\t\t<\/div>\n\t\t\t\t<\/div>\n\t\t\t\t<\/div>\n\t\t<\/div><div class=\"jet-listing-grid__item jet-listing-dynamic-post-890\" data-post-id=\"890\" >\t\t<div data-elementor-type=\"jet-listing-items\" data-elementor-id=\"832\" class=\"elementor elementor-832\" data-elementor-post-type=\"jet-engine\">\n\t\t\t\t<div class=\"elementor-element elementor-element-e6fde1d e-flex e-con-boxed e-con e-parent\" data-id=\"e6fde1d\" data-element_type=\"container\" data-settings=\"{&quot;jet_parallax_layout_list&quot;:[]}\">\n\t\t\t\t\t<div class=\"e-con-inner\">\n\t\t<div class=\"elementor-element elementor-element-14d178e e-flex e-con-boxed e-con e-child\" data-id=\"14d178e\" data-element_type=\"container\" data-settings=\"{&quot;jet_parallax_layout_list&quot;:[]}\">\n\t\t\t\t\t<div class=\"e-con-inner\">\n\t\t\t\t<div class=\"elementor-element elementor-element-3977488 elementor-widget elementor-widget-jet-listing-dynamic-image\" data-id=\"3977488\" data-element_type=\"widget\" data-widget_type=\"jet-listing-dynamic-image.default\">\n\t\t\t\t<div class=\"elementor-widget-container\">\n\t\t\t<div class=\"jet-listing jet-listing-dynamic-image\"><a href=\"https:\/\/avta-africa.org\/pt\/avta-media-gallery-\/vpp-naivasha-meeting-feb-2024\/\" class=\"jet-listing-dynamic-image__link\"><img decoding=\"async\" width=\"450\" height=\"450\" src=\"https:\/\/avta-africa.org\/wp-content\/uploads\/elementor\/thumbs\/20240208_122549-scaled-ql36k1wend9qjuquk2g7j31acq9j648rt1o20ypb10.jpg\" class=\"jet-listing-dynamic-image__img attachment-450x450x1x1 size-450x450x1x1 wp-post-image\" alt=\"20240208_122549\" loading=\"eager\" \/><\/a><\/div>\t\t<\/div>\n\t\t\t\t<\/div>\n\t\t\t\t\t<\/div>\n\t\t\t\t<\/div>\n\t\t\t\t<div class=\"elementor-element elementor-element-e9151e1 elementor-widget elementor-widget-jet-listing-dynamic-field\" data-id=\"e9151e1\" data-element_type=\"widget\" data-widget_type=\"jet-listing-dynamic-field.default\">\n\t\t\t\t<div class=\"elementor-widget-container\">\n\t\t\t<div class=\"jet-listing jet-listing-dynamic-field display-inline\"><div class=\"jet-listing-dynamic-field__inline-wrap\"><div class=\"jet-listing-dynamic-field__content\">Workshop VPP Naivasha \u2013 Qu\u00eania<\/div><\/div><\/div>\t\t<\/div>\n\t\t\t\t<\/div>\n\t\t\t\t\t<\/div>\n\t\t\t\t<\/div>\n\t\t\t\t<\/div>\n\t\t<\/div><div class=\"jet-listing-grid__item jet-listing-dynamic-post-882\" data-post-id=\"882\" >\t\t<div data-elementor-type=\"jet-listing-items\" data-elementor-id=\"832\" class=\"elementor elementor-832\" data-elementor-post-type=\"jet-engine\">\n\t\t\t\t<div class=\"elementor-element elementor-element-e6fde1d e-flex e-con-boxed e-con e-parent\" data-id=\"e6fde1d\" data-element_type=\"container\" data-settings=\"{&quot;jet_parallax_layout_list&quot;:[]}\">\n\t\t\t\t\t<div class=\"e-con-inner\">\n\t\t<div class=\"elementor-element elementor-element-14d178e e-flex e-con-boxed e-con e-child\" data-id=\"14d178e\" data-element_type=\"container\" data-settings=\"{&quot;jet_parallax_layout_list&quot;:[]}\">\n\t\t\t\t\t<div class=\"e-con-inner\">\n\t\t\t\t<div class=\"elementor-element elementor-element-3977488 elementor-widget elementor-widget-jet-listing-dynamic-image\" data-id=\"3977488\" data-element_type=\"widget\" data-widget_type=\"jet-listing-dynamic-image.default\">\n\t\t\t\t<div class=\"elementor-widget-container\">\n\t\t\t<div class=\"jet-listing jet-listing-dynamic-image\"><a href=\"https:\/\/avta-africa.org\/pt\/avta-media-gallery-\/multi-agency-stakeholders-workshop-uganda\/\" class=\"jet-listing-dynamic-image__link\"><img decoding=\"async\" width=\"450\" height=\"450\" src=\"https:\/\/avta-africa.org\/wp-content\/uploads\/elementor\/thumbs\/IMG-20230531-WA0014-qle5jxzdh389frk6dozr9qsmy68bke84uz10uyq87o.jpg\" class=\"jet-listing-dynamic-image__img attachment-450x450x1x1 size-450x450x1x1 wp-post-image\" alt=\"IMG-20230531-WA0014\" loading=\"eager\" \/><\/a><\/div>\t\t<\/div>\n\t\t\t\t<\/div>\n\t\t\t\t\t<\/div>\n\t\t\t\t<\/div>\n\t\t\t\t<div class=\"elementor-element elementor-element-e9151e1 elementor-widget elementor-widget-jet-listing-dynamic-field\" data-id=\"e9151e1\" data-element_type=\"widget\" data-widget_type=\"jet-listing-dynamic-field.default\">\n\t\t\t\t<div class=\"elementor-widget-container\">\n\t\t\t<div class=\"jet-listing jet-listing-dynamic-field display-inline\"><div class=\"jet-listing-dynamic-field__inline-wrap\"><div class=\"jet-listing-dynamic-field__content\">Workshop Multiag\u00eancias com Partes Interessadas - Uganda<\/div><\/div><\/div>\t\t<\/div>\n\t\t\t\t<\/div>\n\t\t\t\t\t<\/div>\n\t\t\t\t<\/div>\n\t\t\t\t<\/div>\n\t\t<\/div><div class=\"jet-listing-grid__item jet-listing-dynamic-post-876\" data-post-id=\"876\" >\t\t<div data-elementor-type=\"jet-listing-items\" data-elementor-id=\"832\" class=\"elementor elementor-832\" data-elementor-post-type=\"jet-engine\">\n\t\t\t\t<div class=\"elementor-element elementor-element-e6fde1d e-flex e-con-boxed e-con e-parent\" data-id=\"e6fde1d\" data-element_type=\"container\" data-settings=\"{&quot;jet_parallax_layout_list&quot;:[]}\">\n\t\t\t\t\t<div class=\"e-con-inner\">\n\t\t<div class=\"elementor-element elementor-element-14d178e e-flex e-con-boxed e-con e-child\" data-id=\"14d178e\" data-element_type=\"container\" data-settings=\"{&quot;jet_parallax_layout_list&quot;:[]}\">\n\t\t\t\t\t<div class=\"e-con-inner\">\n\t\t\t\t<div class=\"elementor-element elementor-element-3977488 elementor-widget elementor-widget-jet-listing-dynamic-image\" data-id=\"3977488\" data-element_type=\"widget\" data-widget_type=\"jet-listing-dynamic-image.default\">\n\t\t\t\t<div class=\"elementor-widget-container\">\n\t\t\t<div class=\"jet-listing jet-listing-dynamic-image\"><a href=\"https:\/\/avta-africa.org\/pt\/avta-media-gallery-\/saavp-conference-south-africa\/\" class=\"jet-listing-dynamic-image__link\"><img decoding=\"async\" width=\"450\" height=\"450\" src=\"https:\/\/avta-africa.org\/wp-content\/uploads\/elementor\/thumbs\/IMG-20240126-WA0043-qle5h885qbifwbi68iqk2fgp63m5bvg1tj6iy6r66s.jpg\" class=\"jet-listing-dynamic-image__img attachment-450x450x1x1 size-450x450x1x1 wp-post-image\" alt=\"IMG-20240126-WA0043\" loading=\"eager\" \/><\/a><\/div>\t\t<\/div>\n\t\t\t\t<\/div>\n\t\t\t\t\t<\/div>\n\t\t\t\t<\/div>\n\t\t\t\t<div class=\"elementor-element elementor-element-e9151e1 elementor-widget elementor-widget-jet-listing-dynamic-field\" data-id=\"e9151e1\" data-element_type=\"widget\" data-widget_type=\"jet-listing-dynamic-field.default\">\n\t\t\t\t<div class=\"elementor-widget-container\">\n\t\t\t<div class=\"jet-listing jet-listing-dynamic-field display-inline\"><div class=\"jet-listing-dynamic-field__inline-wrap\"><div class=\"jet-listing-dynamic-field__content\">Confer\u00eancia SAAVP - \u00c1frica do Sul<\/div><\/div><\/div>\t\t<\/div>\n\t\t\t\t<\/div>\n\t\t\t\t\t<\/div>\n\t\t\t\t<\/div>\n\t\t\t\t<\/div>\n\t\t<\/div><div class=\"jet-listing-grid__item jet-listing-dynamic-post-834\" data-post-id=\"834\" >\t\t<div data-elementor-type=\"jet-listing-items\" data-elementor-id=\"832\" class=\"elementor elementor-832\" data-elementor-post-type=\"jet-engine\">\n\t\t\t\t<div class=\"elementor-element elementor-element-e6fde1d e-flex e-con-boxed e-con e-parent\" data-id=\"e6fde1d\" data-element_type=\"container\" data-settings=\"{&quot;jet_parallax_layout_list&quot;:[]}\">\n\t\t\t\t\t<div class=\"e-con-inner\">\n\t\t<div class=\"elementor-element elementor-element-14d178e e-flex e-con-boxed e-con e-child\" data-id=\"14d178e\" data-element_type=\"container\" data-settings=\"{&quot;jet_parallax_layout_list&quot;:[]}\">\n\t\t\t\t\t<div class=\"e-con-inner\">\n\t\t\t\t<div class=\"elementor-element elementor-element-3977488 elementor-widget elementor-widget-jet-listing-dynamic-image\" data-id=\"3977488\" data-element_type=\"widget\" data-widget_type=\"jet-listing-dynamic-image.default\">\n\t\t\t\t<div class=\"elementor-widget-container\">\n\t\t\t<div class=\"jet-listing jet-listing-dynamic-image\"><a href=\"https:\/\/avta-africa.org\/pt\/avta-media-gallery-\/kampanong-douth-africa-fao-workshop\/\" class=\"jet-listing-dynamic-image__link\"><img decoding=\"async\" width=\"450\" height=\"450\" src=\"https:\/\/avta-africa.org\/wp-content\/uploads\/elementor\/thumbs\/FB_IMG_1710166460457-qle1rb5y126rsc1184t2bq1ictojoasrqp54hzbeok.jpg\" class=\"jet-listing-dynamic-image__img attachment-450x450x1x1 size-450x450x1x1 wp-post-image\" alt=\"FB_IMG_1710166460457\" loading=\"eager\" \/><\/a><\/div>\t\t<\/div>\n\t\t\t\t<\/div>\n\t\t\t\t\t<\/div>\n\t\t\t\t<\/div>\n\t\t\t\t<div class=\"elementor-element elementor-element-e9151e1 elementor-widget elementor-widget-jet-listing-dynamic-field\" data-id=\"e9151e1\" data-element_type=\"widget\" data-widget_type=\"jet-listing-dynamic-field.default\">\n\t\t\t\t<div class=\"elementor-widget-container\">\n\t\t\t<div class=\"jet-listing jet-listing-dynamic-field display-inline\"><div class=\"jet-listing-dynamic-field__inline-wrap\"><div class=\"jet-listing-dynamic-field__content\">Confer\u00eancia Kapanong -\u00c1frica do Sul<\/div><\/div><\/div>\t\t<\/div>\n\t\t\t\t<\/div>\n\t\t\t\t\t<\/div>\n\t\t\t\t<\/div>\n\t\t\t\t<\/div>\n\t\t<\/div><\/div><\/div>\t\t<\/div>\n\t\t\t\t<\/div>\n\t\t\t\t\t<\/div>\n\t\t\t\t<\/div>\n\t\t\t\t<\/div>","protected":false},"excerpt":{"rendered":"<p>Zambia VPP Association Launch 2023 VPP Naivasha Meeting Feb 2024 Uganda Stakeholder Workshop 2023 SAAVP Conference South Africa Kampanong Douth Africa Fao Workshop<\/p>","protected":false},"author":1,"featured_media":0,"parent":0,"menu_order":0,"comment_status":"closed","ping_status":"closed","template":"","meta":{"footnotes":""},"_links":{"self":[{"href":"https:\/\/avta-africa.org\/pt\/wp-json\/wp\/v2\/pages\/842"}],"collection":[{"href":"https:\/\/avta-africa.org\/pt\/wp-json\/wp\/v2\/pages"}],"about":[{"href":"https:\/\/avta-africa.org\/pt\/wp-json\/wp\/v2\/types\/page"}],"author":[{"embeddable":true,"href":"https:\/\/avta-africa.org\/pt\/wp-json\/wp\/v2\/users\/1"}],"replies":[{"embeddable":true,"href":"https:\/\/avta-africa.org\/pt\/wp-json\/wp\/v2\/comments?post=842"}],"version-history":[{"count":19,"href":"https:\/\/avta-africa.org\/pt\/wp-json\/wp\/v2\/pages\/842\/revisions"}],"predecessor-version":[{"id":1080,"href":"https:\/\/avta-africa.org\/pt\/wp-json\/wp\/v2\/pages\/842\/revisions\/1080"}],"wp:attachment":[{"href":"https:\/\/avta-africa.org\/pt\/wp-json\/wp\/v2\/media?parent=842"}],"curies":[{"name":"wp","href":"https:\/\/api.w.org\/{rel}","templated":true}]}}